{"id":18941,"date":"2021-05-08T19:29:31","date_gmt":"2021-05-08T23:29:31","guid":{"rendered":"https:\/\/www.lirapopular.cl\/lirapopularxix\/?page_id=18941"},"modified":"2021-05-08T19:29:31","modified_gmt":"2021-05-08T23:29:31","slug":"la-muger-que-mato-a-su-amiga","status":"publish","type":"page","link":"https:\/\/www.lirapopular.cl\/lirapopularxix\/la-muger-que-mato-a-su-amiga\/","title":{"rendered":"La mujer que mat\u00f3 a su amiga"},"content":{"rendered":"\n<div class=\"wp-block-image\"><figure class=\"alignright size-medium\"><a href=\"http:\/\/https:\/\/www.lirapopular.cl\/lirapopularxix\/wp-content\/uploads\/2021\/05\/803-1.jpg\"><img decoding=\"async\" src=\"http:\/\/https:\/\/www.lirapopular.cl\/lirapopularxix\/wp-content\/uploads\/2021\/05\/803-1-300x225.jpg\" alt=\"\" class=\"wp-image-18942\"\/><\/a><figcaption>Colecci\u00f3n Lira Popular de la<br \/>Universidad de Chile<\/figcaption><\/figure><\/div>\n\n\n\n<p>Autor: R\u00f3lac.<br \/>Impresor: Sin informaci\u00f3n<br \/>Tama\u00f1o: 28 x 37,2 cm<br \/>Clasificaci\u00f3n: 803 R774m Caja N\u00b07a, 811 R774m Caja N\u00b07a<\/p>\n\n\n\n<ul class=\"wp-block-list\"><li><a href=\"https:\/\/www.lirapopular.cl\/lirapopularxix\/2021\/05\/09\/la-muger-que-mato-a-su-amiga\/\">La mujer que mat\u00f3 a su amiga<\/a><\/li><li><a href=\"https:\/\/www.lirapopular.cl\/lirapopularxix\/2021\/05\/09\/el-padre-violador-de-su-hija\/\">El padre violador de su hija<\/a><\/li><li><a href=\"https:\/\/www.lirapopular.cl\/lirapopularxix\/2021\/05\/09\/consejos-de-falcato\/\">Consejos de Falcato<\/a><\/li><li><a href=\"https:\/\/www.lirapopular.cl\/lirapopularxix\/2021\/05\/09\/cantares-16\/\">Cantares<\/a><\/li><li><a href=\"https:\/\/www.lirapopular.cl\/lirapopularxix\/2021\/05\/09\/contra-punto-de-amor-2\/\">Contrapunto de amor<\/a><\/li><\/ul>\n\n\n\n<p>Nota: El 1er ejemplar tiene escrito a mano con l\u00e1piz rojo \u201c803\u201d y manuscrito: t\u00edtulo tachado y reemplazado: &#8220;La chusquisa que mat\u00f3 a la amiga&#8221;. t\u00edtulo corregido: &#8220;El padre que viol\u00f3 a su hija&#8221; y texto: &#8220;del arjentino Hernandez&#8221;.<br \/>El 2\u00ba ejemplar tiene escrito a mano con l\u00e1piz rojo \u201c811\u201d y manuscrito: &#8220;del arjentino H.&#8221;.<br \/>Documentos optimizados digitalmente.<\/p>\n","protected":false},"excerpt":{"rendered":"<p>Autor: R\u00f3lac.Impresor: Sin informaci\u00f3nTama\u00f1o: 28 x 37,2 cmClasificaci\u00f3n: 803 R774m Caja N\u00b07a, 811 R774m Caja N\u00b07a La mujer que mat\u00f3 a su amiga El padre violador de su hija Consejos de Falcato Cantares Contrapunto de amor Nota: El 1er ejemplar tiene escrito a mano con l\u00e1piz rojo \u201c803\u201d y manuscrito: t\u00edtulo tachado y reemplazado: &#8220;La [&hellip;]<\/p>\n","protected":false},"author":1,"featured_media":0,"parent":0,"menu_order":0,"comment_status":"closed","ping_status":"closed","template":"","meta":{"footnotes":""},"class_list":["post-18941","page","type-page","status-publish","hentry"],"jetpack_sharing_enabled":true,"_links":{"self":[{"href":"https:\/\/www.lirapopular.cl\/lirapopularxix\/wp-json\/wp\/v2\/pages\/18941","targetHints":{"allow":["GET"]}}],"collection":[{"href":"https:\/\/www.lirapopular.cl\/lirapopularxix\/wp-json\/wp\/v2\/pages"}],"about":[{"href":"https:\/\/www.lirapopular.cl\/lirapopularxix\/wp-json\/wp\/v2\/types\/page"}],"author":[{"embeddable":true,"href":"https:\/\/www.lirapopular.cl\/lirapopularxix\/wp-json\/wp\/v2\/users\/1"}],"replies":[{"embeddable":true,"href":"https:\/\/www.lirapopular.cl\/lirapopularxix\/wp-json\/wp\/v2\/comments?post=18941"}],"version-history":[{"count":0,"href":"https:\/\/www.lirapopular.cl\/lirapopularxix\/wp-json\/wp\/v2\/pages\/18941\/revisions"}],"wp:attachment":[{"href":"https:\/\/www.lirapopular.cl\/lirapopularxix\/wp-json\/wp\/v2\/media?parent=18941"}],"curies":[{"name":"wp","href":"https:\/\/api.w.org\/{rel}","templated":true}]}}