{"id":18920,"date":"2021-05-07T21:13:18","date_gmt":"2021-05-08T01:13:18","guid":{"rendered":"https:\/\/www.lirapopular.cl\/lirapopularxix\/?page_id=18920"},"modified":"2021-05-07T21:13:18","modified_gmt":"2021-05-08T01:13:18","slug":"el-drama-de-chillan","status":"publish","type":"page","link":"https:\/\/www.lirapopular.cl\/lirapopularxix\/el-drama-de-chillan\/","title":{"rendered":"EL DRAMA DE CHILLAN <br>SANGRIENTO CRIMEN <br>EL SE\u00d1OR ZA\u00d1ARTU MATA A SU AMIGO <br>EL SE\u00d1OR QUINTANA <br>IMPORTANTES DETALLES"},"content":{"rendered":"\n<div class=\"wp-block-image\"><figure class=\"alignright size-medium\"><a href=\"http:\/\/https:\/\/www.lirapopular.cl\/lirapopularxix\/wp-content\/uploads\/2021\/05\/801-1.jpg\"><img decoding=\"async\" src=\"http:\/\/https:\/\/www.lirapopular.cl\/lirapopularxix\/wp-content\/uploads\/2021\/05\/801-1-300x225.jpg\" alt=\"\" class=\"wp-image-18923\"\/><\/a><figcaption>Colecci\u00f3n Lira Popular de la<br \/>Universidad de Chile<\/figcaption><\/figure><\/div>\n\n\n\n<p>Autor: R\u00f3lak.<br \/>Impresor: Sin informaci\u00f3n<br \/>Tama\u00f1o: 28 x 37,2 cm<br \/>Clasificaci\u00f3n: 801 R774d Caja N\u00b07a<\/p>\n\n\n\n<ul class=\"wp-block-list\"><li><a href=\"https:\/\/www.lirapopular.cl\/lirapopularxix\/2021\/05\/08\/el-drama-de-chillan\/\">El drama de Chill\u00e1n. Sangriento crimen, el se\u00f1or Za\u00f1artu mata a su amigo el se\u00f1or Quintana. Importantes detalles <\/a><\/li><li><a href=\"https:\/\/www.lirapopular.cl\/lirapopularxix\/2021\/05\/08\/el-puente-de-fierro\/\">El puente de fierro<\/a><\/li><li><a href=\"https:\/\/www.lirapopular.cl\/lirapopularxix\/2021\/05\/08\/esclavos-chilenos-en-bolivia\/\">Esclavos chilenos en Bolivia.<\/a><\/li><\/ul>\n\n\n\n<p>Nota: Este ejemplar tiene escrito a mano con l\u00e1piz rojo \u201c801\u201d.<br \/>Documento optimizado digitalmente.<\/p>\n","protected":false},"excerpt":{"rendered":"<p>Autor: R\u00f3lak.Impresor: Sin informaci\u00f3nTama\u00f1o: 28 x 37,2 cmClasificaci\u00f3n: 801 R774d Caja N\u00b07a El drama de Chill\u00e1n. Sangriento crimen, el se\u00f1or Za\u00f1artu mata a su amigo el se\u00f1or Quintana. Importantes detalles El puente de fierro Esclavos chilenos en Bolivia. Nota: Este ejemplar tiene escrito a mano con l\u00e1piz rojo \u201c801\u201d.Documento optimizado digitalmente.<\/p>\n","protected":false},"author":1,"featured_media":0,"parent":0,"menu_order":0,"comment_status":"closed","ping_status":"closed","template":"","meta":{"footnotes":""},"class_list":["post-18920","page","type-page","status-publish","hentry"],"jetpack_sharing_enabled":true,"_links":{"self":[{"href":"https:\/\/www.lirapopular.cl\/lirapopularxix\/wp-json\/wp\/v2\/pages\/18920","targetHints":{"allow":["GET"]}}],"collection":[{"href":"https:\/\/www.lirapopular.cl\/lirapopularxix\/wp-json\/wp\/v2\/pages"}],"about":[{"href":"https:\/\/www.lirapopular.cl\/lirapopularxix\/wp-json\/wp\/v2\/types\/page"}],"author":[{"embeddable":true,"href":"https:\/\/www.lirapopular.cl\/lirapopularxix\/wp-json\/wp\/v2\/users\/1"}],"replies":[{"embeddable":true,"href":"https:\/\/www.lirapopular.cl\/lirapopularxix\/wp-json\/wp\/v2\/comments?post=18920"}],"version-history":[{"count":0,"href":"https:\/\/www.lirapopular.cl\/lirapopularxix\/wp-json\/wp\/v2\/pages\/18920\/revisions"}],"wp:attachment":[{"href":"https:\/\/www.lirapopular.cl\/lirapopularxix\/wp-json\/wp\/v2\/media?parent=18920"}],"curies":[{"name":"wp","href":"https:\/\/api.w.org\/{rel}","templated":true}]}}