{"id":18898,"date":"2021-04-30T18:19:52","date_gmt":"2021-04-30T22:19:52","guid":{"rendered":"https:\/\/www.lirapopular.cl\/lirapopularxix\/?page_id=18898"},"modified":"2021-04-30T18:19:52","modified_gmt":"2021-04-30T22:19:52","slug":"la-jura-de-la-independencia","status":"publish","type":"page","link":"https:\/\/www.lirapopular.cl\/lirapopularxix\/la-jura-de-la-independencia\/","title":{"rendered":"LA JURA <BR>DE LA INDEPENDENCIA"},"content":{"rendered":"\n<div class=\"wp-block-image\"><figure class=\"alignright size-medium\"><a href=\"http:\/\/https:\/\/www.lirapopular.cl\/lirapopularxix\/wp-content\/uploads\/2021\/04\/800-1.jpg\"><img decoding=\"async\" src=\"http:\/\/https:\/\/www.lirapopular.cl\/lirapopularxix\/wp-content\/uploads\/2021\/04\/800-1-300x219.jpg\" alt=\"\" class=\"wp-image-18901\"\/><\/a><figcaption>Colecci\u00f3n Lira Popular de la<br \/>Universidad de Chile<\/figcaption><\/figure><\/div>\n\n\n\n<p>Autor: R\u00f3lak.<br \/>Impresor: Sin informaci\u00f3n<br \/>Tama\u00f1o: 27,2 x 37,2 cm<br \/>Clasificaci\u00f3n: 800 R774j Caja N\u00b07a<\/p>\n\n\n\n<ul class=\"wp-block-list\"><li><a href=\"https:\/\/www.lirapopular.cl\/lirapopularxix\/2021\/05\/07\/la-jurade-la-independencia\/\">La jura de la Independencia<\/a><\/li><li><a href=\"https:\/\/www.lirapopular.cl\/lirapopularxix\/2021\/05\/07\/la-esplosionen-el-vapor-ayacucho\/\">La explosi\u00f3n en el vapor Ayacucho<\/a><\/li><li><a href=\"https:\/\/www.lirapopular.cl\/lirapopularxix\/2021\/05\/07\/choque-de-trenesmuertos-i-heridos\/\">Choques de trenes, muertos y heridos<\/a><\/li><li><a href=\"https:\/\/www.lirapopular.cl\/lirapopularxix\/2021\/05\/07\/caida-de-un-rayocincuenta-muertos\/\">Ca\u00edda de un rayo, cincuenta muertos<\/a><\/li><li><a href=\"https:\/\/www.lirapopular.cl\/lirapopularxix\/2021\/05\/07\/una-madre-asesinade-sus-seis-hijos-2\/\">Una madre asesina de sus seis hijos.<\/a><\/li><\/ul>\n\n\n\n<p>Nota: Este ejemplar tiene escrito a mano con l\u00e1piz rojo \u201c800\u201d.<br \/>Documento optimizado digitalmente.<\/p>\n","protected":false},"excerpt":{"rendered":"<p>Autor: R\u00f3lak.Impresor: Sin informaci\u00f3nTama\u00f1o: 27,2 x 37,2 cmClasificaci\u00f3n: 800 R774j Caja N\u00b07a La jura de la Independencia La explosi\u00f3n en el vapor Ayacucho Choques de trenes, muertos y heridos Ca\u00edda de un rayo, cincuenta muertos Una madre asesina de sus seis hijos. Nota: Este ejemplar tiene escrito a mano con l\u00e1piz rojo \u201c800\u201d.Documento optimizado digitalmente.<\/p>\n","protected":false},"author":1,"featured_media":0,"parent":0,"menu_order":0,"comment_status":"closed","ping_status":"closed","template":"","meta":{"footnotes":""},"class_list":["post-18898","page","type-page","status-publish","hentry"],"jetpack_sharing_enabled":true,"_links":{"self":[{"href":"https:\/\/www.lirapopular.cl\/lirapopularxix\/wp-json\/wp\/v2\/pages\/18898","targetHints":{"allow":["GET"]}}],"collection":[{"href":"https:\/\/www.lirapopular.cl\/lirapopularxix\/wp-json\/wp\/v2\/pages"}],"about":[{"href":"https:\/\/www.lirapopular.cl\/lirapopularxix\/wp-json\/wp\/v2\/types\/page"}],"author":[{"embeddable":true,"href":"https:\/\/www.lirapopular.cl\/lirapopularxix\/wp-json\/wp\/v2\/users\/1"}],"replies":[{"embeddable":true,"href":"https:\/\/www.lirapopular.cl\/lirapopularxix\/wp-json\/wp\/v2\/comments?post=18898"}],"version-history":[{"count":0,"href":"https:\/\/www.lirapopular.cl\/lirapopularxix\/wp-json\/wp\/v2\/pages\/18898\/revisions"}],"wp:attachment":[{"href":"https:\/\/www.lirapopular.cl\/lirapopularxix\/wp-json\/wp\/v2\/media?parent=18898"}],"curies":[{"name":"wp","href":"https:\/\/api.w.org\/{rel}","templated":true}]}}