{"id":18870,"date":"2021-04-29T21:14:49","date_gmt":"2021-04-30T01:14:49","guid":{"rendered":"https:\/\/www.lirapopular.cl\/lirapopularxix\/?page_id=18870"},"modified":"2021-04-29T21:14:49","modified_gmt":"2021-04-30T01:14:49","slug":"una-nina-violada-i-descuartizada","status":"publish","type":"page","link":"https:\/\/www.lirapopular.cl\/lirapopularxix\/una-nina-violada-i-descuartizada\/","title":{"rendered":"UNA NI\u00d1A VIOLADA <BR>I DESCUARTISADA EN TEMUCO"},"content":{"rendered":"\n<div class=\"wp-block-image\"><figure class=\"alignright size-medium\"><a href=\"http:\/\/https:\/\/www.lirapopular.cl\/lirapopularxix\/wp-content\/uploads\/2021\/04\/799-1.jpg\"><img decoding=\"async\" src=\"http:\/\/https:\/\/www.lirapopular.cl\/lirapopularxix\/wp-content\/uploads\/2021\/04\/799-1-300x222.jpg\" alt=\"\" class=\"wp-image-18871\"\/><\/a><figcaption>Colecci\u00f3n Lira Popular de la<br \/>Universidad de Chile<\/figcaption><\/figure><\/div>\n\n\n\n<p>Autor: R\u00f3lak.<br \/>Impresor: Sin informaci\u00f3n<br \/>Tama\u00f1o: 27,5 x 37 cm<br \/>Clasificaci\u00f3n: 799 R774u Caja N\u00b07a, 207 R774u Caja N\u00b02<\/p>\n\n\n\n<ul class=\"wp-block-list\"><li><a href=\"https:\/\/www.lirapopular.cl\/lirapopularxix\/2021\/04\/30\/una-nina-violadai-descuartisada-en-temuco\/\">Una ni\u00f1a violada y descuartizada en Temuco<\/a><\/li><li><a href=\"https:\/\/www.lirapopular.cl\/lirapopularxix\/2021\/04\/30\/asesinato-en-un-trenpor-un-nino-de-15-anos\/\">Asesinato en un tren por un ni\u00f1o de 15 a\u00f1os<\/a><\/li><li><a href=\"https:\/\/www.lirapopular.cl\/lirapopularxix\/2021\/04\/30\/remedio-para-no-morirse-2\/\">Remedio para no morirse<\/a><\/li><li><a href=\"https:\/\/www.lirapopular.cl\/lirapopularxix\/2021\/04\/30\/el-envenenamientode-un-boticario-2\/\">El envenenamiento de un boticario.<\/a><\/li><\/ul>\n\n\n\n<p>Nota: El 1er ejemplar tiene escrito a mano con l\u00e1piz rojo \u201c799\u201d.<br \/>El 2\u00ba ejemplar tiene escrito a mano con l\u00e1piz grafito \u201c198\/207\u201d.<br \/>La imagen fue usada en estos documentos <a href=\"https:\/\/www.lirapopular.cl\/lirapopularxix\/una-nina-degollada\/\">ver<\/a>, <a href=\"https:\/\/www.lirapopular.cl\/lirapopularxix\/asesinato-de-d-javier-concha\/\">ver<\/a>.<br \/>Documentos optimizados digitalmente.<\/p>\n\n\n\n<div class=\"wp-block-image\"><figure class=\"alignright size-medium\"><a href=\"https:\/\/www.lirapopular.cl\/lirapopularxix\/wp-content\/uploads\/2021\/07\/207.jpg\"><img loading=\"lazy\" decoding=\"async\" width=\"300\" height=\"231\" src=\"https:\/\/www.lirapopular.cl\/lirapopularxix\/wp-content\/uploads\/2021\/07\/207-300x231.jpg\" alt=\"\" class=\"wp-image-19978\" srcset=\"https:\/\/www.lirapopular.cl\/lirapopularxix\/wp-content\/uploads\/2021\/07\/207-300x231.jpg 300w, https:\/\/www.lirapopular.cl\/lirapopularxix\/wp-content\/uploads\/2021\/07\/207-768x591.jpg 768w, https:\/\/www.lirapopular.cl\/lirapopularxix\/wp-content\/uploads\/2021\/07\/207.jpg 1000w\" sizes=\"auto, (max-width: 300px) 100vw, 300px\" \/><\/a><figcaption>Colecci\u00f3n Lira Popular de la<br \/>Universidad de Chile<\/figcaption><\/figure><\/div>\n","protected":false},"excerpt":{"rendered":"<p>Autor: R\u00f3lak.Impresor: Sin informaci\u00f3nTama\u00f1o: 27,5 x 37 cmClasificaci\u00f3n: 799 R774u Caja N\u00b07a, 207 R774u Caja N\u00b02 Una ni\u00f1a violada y descuartizada en Temuco Asesinato en un tren por un ni\u00f1o de 15 a\u00f1os Remedio para no morirse El envenenamiento de un boticario. Nota: El 1er ejemplar tiene escrito a mano con l\u00e1piz rojo \u201c799\u201d.El 2\u00ba [&hellip;]<\/p>\n","protected":false},"author":1,"featured_media":0,"parent":0,"menu_order":0,"comment_status":"closed","ping_status":"closed","template":"","meta":{"footnotes":""},"class_list":["post-18870","page","type-page","status-publish","hentry"],"jetpack_sharing_enabled":true,"_links":{"self":[{"href":"https:\/\/www.lirapopular.cl\/lirapopularxix\/wp-json\/wp\/v2\/pages\/18870","targetHints":{"allow":["GET"]}}],"collection":[{"href":"https:\/\/www.lirapopular.cl\/lirapopularxix\/wp-json\/wp\/v2\/pages"}],"about":[{"href":"https:\/\/www.lirapopular.cl\/lirapopularxix\/wp-json\/wp\/v2\/types\/page"}],"author":[{"embeddable":true,"href":"https:\/\/www.lirapopular.cl\/lirapopularxix\/wp-json\/wp\/v2\/users\/1"}],"replies":[{"embeddable":true,"href":"https:\/\/www.lirapopular.cl\/lirapopularxix\/wp-json\/wp\/v2\/comments?post=18870"}],"version-history":[{"count":0,"href":"https:\/\/www.lirapopular.cl\/lirapopularxix\/wp-json\/wp\/v2\/pages\/18870\/revisions"}],"wp:attachment":[{"href":"https:\/\/www.lirapopular.cl\/lirapopularxix\/wp-json\/wp\/v2\/media?parent=18870"}],"curies":[{"name":"wp","href":"https:\/\/api.w.org\/{rel}","templated":true}]}}