{"id":18832,"date":"2021-04-28T19:57:28","date_gmt":"2021-04-28T23:57:28","guid":{"rendered":"https:\/\/www.lirapopular.cl\/lirapopularxix\/?page_id=18832"},"modified":"2021-04-28T19:57:28","modified_gmt":"2021-04-28T23:57:28","slug":"salvador-donoso","status":"publish","type":"page","link":"https:\/\/www.lirapopular.cl\/lirapopularxix\/salvador-donoso\/","title":{"rendered":"D. SALVADOR DONOSO <BR>SU REGRESO A LA PATRIA"},"content":{"rendered":"\n<div class=\"wp-block-image\"><figure class=\"alignright size-medium\"><a href=\"http:\/\/https:\/\/www.lirapopular.cl\/lirapopularxix\/wp-content\/uploads\/2021\/04\/797-1.jpg\"><img decoding=\"async\" src=\"http:\/\/https:\/\/www.lirapopular.cl\/lirapopularxix\/wp-content\/uploads\/2021\/04\/797-1-300x224.jpg\" alt=\"\" class=\"wp-image-18835\"\/><\/a><figcaption>Colecci\u00f3n Lira Popular de la<br \/>Universidad de Chile<\/figcaption><\/figure><\/div>\n\n\n\n<p>Autor: R\u00f3lak.<br \/>Impresor: Sin informaci\u00f3n<br \/>Tama\u00f1o: 27,8 x 37,2 cm<br \/>Clasificaci\u00f3n: 797 R774d Caja N\u00b07a<\/p>\n\n\n\n<ul class=\"wp-block-list\"><li><a href=\"https:\/\/www.lirapopular.cl\/lirapopularxix\/2021\/04\/29\/d-salvador-donososu-regreso-a-la-patria\/\">D. Salvador Donoso, su regreso a la patria<\/a><\/li><li><a href=\"https:\/\/www.lirapopular.cl\/lirapopularxix\/2021\/04\/29\/capturade-malaquias-concha\/\">Captura de Malaqu\u00edas Concha<\/a><\/li><li><a href=\"https:\/\/www.lirapopular.cl\/lirapopularxix\/2021\/04\/29\/las-animas-de-la-placilla\/\">Las \u00e1nimas de La Placilla<\/a><\/li><li><a href=\"https:\/\/www.lirapopular.cl\/lirapopularxix\/2021\/04\/29\/los-jeneralesde-la-dictadura\/\">Los generales de la dictadura<\/a><\/li><li><a href=\"https:\/\/www.lirapopular.cl\/lirapopularxix\/2021\/04\/29\/el-huaso-en-el-campo\/\">El huaso en el campo<\/a><\/li><\/ul>\n\n\n\n<p>Nota: Este ejemplar tiene escrito a mano con l\u00e1piz rojo \u201c797\u201d, texto manuscrito; &#8220;del arjentino Hernandez&#8221;.<br \/>Documento optimizado digitalmente.<\/p>\n","protected":false},"excerpt":{"rendered":"<p>Autor: R\u00f3lak.Impresor: Sin informaci\u00f3nTama\u00f1o: 27,8 x 37,2 cmClasificaci\u00f3n: 797 R774d Caja N\u00b07a D. Salvador Donoso, su regreso a la patria Captura de Malaqu\u00edas Concha Las \u00e1nimas de La Placilla Los generales de la dictadura El huaso en el campo Nota: Este ejemplar tiene escrito a mano con l\u00e1piz rojo \u201c797\u201d, texto manuscrito; &#8220;del arjentino Hernandez&#8221;.Documento [&hellip;]<\/p>\n","protected":false},"author":1,"featured_media":0,"parent":0,"menu_order":0,"comment_status":"closed","ping_status":"closed","template":"","meta":{"footnotes":""},"class_list":["post-18832","page","type-page","status-publish","hentry"],"jetpack_sharing_enabled":true,"_links":{"self":[{"href":"https:\/\/www.lirapopular.cl\/lirapopularxix\/wp-json\/wp\/v2\/pages\/18832","targetHints":{"allow":["GET"]}}],"collection":[{"href":"https:\/\/www.lirapopular.cl\/lirapopularxix\/wp-json\/wp\/v2\/pages"}],"about":[{"href":"https:\/\/www.lirapopular.cl\/lirapopularxix\/wp-json\/wp\/v2\/types\/page"}],"author":[{"embeddable":true,"href":"https:\/\/www.lirapopular.cl\/lirapopularxix\/wp-json\/wp\/v2\/users\/1"}],"replies":[{"embeddable":true,"href":"https:\/\/www.lirapopular.cl\/lirapopularxix\/wp-json\/wp\/v2\/comments?post=18832"}],"version-history":[{"count":0,"href":"https:\/\/www.lirapopular.cl\/lirapopularxix\/wp-json\/wp\/v2\/pages\/18832\/revisions"}],"wp:attachment":[{"href":"https:\/\/www.lirapopular.cl\/lirapopularxix\/wp-json\/wp\/v2\/media?parent=18832"}],"curies":[{"name":"wp","href":"https:\/\/api.w.org\/{rel}","templated":true}]}}