{"id":18740,"date":"2021-04-23T13:21:34","date_gmt":"2021-04-23T17:21:34","guid":{"rendered":"https:\/\/www.lirapopular.cl\/lirapopularxix\/?page_id=18740"},"modified":"2021-04-23T13:21:34","modified_gmt":"2021-04-23T17:21:34","slug":"sangriento-crimen-en-un-cafe-chino","status":"publish","type":"page","link":"https:\/\/www.lirapopular.cl\/lirapopularxix\/sangriento-crimen-en-un-cafe-chino\/","title":{"rendered":"SANGRIENTO CRIMEN <br>EN UN CAFE CHINO"},"content":{"rendered":"\n<div class=\"wp-block-image\"><figure class=\"alignright size-medium\"><a href=\"http:\/\/https:\/\/www.lirapopular.cl\/lirapopularxix\/wp-content\/uploads\/2021\/04\/790-1.jpg\"><img decoding=\"async\" src=\"http:\/\/https:\/\/www.lirapopular.cl\/lirapopularxix\/wp-content\/uploads\/2021\/04\/790-1-300x222.jpg\" alt=\"\" class=\"wp-image-18741\"\/><\/a><figcaption>Colecci\u00f3n Lira Popular de la<br \/>Universidad de Chile<\/figcaption><\/figure><\/div>\n\n\n\n<p>Autor: R\u00f3lak.<br \/>Impresor: Sin informaci\u00f3n<br \/>Tama\u00f1o: 26,6 x 37,2 cm<br \/>Clasificaci\u00f3n: 790 R774s Caja N\u00b06a<\/p>\n\n\n\n<ul class=\"wp-block-list\"><li><a href=\"https:\/\/www.lirapopular.cl\/lirapopularxix\/2021\/04\/23\/sangriento-crimenen-un-cafe-chino\/\">Sangriento crimen en el caf\u00e9 chino<\/a><\/li><li><a href=\"https:\/\/www.lirapopular.cl\/lirapopularxix\/2021\/04\/23\/fusilamiento-delreo-mauricio-castro\/\">Fusilamiento del reo Mauricio Castro<\/a><\/li><li><a href=\"https:\/\/www.lirapopular.cl\/lirapopularxix\/2021\/04\/24\/contrapunto-de-amor\/\">Contrapunto de amor<\/a><\/li><li><a href=\"https:\/\/www.lirapopular.cl\/lirapopularxix\/2021\/04\/24\/el-nino-comido-vivopor-un-hombre\/\">El ni\u00f1o comido vivo por un hombre<\/a><\/li><li><a href=\"https:\/\/www.lirapopular.cl\/lirapopularxix\/2021\/04\/24\/legado-de-un-mendigocurioso-testamento\/\">Legado de un mendigo. Curioso testamento.<\/a><\/li><\/ul>\n\n\n\n<p>Nota: Este ejemplar tiene escrito a mano con l\u00e1piz rojo \u201c790\u201d.<br \/>Documento optimizado digitalmente.<\/p>\n","protected":false},"excerpt":{"rendered":"<p>Autor: R\u00f3lak.Impresor: Sin informaci\u00f3nTama\u00f1o: 26,6 x 37,2 cmClasificaci\u00f3n: 790 R774s Caja N\u00b06a Sangriento crimen en el caf\u00e9 chino Fusilamiento del reo Mauricio Castro Contrapunto de amor El ni\u00f1o comido vivo por un hombre Legado de un mendigo. Curioso testamento. Nota: Este ejemplar tiene escrito a mano con l\u00e1piz rojo \u201c790\u201d.Documento optimizado digitalmente.<\/p>\n","protected":false},"author":1,"featured_media":0,"parent":0,"menu_order":0,"comment_status":"closed","ping_status":"closed","template":"","meta":{"footnotes":""},"class_list":["post-18740","page","type-page","status-publish","hentry"],"jetpack_sharing_enabled":true,"_links":{"self":[{"href":"https:\/\/www.lirapopular.cl\/lirapopularxix\/wp-json\/wp\/v2\/pages\/18740","targetHints":{"allow":["GET"]}}],"collection":[{"href":"https:\/\/www.lirapopular.cl\/lirapopularxix\/wp-json\/wp\/v2\/pages"}],"about":[{"href":"https:\/\/www.lirapopular.cl\/lirapopularxix\/wp-json\/wp\/v2\/types\/page"}],"author":[{"embeddable":true,"href":"https:\/\/www.lirapopular.cl\/lirapopularxix\/wp-json\/wp\/v2\/users\/1"}],"replies":[{"embeddable":true,"href":"https:\/\/www.lirapopular.cl\/lirapopularxix\/wp-json\/wp\/v2\/comments?post=18740"}],"version-history":[{"count":0,"href":"https:\/\/www.lirapopular.cl\/lirapopularxix\/wp-json\/wp\/v2\/pages\/18740\/revisions"}],"wp:attachment":[{"href":"https:\/\/www.lirapopular.cl\/lirapopularxix\/wp-json\/wp\/v2\/media?parent=18740"}],"curies":[{"name":"wp","href":"https:\/\/api.w.org\/{rel}","templated":true}]}}