{"id":18720,"date":"2021-04-22T22:28:52","date_gmt":"2021-04-23T02:28:52","guid":{"rendered":"https:\/\/www.lirapopular.cl\/lirapopularxix\/?page_id=18720"},"modified":"2021-04-22T22:28:52","modified_gmt":"2021-04-23T02:28:52","slug":"feroz-asesinato-en-el-tigre","status":"publish","type":"page","link":"https:\/\/www.lirapopular.cl\/lirapopularxix\/feroz-asesinato-en-el-tigre\/","title":{"rendered":"FEROZ ASESINATO EN EL TIGRE <BR>UNA ESPOSA MUERTA CON DIEZ PU\u00d1ALADAS"},"content":{"rendered":"\n<div class=\"wp-block-image\"><figure class=\"alignright size-medium\"><a href=\"http:\/\/https:\/\/www.lirapopular.cl\/lirapopularxix\/wp-content\/uploads\/2021\/04\/789-1.jpg\"><img decoding=\"async\" src=\"http:\/\/https:\/\/www.lirapopular.cl\/lirapopularxix\/wp-content\/uploads\/2021\/04\/789-1-300x212.jpg\" alt=\"\" class=\"wp-image-18721\"\/><\/a><figcaption>Colecci\u00f3n Lira Popular de la<br \/>Universidad de Chile<\/figcaption><\/figure><\/div>\n\n\n\n<p>Autor: R\u00f3lak.<br \/>Impresor: Sin informaci\u00f3n<br \/>Tama\u00f1o: 26,3 x 37,2 cm<br \/>Clasificaci\u00f3n: 789 R774f Caja N\u00b06a, BN C\u00f3digo:\u00a0LO0012061<\/p>\n\n\n\n<ul class=\"wp-block-list\"><li><a href=\"https:\/\/www.lirapopular.cl\/lirapopularxix\/2021\/04\/23\/feroz-asesinato-en-el-tigre-una-esposa-muerta-con-diez-punaladas\/\">Feroz asesinato en El Tigre. Una esposa muerta con diez pu\u00f1aladas<\/a><\/li><li><a href=\"https:\/\/www.lirapopular.cl\/lirapopularxix\/2021\/04\/23\/contestaciona-mis-preguntas\/\">Contestaci\u00f3n a mis preguntas<\/a><\/li><li><a href=\"https:\/\/www.lirapopular.cl\/lirapopularxix\/2021\/04\/23\/el-crimen-en-la-estacion-central-del-tren\/\">El crimen en la Estaci\u00f3n Central del tren<\/a><\/li><li><a href=\"https:\/\/www.lirapopular.cl\/lirapopularxix\/2021\/04\/23\/escapada-deun-soldado-audaluz\/\">Escapada de un soldado andaluz<\/a><\/li><\/ul>\n\n\n\n<p>Nota: El 1er ejemplar tiene escrito a mano con l\u00e1piz rojo \u201c789\u201d.<br \/>El 2\u00ba ejemplar tiene escrito un timbre \u201c306\u201d.<br \/>Documentos optimizados digitalmente.<\/p>\n\n\n\n<div class=\"wp-block-image\"><figure class=\"alignright size-medium\"><a href=\"https:\/\/www.lirapopular.cl\/lirapopularxix\/wp-content\/uploads\/2021\/11\/LO0012061.jpg\"><img loading=\"lazy\" decoding=\"async\" width=\"300\" height=\"227\" src=\"https:\/\/www.lirapopular.cl\/lirapopularxix\/wp-content\/uploads\/2021\/11\/LO0012061-300x227.jpg\" alt=\"\" class=\"wp-image-25968\" srcset=\"https:\/\/www.lirapopular.cl\/lirapopularxix\/wp-content\/uploads\/2021\/11\/LO0012061-300x227.jpg 300w, https:\/\/www.lirapopular.cl\/lirapopularxix\/wp-content\/uploads\/2021\/11\/LO0012061-768x580.jpg 768w, https:\/\/www.lirapopular.cl\/lirapopularxix\/wp-content\/uploads\/2021\/11\/LO0012061.jpg 1000w\" sizes=\"auto, (max-width: 300px) 100vw, 300px\" \/><\/a><figcaption>Archivo de Literatura Oral<br \/>Fondo Rodolfo Lenz<\/figcaption><\/figure><\/div>\n","protected":false},"excerpt":{"rendered":"<p>Autor: R\u00f3lak.Impresor: Sin informaci\u00f3nTama\u00f1o: 26,3 x 37,2 cmClasificaci\u00f3n: 789 R774f Caja N\u00b06a, BN C\u00f3digo:\u00a0LO0012061 Feroz asesinato en El Tigre. Una esposa muerta con diez pu\u00f1aladas Contestaci\u00f3n a mis preguntas El crimen en la Estaci\u00f3n Central del tren Escapada de un soldado andaluz Nota: El 1er ejemplar tiene escrito a mano con l\u00e1piz rojo \u201c789\u201d.El 2\u00ba [&hellip;]<\/p>\n","protected":false},"author":1,"featured_media":0,"parent":0,"menu_order":0,"comment_status":"closed","ping_status":"closed","template":"","meta":{"footnotes":""},"class_list":["post-18720","page","type-page","status-publish","hentry"],"jetpack_sharing_enabled":true,"_links":{"self":[{"href":"https:\/\/www.lirapopular.cl\/lirapopularxix\/wp-json\/wp\/v2\/pages\/18720","targetHints":{"allow":["GET"]}}],"collection":[{"href":"https:\/\/www.lirapopular.cl\/lirapopularxix\/wp-json\/wp\/v2\/pages"}],"about":[{"href":"https:\/\/www.lirapopular.cl\/lirapopularxix\/wp-json\/wp\/v2\/types\/page"}],"author":[{"embeddable":true,"href":"https:\/\/www.lirapopular.cl\/lirapopularxix\/wp-json\/wp\/v2\/users\/1"}],"replies":[{"embeddable":true,"href":"https:\/\/www.lirapopular.cl\/lirapopularxix\/wp-json\/wp\/v2\/comments?post=18720"}],"version-history":[{"count":0,"href":"https:\/\/www.lirapopular.cl\/lirapopularxix\/wp-json\/wp\/v2\/pages\/18720\/revisions"}],"wp:attachment":[{"href":"https:\/\/www.lirapopular.cl\/lirapopularxix\/wp-json\/wp\/v2\/media?parent=18720"}],"curies":[{"name":"wp","href":"https:\/\/api.w.org\/{rel}","templated":true}]}}