{"id":18660,"date":"2021-04-22T12:34:33","date_gmt":"2021-04-22T16:34:33","guid":{"rendered":"https:\/\/www.lirapopular.cl\/lirapopularxix\/?page_id=18660"},"modified":"2021-04-22T12:34:33","modified_gmt":"2021-04-22T16:34:33","slug":"diez-bandidos-se-roban-cinco","status":"publish","type":"page","link":"https:\/\/www.lirapopular.cl\/lirapopularxix\/diez-bandidos-se-roban-cinco\/","title":{"rendered":"<em>Diez bandidos se roban <br>cinco ni\u00f1a i una mujer casada<\/em>"},"content":{"rendered":"<div class=\"wp-block-image\">\n<figure class=\"alignright size-medium\"><a href=\"http:\/\/https:\/\/www.lirapopular.cl\/lirapopularxix\/wp-content\/uploads\/2021\/04\/786-1.jpg\"><img decoding=\"async\" src=\"http:\/\/https:\/\/www.lirapopular.cl\/lirapopularxix\/wp-content\/uploads\/2021\/04\/786-1-300x224.jpg\" alt=\"\" class=\"wp-image-18661\"\/><\/a><figcaption class=\"wp-element-caption\">Colecci\u00f3n Lira Popular de la<br \/>Universidad de Chile<\/figcaption><\/figure>\n<\/div>\n\n\n<p>Autor: R\u00f3lak.<br \/>Impresor: Sin informaci\u00f3n<br \/>Tama\u00f1o: 27,2 x 37,2 cm<br \/>Clasificaci\u00f3n: 786 R774d Caja N\u00b06a, 810 R774d Caja N\u00b07a, 193 R774d Caja N\u00b0 2<\/p>\n\n\n\n<ul class=\"wp-block-list\">\n<li><a href=\"https:\/\/www.lirapopular.cl\/lirapopularxix\/2021\/04\/22\/diez-bandidos-se-roban\/\">Diez bandidos se roban cinco ni\u00f1as y una mujer casada<\/a><\/li>\n\n\n\n<li><a href=\"https:\/\/www.lirapopular.cl\/lirapopularxix\/2021\/04\/22\/la-nina-desprezadaen-la-puntilla-2\/\">La ni\u00f1a despresada en la Puntilla<\/a><\/li>\n\n\n\n<li><a href=\"https:\/\/www.lirapopular.cl\/lirapopularxix\/2021\/04\/22\/madres-que-matana-sus-hijos-2\/\">Madres que matan a sus hijos<\/a><\/li>\n\n\n\n<li><a href=\"https:\/\/www.lirapopular.cl\/lirapopularxix\/2021\/04\/22\/el-gran-poeta-rolak-2\/\">El gran poeta R\u00f3lak<\/a><\/li>\n\n\n\n<li><a href=\"https:\/\/www.lirapopular.cl\/lirapopularxix\/2021\/04\/22\/carta-de-un-militarde-soldado-2\/\">Carta de un militar. De soldado<\/a><\/li>\n\n\n\n<li><a href=\"https:\/\/www.lirapopular.cl\/lirapopularxix\/2021\/04\/22\/de-alferes-2\/\">De alf\u00e9rez<\/a><\/li>\n<\/ul>\n\n\n\n<p>Nota: El 1er ejemplar tiene escrito a mano con l\u00e1piz rojo \u201c786\u201d, texto manuscrito &#8220;ajeno&#8221;.<br \/>El 2\u00ba ejemplar tiene escrito a mano con l\u00e1piz rojo \u201c810\u201d, texto manuscrito &#8220;ajeno&#8221;.<br \/>El 3er ejemplar tiene escrito a mano con l\u00e1piz grafito \u201c184\/193\u201d.<br \/>Hay una reimpresi\u00f3n con solo variaci\u00f3n de un verso de 766 R774n Caja N\u00b06a.<br \/>Documentos optimizados digitalmente.<\/p>\n\n\n<div class=\"wp-block-image\">\n<figure class=\"alignright size-medium\"><a href=\"https:\/\/www.lirapopular.cl\/lirapopularxix\/wp-content\/uploads\/2021\/05\/810.jpg\"><img loading=\"lazy\" decoding=\"async\" width=\"300\" height=\"222\" src=\"https:\/\/www.lirapopular.cl\/lirapopularxix\/wp-content\/uploads\/2021\/05\/810-300x222.jpg\" alt=\"\" class=\"wp-image-19047\" srcset=\"https:\/\/www.lirapopular.cl\/lirapopularxix\/wp-content\/uploads\/2021\/05\/810-300x222.jpg 300w, https:\/\/www.lirapopular.cl\/lirapopularxix\/wp-content\/uploads\/2021\/05\/810-768x569.jpg 768w, https:\/\/www.lirapopular.cl\/lirapopularxix\/wp-content\/uploads\/2021\/05\/810.jpg 1000w\" sizes=\"auto, (max-width: 300px) 100vw, 300px\" \/><\/a><figcaption class=\"wp-element-caption\">Colecci\u00f3n Lira Popular de la<br \/>Universidad de Chile<\/figcaption><\/figure>\n<\/div>\n\n\n<p>.<\/p>\n\n\n\n<p><span class=\"has-inline-color has-white-color\">.<\/span><\/p>\n\n\n\n<p><span class=\"has-inline-color has-white-color\">.<\/span><\/p>\n\n\n\n<p><span class=\"has-inline-color has-white-color\">.<\/span><\/p>\n\n\n\n<p><span class=\"has-inline-color has-white-color\">.<\/span><\/p>\n\n\n\n<p><span class=\"has-inline-color has-white-color\">.<\/span><\/p>\n\n\n\n<p><span class=\"has-inline-color has-white-color\">.<\/span><\/p>\n\n\n\n<p><span class=\"has-inline-color has-white-color\">.<\/span><\/p>\n\n\n<div class=\"wp-block-image\">\n<figure class=\"alignright size-medium\"><a href=\"https:\/\/www.lirapopular.cl\/lirapopularxix\/wp-content\/uploads\/2021\/07\/193.jpg\"><img decoding=\"async\" src=\"https:\/\/www.lirapopular.cl\/lirapopularxix\/wp-content\/uploads\/2021\/07\/193-300x223.jpg\" alt=\"\" class=\"wp-image-19911\"\/><\/a><figcaption class=\"wp-element-caption\">Colecci\u00f3n Lira Popular de la<br \/>Universidad de Chile<\/figcaption><\/figure>\n<\/div>","protected":false},"excerpt":{"rendered":"<p>Autor: R\u00f3lak.Impresor: Sin informaci\u00f3nTama\u00f1o: 27,2 x 37,2 cmClasificaci\u00f3n: 786 R774d Caja N\u00b06a, 810 R774d Caja N\u00b07a, 193 R774d Caja N\u00b0 2 Nota: El 1er ejemplar tiene escrito a mano con l\u00e1piz rojo \u201c786\u201d, texto manuscrito &#8220;ajeno&#8221;.El 2\u00ba ejemplar tiene escrito a mano con l\u00e1piz rojo \u201c810\u201d, texto manuscrito &#8220;ajeno&#8221;.El 3er ejemplar tiene escrito a mano [&hellip;]<\/p>\n","protected":false},"author":1,"featured_media":0,"parent":0,"menu_order":0,"comment_status":"closed","ping_status":"closed","template":"","meta":{"footnotes":""},"class_list":["post-18660","page","type-page","status-publish","hentry"],"jetpack_sharing_enabled":true,"_links":{"self":[{"href":"https:\/\/www.lirapopular.cl\/lirapopularxix\/wp-json\/wp\/v2\/pages\/18660","targetHints":{"allow":["GET"]}}],"collection":[{"href":"https:\/\/www.lirapopular.cl\/lirapopularxix\/wp-json\/wp\/v2\/pages"}],"about":[{"href":"https:\/\/www.lirapopular.cl\/lirapopularxix\/wp-json\/wp\/v2\/types\/page"}],"author":[{"embeddable":true,"href":"https:\/\/www.lirapopular.cl\/lirapopularxix\/wp-json\/wp\/v2\/users\/1"}],"replies":[{"embeddable":true,"href":"https:\/\/www.lirapopular.cl\/lirapopularxix\/wp-json\/wp\/v2\/comments?post=18660"}],"version-history":[{"count":0,"href":"https:\/\/www.lirapopular.cl\/lirapopularxix\/wp-json\/wp\/v2\/pages\/18660\/revisions"}],"wp:attachment":[{"href":"https:\/\/www.lirapopular.cl\/lirapopularxix\/wp-json\/wp\/v2\/media?parent=18660"}],"curies":[{"name":"wp","href":"https:\/\/api.w.org\/{rel}","templated":true}]}}