{"id":18647,"date":"2021-04-22T11:44:37","date_gmt":"2021-04-22T15:44:37","guid":{"rendered":"https:\/\/www.lirapopular.cl\/lirapopularxix\/?page_id=18647"},"modified":"2021-04-22T11:44:37","modified_gmt":"2021-04-22T15:44:37","slug":"una-madre-asesina-a-sus-seis-hijos","status":"publish","type":"page","link":"https:\/\/www.lirapopular.cl\/lirapopularxix\/una-madre-asesina-a-sus-seis-hijos\/","title":{"rendered":"UNA MADRE ASESINA <BR>DE SUS SEIS HIJOS"},"content":{"rendered":"\n<div class=\"wp-block-image\"><figure class=\"alignright size-medium\"><a href=\"http:\/\/https:\/\/www.lirapopular.cl\/lirapopularxix\/wp-content\/uploads\/2021\/04\/785-1.jpg\"><img decoding=\"async\" src=\"http:\/\/https:\/\/www.lirapopular.cl\/lirapopularxix\/wp-content\/uploads\/2021\/04\/785-1-300x222.jpg\" alt=\"\" class=\"wp-image-18648\"\/><\/a><figcaption>Colecci\u00f3n Lira Popular de la<br \/>Universidad de Chile<\/figcaption><\/figure><\/div>\n\n\n\n<p>Autor: R\u00f3lak.<br \/>Impresor: Sin informaci\u00f3n<br \/>Tama\u00f1o: 27,7 x 37,2 cm<br \/>Clasificaci\u00f3n: 785 R774m Caja N\u00b06a<\/p>\n\n\n\n<ul class=\"wp-block-list\"><li><a href=\"https:\/\/www.lirapopular.cl\/lirapopularxix\/2021\/04\/22\/una-madre-asesinade-sus-seis-hijos\/\">Una madre asesina de sus seis hijos<\/a><\/li><li><a href=\"https:\/\/www.lirapopular.cl\/lirapopularxix\/2021\/04\/22\/el-cura-civil-i-el-huasocontrapunto\/\">El cura civil y el huaso [contrapunto]<\/a><\/li><\/ul>\n\n\n\n<p>Nota: Este ejemplar tiene escrito a mano con l\u00e1piz rojo \u201c785\u201d.<br \/>Documento optimizado digitalmente.<\/p>\n","protected":false},"excerpt":{"rendered":"<p>Autor: R\u00f3lak.Impresor: Sin informaci\u00f3nTama\u00f1o: 27,7 x 37,2 cmClasificaci\u00f3n: 785 R774m Caja N\u00b06a Una madre asesina de sus seis hijos El cura civil y el huaso [contrapunto] Nota: Este ejemplar tiene escrito a mano con l\u00e1piz rojo \u201c785\u201d.Documento optimizado digitalmente.<\/p>\n","protected":false},"author":1,"featured_media":0,"parent":0,"menu_order":0,"comment_status":"closed","ping_status":"closed","template":"","meta":{"footnotes":""},"class_list":["post-18647","page","type-page","status-publish","hentry"],"jetpack_sharing_enabled":true,"_links":{"self":[{"href":"https:\/\/www.lirapopular.cl\/lirapopularxix\/wp-json\/wp\/v2\/pages\/18647","targetHints":{"allow":["GET"]}}],"collection":[{"href":"https:\/\/www.lirapopular.cl\/lirapopularxix\/wp-json\/wp\/v2\/pages"}],"about":[{"href":"https:\/\/www.lirapopular.cl\/lirapopularxix\/wp-json\/wp\/v2\/types\/page"}],"author":[{"embeddable":true,"href":"https:\/\/www.lirapopular.cl\/lirapopularxix\/wp-json\/wp\/v2\/users\/1"}],"replies":[{"embeddable":true,"href":"https:\/\/www.lirapopular.cl\/lirapopularxix\/wp-json\/wp\/v2\/comments?post=18647"}],"version-history":[{"count":0,"href":"https:\/\/www.lirapopular.cl\/lirapopularxix\/wp-json\/wp\/v2\/pages\/18647\/revisions"}],"wp:attachment":[{"href":"https:\/\/www.lirapopular.cl\/lirapopularxix\/wp-json\/wp\/v2\/media?parent=18647"}],"curies":[{"name":"wp","href":"https:\/\/api.w.org\/{rel}","templated":true}]}}