{"id":18628,"date":"2021-04-21T18:55:57","date_gmt":"2021-04-21T22:55:57","guid":{"rendered":"https:\/\/www.lirapopular.cl\/lirapopularxix\/?page_id=18628"},"modified":"2021-04-21T18:55:57","modified_gmt":"2021-04-21T22:55:57","slug":"el-saqueo-de-la-calle-de-duarte","status":"publish","type":"page","link":"https:\/\/www.lirapopular.cl\/lirapopularxix\/el-saqueo-de-la-calle-de-duarte\/","title":{"rendered":"EL SAQUEO DE LA CALLE <BR>DE DUARTE"},"content":{"rendered":"\n<div class=\"wp-block-image\"><figure class=\"alignright size-medium\"><a href=\"http:\/\/https:\/\/www.lirapopular.cl\/lirapopularxix\/wp-content\/uploads\/2021\/04\/784-1.jpg\"><img decoding=\"async\" src=\"http:\/\/https:\/\/www.lirapopular.cl\/lirapopularxix\/wp-content\/uploads\/2021\/04\/784-1-300x216.jpg\" alt=\"\" class=\"wp-image-18629\"\/><\/a><figcaption>Colecci\u00f3n Lira Popular de la<br \/>Universidad de Chile<\/figcaption><\/figure><\/div>\n\n\n\n<p>Autor: R\u00f3lak.<br \/>Impresor: Sin informaci\u00f3n<br \/>Tama\u00f1o: 27,6 x 37,2 cm<br \/>Clasificaci\u00f3n: 784 R774s Caja N\u00b06a<\/p>\n\n\n\n<ul class=\"wp-block-list\"><li><a href=\"https:\/\/www.lirapopular.cl\/lirapopularxix\/2021\/04\/22\/el-saqueo-de-la-callede-duarte\/\">El saqueo de la calle de Duarte<\/a><\/li><li><a href=\"https:\/\/www.lirapopular.cl\/lirapopularxix\/2021\/04\/22\/cuatro-asesinatosen-la-carcel\/\">Cuatro asesinatos en la c\u00e1rcel<\/a><\/li><li><a href=\"https:\/\/www.lirapopular.cl\/lirapopularxix\/2021\/04\/22\/la-nina-degolladaen-la-pampa\/\">La ni\u00f1a degollada en la Pampa<\/a><\/li><li><a href=\"https:\/\/www.lirapopular.cl\/lirapopularxix\/2021\/04\/22\/el-padre-que-se-la-chupaba\/\">El padre que se la chupaba a los hijos\u2026 \u00a1La sangre!<\/a><\/li><li><a href=\"https:\/\/www.lirapopular.cl\/lirapopularxix\/2021\/04\/22\/a-los-amantes-timidos\/\">A los amantes t\u00edmidos.<\/a><\/li><\/ul>\n\n\n\n<p>Nota: Este ejemplar tiene escrito a mano con l\u00e1piz rojo \u201c784\u201d, texto manuscrito &#8220;ajeno&#8221;.<br \/>Documento optimizado digitalmente.<\/p>\n","protected":false},"excerpt":{"rendered":"<p>Autor: R\u00f3lak.Impresor: Sin informaci\u00f3nTama\u00f1o: 27,6 x 37,2 cmClasificaci\u00f3n: 784 R774s Caja N\u00b06a El saqueo de la calle de Duarte Cuatro asesinatos en la c\u00e1rcel La ni\u00f1a degollada en la Pampa El padre que se la chupaba a los hijos\u2026 \u00a1La sangre! A los amantes t\u00edmidos. Nota: Este ejemplar tiene escrito a mano con l\u00e1piz rojo [&hellip;]<\/p>\n","protected":false},"author":1,"featured_media":0,"parent":0,"menu_order":0,"comment_status":"closed","ping_status":"closed","template":"","meta":{"footnotes":""},"class_list":["post-18628","page","type-page","status-publish","hentry"],"jetpack_sharing_enabled":true,"_links":{"self":[{"href":"https:\/\/www.lirapopular.cl\/lirapopularxix\/wp-json\/wp\/v2\/pages\/18628","targetHints":{"allow":["GET"]}}],"collection":[{"href":"https:\/\/www.lirapopular.cl\/lirapopularxix\/wp-json\/wp\/v2\/pages"}],"about":[{"href":"https:\/\/www.lirapopular.cl\/lirapopularxix\/wp-json\/wp\/v2\/types\/page"}],"author":[{"embeddable":true,"href":"https:\/\/www.lirapopular.cl\/lirapopularxix\/wp-json\/wp\/v2\/users\/1"}],"replies":[{"embeddable":true,"href":"https:\/\/www.lirapopular.cl\/lirapopularxix\/wp-json\/wp\/v2\/comments?post=18628"}],"version-history":[{"count":0,"href":"https:\/\/www.lirapopular.cl\/lirapopularxix\/wp-json\/wp\/v2\/pages\/18628\/revisions"}],"wp:attachment":[{"href":"https:\/\/www.lirapopular.cl\/lirapopularxix\/wp-json\/wp\/v2\/media?parent=18628"}],"curies":[{"name":"wp","href":"https:\/\/api.w.org\/{rel}","templated":true}]}}