{"id":18574,"date":"2021-04-20T10:40:05","date_gmt":"2021-04-20T14:40:05","guid":{"rendered":"https:\/\/www.lirapopular.cl\/lirapopularxix\/?page_id=18574"},"modified":"2021-04-20T10:40:05","modified_gmt":"2021-04-20T14:40:05","slug":"el-envenenemiento-de-un-boticario","status":"publish","type":"page","link":"https:\/\/www.lirapopular.cl\/lirapopularxix\/el-envenenemiento-de-un-boticario\/","title":{"rendered":"EL ENVENENAMIENTO <BR>DE UN BOTICARIO"},"content":{"rendered":"\n<div class=\"wp-block-image\"><figure class=\"alignright size-medium\"><a href=\"http:\/\/https:\/\/www.lirapopular.cl\/lirapopularxix\/wp-content\/uploads\/2021\/04\/781-1.jpg\"><img decoding=\"async\" src=\"http:\/\/https:\/\/www.lirapopular.cl\/lirapopularxix\/wp-content\/uploads\/2021\/04\/781-1-300x219.jpg\" alt=\"\" class=\"wp-image-18575\"\/><\/a><figcaption>Colecci\u00f3n Lira Popular de la<br \/>Universidad de Chile<\/figcaption><\/figure><\/div>\n\n\n\n<p>Autor: R\u00f3lak.<br \/>Impresor: Sin informaci\u00f3n<br \/>Tama\u00f1o: 27,5 x 37,2 cm<br \/>Clasificaci\u00f3n: 781 R774e Caja N\u00b06a<\/p>\n\n\n\n<ul class=\"wp-block-list\"><li><a href=\"https:\/\/www.lirapopular.cl\/lirapopularxix\/2021\/04\/20\/el-envenenamientode-un-boticario\/\">El envenenamiento de un boticario<\/a><\/li><li><a href=\"https:\/\/www.lirapopular.cl\/lirapopularxix\/2021\/04\/20\/la-aliansa-brasilera\/\">La alianza brasilera<\/a><\/li><li><a href=\"https:\/\/www.lirapopular.cl\/lirapopularxix\/2021\/04\/20\/a-un-mal-juez\/\">A un mal juez<\/a><\/li><li><a href=\"https:\/\/www.lirapopular.cl\/lirapopularxix\/2021\/04\/20\/el-rey-nabucoconvertido-en-buey\/\">El rey Nabuco convertido en buey<\/a><\/li><li><a href=\"https:\/\/www.lirapopular.cl\/lirapopularxix\/2021\/04\/20\/el-llantodel-pajarito\/\">El llanto del pajarito<\/a><\/li><li><a href=\"https:\/\/www.lirapopular.cl\/lirapopularxix\/2021\/04\/20\/degradaciondel-sub-teniente-ne\/\">Degradaci\u00f3n del sub teniente N[  ]<\/a><\/li><\/ul>\n\n\n\n<p>Nota: Este ejemplar tiene escrito a mano con l\u00e1piz rojo \u201c781\u201d, texto manuscrito:&#8221;Este verso es acrostico&#8221;.<br \/>Documento optimizado digitalmente.<\/p>\n","protected":false},"excerpt":{"rendered":"<p>Autor: R\u00f3lak.Impresor: Sin informaci\u00f3nTama\u00f1o: 27,5 x 37,2 cmClasificaci\u00f3n: 781 R774e Caja N\u00b06a El envenenamiento de un boticario La alianza brasilera A un mal juez El rey Nabuco convertido en buey El llanto del pajarito Degradaci\u00f3n del sub teniente N[ ] Nota: Este ejemplar tiene escrito a mano con l\u00e1piz rojo \u201c781\u201d, texto manuscrito:&#8221;Este verso es [&hellip;]<\/p>\n","protected":false},"author":1,"featured_media":0,"parent":0,"menu_order":0,"comment_status":"closed","ping_status":"closed","template":"","meta":{"footnotes":""},"class_list":["post-18574","page","type-page","status-publish","hentry"],"jetpack_sharing_enabled":true,"_links":{"self":[{"href":"https:\/\/www.lirapopular.cl\/lirapopularxix\/wp-json\/wp\/v2\/pages\/18574","targetHints":{"allow":["GET"]}}],"collection":[{"href":"https:\/\/www.lirapopular.cl\/lirapopularxix\/wp-json\/wp\/v2\/pages"}],"about":[{"href":"https:\/\/www.lirapopular.cl\/lirapopularxix\/wp-json\/wp\/v2\/types\/page"}],"author":[{"embeddable":true,"href":"https:\/\/www.lirapopular.cl\/lirapopularxix\/wp-json\/wp\/v2\/users\/1"}],"replies":[{"embeddable":true,"href":"https:\/\/www.lirapopular.cl\/lirapopularxix\/wp-json\/wp\/v2\/comments?post=18574"}],"version-history":[{"count":0,"href":"https:\/\/www.lirapopular.cl\/lirapopularxix\/wp-json\/wp\/v2\/pages\/18574\/revisions"}],"wp:attachment":[{"href":"https:\/\/www.lirapopular.cl\/lirapopularxix\/wp-json\/wp\/v2\/media?parent=18574"}],"curies":[{"name":"wp","href":"https:\/\/api.w.org\/{rel}","templated":true}]}}