{"id":18536,"date":"2021-04-18T17:45:27","date_gmt":"2021-04-18T21:45:27","guid":{"rendered":"https:\/\/www.lirapopular.cl\/lirapopularxix\/?page_id=18536"},"modified":"2021-04-18T17:45:27","modified_gmt":"2021-04-18T21:45:27","slug":"una-nina-de-8-anos","status":"publish","type":"page","link":"https:\/\/www.lirapopular.cl\/lirapopularxix\/una-nina-de-8-anos\/","title":{"rendered":"UNA NI\u00d1A DE 8 A\u00d1OS <br><em>violada por un oficial<\/em>"},"content":{"rendered":"\n<div class=\"wp-block-image\"><figure class=\"alignright size-medium\"><a href=\"http:\/\/https:\/\/www.lirapopular.cl\/lirapopularxix\/wp-content\/uploads\/2021\/04\/777-1.jpg\"><img decoding=\"async\" src=\"http:\/\/https:\/\/www.lirapopular.cl\/lirapopularxix\/wp-content\/uploads\/2021\/04\/777-1-300x219.jpg\" alt=\"\" class=\"wp-image-18539\"\/><\/a><figcaption>Colecci\u00f3n Lira Popular de la<br \/>Universidad de Chile<\/figcaption><\/figure><\/div>\n\n\n\n<p>Autor: R\u00f3lac.<br \/>Impresor: Sin informaci\u00f3n<br \/>Tama\u00f1o: 27,3 x 37 cm<br \/>Clasificaci\u00f3n: 777 R774u Caja N\u00b06a<\/p>\n\n\n\n<ul class=\"wp-block-list\"><li><a href=\"https:\/\/www.lirapopular.cl\/lirapopularxix\/2021\/04\/19\/una-nina-de-8-anosviolada-por-un-oficial\/\">Una ni\u00f1a de 8 a\u00f1os violada por un oficial<\/a><\/li><li><a href=\"https:\/\/www.lirapopular.cl\/lirapopularxix\/2021\/04\/19\/la-langosta\/\">La langosta<\/a><\/li><li><a href=\"https:\/\/www.lirapopular.cl\/lirapopularxix\/2021\/04\/19\/lances-de-un-huaso\/\">Lances de un huaso.<\/a><\/li><\/ul>\n\n\n\n<p>Nota: Este ejemplar tiene escrito a mano con l\u00e1piz rojo \u201c777\u201d, texto manuscrito: &#8220;- del arjentino Hernandez&#8221;.<br \/>Documento optimizado digitalmente.<\/p>\n","protected":false},"excerpt":{"rendered":"<p>Autor: R\u00f3lac.Impresor: Sin informaci\u00f3nTama\u00f1o: 27,3 x 37 cmClasificaci\u00f3n: 777 R774u Caja N\u00b06a Una ni\u00f1a de 8 a\u00f1os violada por un oficial La langosta Lances de un huaso. Nota: Este ejemplar tiene escrito a mano con l\u00e1piz rojo \u201c777\u201d, texto manuscrito: &#8220;- del arjentino Hernandez&#8221;.Documento optimizado digitalmente.<\/p>\n","protected":false},"author":1,"featured_media":0,"parent":0,"menu_order":0,"comment_status":"closed","ping_status":"closed","template":"","meta":{"footnotes":""},"class_list":["post-18536","page","type-page","status-publish","hentry"],"jetpack_sharing_enabled":true,"_links":{"self":[{"href":"https:\/\/www.lirapopular.cl\/lirapopularxix\/wp-json\/wp\/v2\/pages\/18536","targetHints":{"allow":["GET"]}}],"collection":[{"href":"https:\/\/www.lirapopular.cl\/lirapopularxix\/wp-json\/wp\/v2\/pages"}],"about":[{"href":"https:\/\/www.lirapopular.cl\/lirapopularxix\/wp-json\/wp\/v2\/types\/page"}],"author":[{"embeddable":true,"href":"https:\/\/www.lirapopular.cl\/lirapopularxix\/wp-json\/wp\/v2\/users\/1"}],"replies":[{"embeddable":true,"href":"https:\/\/www.lirapopular.cl\/lirapopularxix\/wp-json\/wp\/v2\/comments?post=18536"}],"version-history":[{"count":0,"href":"https:\/\/www.lirapopular.cl\/lirapopularxix\/wp-json\/wp\/v2\/pages\/18536\/revisions"}],"wp:attachment":[{"href":"https:\/\/www.lirapopular.cl\/lirapopularxix\/wp-json\/wp\/v2\/media?parent=18536"}],"curies":[{"name":"wp","href":"https:\/\/api.w.org\/{rel}","templated":true}]}}