{"id":18399,"date":"2021-04-15T12:30:26","date_gmt":"2021-04-15T16:30:26","guid":{"rendered":"https:\/\/www.lirapopular.cl\/lirapopularxix\/?page_id=18399"},"modified":"2021-04-15T12:30:26","modified_gmt":"2021-04-15T16:30:26","slug":"la-nina-desprezada-en-la-puntilla","status":"publish","type":"page","link":"https:\/\/www.lirapopular.cl\/lirapopularxix\/la-nina-desprezada-en-la-puntilla\/","title":{"rendered":"LA NI\u00d1A DESPREZADA <BR>EN LA PUNTILLA"},"content":{"rendered":"\n<div class=\"wp-block-image\"><figure class=\"alignright size-medium\"><a href=\"http:\/\/https:\/\/www.lirapopular.cl\/lirapopularxix\/wp-content\/uploads\/2021\/04\/766-1.jpg\"><img decoding=\"async\" src=\"http:\/\/https:\/\/www.lirapopular.cl\/lirapopularxix\/wp-content\/uploads\/2021\/04\/766-1-300x217.jpg\" alt=\"\" class=\"wp-image-18400\"\/><\/a><figcaption>Colecci\u00f3n Lira Popular de la<br \/>Universidad de Chile<\/figcaption><\/figure><\/div>\n\n\n\n<p>Autor: R\u00f3lak, Saturnino, Rafael<br \/>Impresor: Sin informaci\u00f3n<br \/>Tama\u00f1o: 27 x 37,3 cm<br \/>Clasificaci\u00f3n: 766 R774n Caja N\u00b06a, 216 R774n Caja N\u00b03<\/p>\n\n\n\n<ul class=\"wp-block-list\"><li><a href=\"https:\/\/www.lirapopular.cl\/lirapopularxix\/2021\/04\/15\/la-nina-desprezadaen-la-puntilla\/\">La ni\u00f1a despresada en la Puntilla<\/a><\/li><li><a href=\"https:\/\/www.lirapopular.cl\/lirapopularxix\/2021\/04\/15\/madres-que-matana-sus-hijos\/\">Madres que matan a sus hijos<\/a><\/li><li><a href=\"https:\/\/www.lirapopular.cl\/lirapopularxix\/2021\/04\/15\/el-gran-poeta-rolak\/\">El gran poeta R\u00f3lak<\/a><\/li><li><a href=\"https:\/\/www.lirapopular.cl\/lirapopularxix\/2021\/04\/15\/carta-de-un-militarde-soldado\/\">Carta de un militar. De soldado<\/a><\/li><li><a href=\"https:\/\/www.lirapopular.cl\/lirapopularxix\/2021\/04\/15\/de-alferes\/\">De alf\u00e9rez<\/a><\/li><\/ul>\n\n\n\n<p>Nota: El 1er ejemplar tiene escrito a mano con l\u00e1piz rojo \u201c766\u201d, texto manuscrito &#8220;ajeno&#8221;.<br \/>El 2\u00ba ejemplar tiene escrito a mano con l\u00e1piz rojo \u201c207\/216\u201d.<br \/>Es una reimpresi\u00f3n con solo variaci\u00f3n de un verso de 786 R774d Caja N\u00b06a<br \/>Documentos optimizados digitalmente.<\/p>\n\n\n\n<div class=\"wp-block-image\"><figure class=\"alignright size-medium\"><a href=\"https:\/\/www.lirapopular.cl\/lirapopularxix\/wp-content\/uploads\/2021\/07\/216.jpg\"><img decoding=\"async\" src=\"https:\/\/www.lirapopular.cl\/lirapopularxix\/wp-content\/uploads\/2021\/07\/216-300x217.jpg\" alt=\"\" class=\"wp-image-20060\"\/><\/a><figcaption>Colecci\u00f3n Lira Popular de la<br \/>Universidad de Chile<\/figcaption><\/figure><\/div>\n","protected":false},"excerpt":{"rendered":"<p>Autor: R\u00f3lak, Saturnino, RafaelImpresor: Sin informaci\u00f3nTama\u00f1o: 27 x 37,3 cmClasificaci\u00f3n: 766 R774n Caja N\u00b06a, 216 R774n Caja N\u00b03 La ni\u00f1a despresada en la Puntilla Madres que matan a sus hijos El gran poeta R\u00f3lak Carta de un militar. De soldado De alf\u00e9rez Nota: El 1er ejemplar tiene escrito a mano con l\u00e1piz rojo \u201c766\u201d, texto [&hellip;]<\/p>\n","protected":false},"author":1,"featured_media":0,"parent":0,"menu_order":0,"comment_status":"closed","ping_status":"closed","template":"","meta":{"footnotes":""},"class_list":["post-18399","page","type-page","status-publish","hentry"],"jetpack_sharing_enabled":true,"_links":{"self":[{"href":"https:\/\/www.lirapopular.cl\/lirapopularxix\/wp-json\/wp\/v2\/pages\/18399","targetHints":{"allow":["GET"]}}],"collection":[{"href":"https:\/\/www.lirapopular.cl\/lirapopularxix\/wp-json\/wp\/v2\/pages"}],"about":[{"href":"https:\/\/www.lirapopular.cl\/lirapopularxix\/wp-json\/wp\/v2\/types\/page"}],"author":[{"embeddable":true,"href":"https:\/\/www.lirapopular.cl\/lirapopularxix\/wp-json\/wp\/v2\/users\/1"}],"replies":[{"embeddable":true,"href":"https:\/\/www.lirapopular.cl\/lirapopularxix\/wp-json\/wp\/v2\/comments?post=18399"}],"version-history":[{"count":0,"href":"https:\/\/www.lirapopular.cl\/lirapopularxix\/wp-json\/wp\/v2\/pages\/18399\/revisions"}],"wp:attachment":[{"href":"https:\/\/www.lirapopular.cl\/lirapopularxix\/wp-json\/wp\/v2\/media?parent=18399"}],"curies":[{"name":"wp","href":"https:\/\/api.w.org\/{rel}","templated":true}]}}