{"id":18379,"date":"2021-04-14T16:48:07","date_gmt":"2021-04-14T20:48:07","guid":{"rendered":"https:\/\/www.lirapopular.cl\/lirapopularxix\/?page_id=18379"},"modified":"2021-04-14T16:48:07","modified_gmt":"2021-04-14T20:48:07","slug":"el-gran-lagarto","status":"publish","type":"page","link":"https:\/\/www.lirapopular.cl\/lirapopularxix\/el-gran-lagarto\/","title":{"rendered":"\u00a1EL GRAN LAGARTO!"},"content":{"rendered":"\n<div class=\"wp-block-image\"><figure class=\"alignright size-medium\"><a href=\"http:\/\/https:\/\/www.lirapopular.cl\/lirapopularxix\/wp-content\/uploads\/2021\/04\/765-1.jpg\"><img decoding=\"async\" src=\"http:\/\/https:\/\/www.lirapopular.cl\/lirapopularxix\/wp-content\/uploads\/2021\/04\/765-1-300x213.jpg\" alt=\"\" class=\"wp-image-18380\"\/><\/a><figcaption>Colecci\u00f3n Lira Popular de la<br \/>Universidad de Chile<\/figcaption><\/figure><\/div>\n\n\n\n<p>Autor: R\u00f3lak.<br \/>Impresor: Cequi\u00f3n.\u2014N\u00fam 11<br \/>Tama\u00f1o: 27,2 x 37,2 cm<br \/>Clasificaci\u00f3n: 765 R774g Caja N\u00b06a<\/p>\n\n\n\n<ul class=\"wp-block-list\"><li><a href=\"https:\/\/www.lirapopular.cl\/lirapopularxix\/2021\/04\/15\/el-gran-lagarto-2\/\">\u00a1El gran lagarto!<\/a><\/li><li><a href=\"https:\/\/www.lirapopular.cl\/lirapopularxix\/2021\/04\/15\/asesinatoen-la-calle-echaurren\/\">Asesinato en la calle Echaurren<\/a><\/li><li><a href=\"https:\/\/www.lirapopular.cl\/lirapopularxix\/2021\/04\/15\/asesinato-de-un-paco\/\">Asesinato de un paco<\/a><\/li><li><a href=\"https:\/\/www.lirapopular.cl\/lirapopularxix\/2021\/04\/15\/aviso-6\/\">Aviso<\/a><\/li><li><a href=\"https:\/\/www.lirapopular.cl\/lirapopularxix\/2021\/04\/15\/el-amor-de-un-roto\/\">El amor de un roto<\/a><\/li><\/ul>\n\n\n\n<p>Nota: Este ejemplar tiene escrito a mano con l\u00e1piz rojo \u201c765\u201d, texto manuscrito &#8220;del arjentino Hernandez&#8221;.<br \/>Documento optimizado digitalmente.<\/p>\n","protected":false},"excerpt":{"rendered":"<p>Autor: R\u00f3lak.Impresor: Cequi\u00f3n.\u2014N\u00fam 11Tama\u00f1o: 27,2 x 37,2 cmClasificaci\u00f3n: 765 R774g Caja N\u00b06a \u00a1El gran lagarto! Asesinato en la calle Echaurren Asesinato de un paco Aviso El amor de un roto Nota: Este ejemplar tiene escrito a mano con l\u00e1piz rojo \u201c765\u201d, texto manuscrito &#8220;del arjentino Hernandez&#8221;.Documento optimizado digitalmente.<\/p>\n","protected":false},"author":1,"featured_media":0,"parent":0,"menu_order":0,"comment_status":"closed","ping_status":"closed","template":"","meta":{"footnotes":""},"class_list":["post-18379","page","type-page","status-publish","hentry"],"jetpack_sharing_enabled":true,"_links":{"self":[{"href":"https:\/\/www.lirapopular.cl\/lirapopularxix\/wp-json\/wp\/v2\/pages\/18379","targetHints":{"allow":["GET"]}}],"collection":[{"href":"https:\/\/www.lirapopular.cl\/lirapopularxix\/wp-json\/wp\/v2\/pages"}],"about":[{"href":"https:\/\/www.lirapopular.cl\/lirapopularxix\/wp-json\/wp\/v2\/types\/page"}],"author":[{"embeddable":true,"href":"https:\/\/www.lirapopular.cl\/lirapopularxix\/wp-json\/wp\/v2\/users\/1"}],"replies":[{"embeddable":true,"href":"https:\/\/www.lirapopular.cl\/lirapopularxix\/wp-json\/wp\/v2\/comments?post=18379"}],"version-history":[{"count":0,"href":"https:\/\/www.lirapopular.cl\/lirapopularxix\/wp-json\/wp\/v2\/pages\/18379\/revisions"}],"wp:attachment":[{"href":"https:\/\/www.lirapopular.cl\/lirapopularxix\/wp-json\/wp\/v2\/media?parent=18379"}],"curies":[{"name":"wp","href":"https:\/\/api.w.org\/{rel}","templated":true}]}}