{"id":1831,"date":"2019-07-22T11:49:49","date_gmt":"2019-07-22T15:49:49","guid":{"rendered":"https:\/\/www.lirapopular.cl\/lirapopularxix\/?page_id=1831"},"modified":"2019-07-22T11:49:49","modified_gmt":"2019-07-22T15:49:49","slug":"cancion-del-pajarito","status":"publish","type":"page","link":"https:\/\/www.lirapopular.cl\/lirapopularxix\/cancion-del-pajarito\/","title":{"rendered":"Canci\u00f3n del pajarito"},"content":{"rendered":"\n<div class=\"wp-block-image\"><figure class=\"alignright\"><a href=\"https:\/\/www.lirapopular.cl\/lirapopularxix\/wp-content\/uploads\/2019\/07\/718.jpg\"><img loading=\"lazy\" decoding=\"async\" width=\"300\" height=\"217\" src=\"https:\/\/www.lirapopular.cl\/lirapopularxix\/wp-content\/uploads\/2019\/07\/718-300x217.jpg\" alt=\"\" class=\"wp-image-1832\" srcset=\"https:\/\/www.lirapopular.cl\/lirapopularxix\/wp-content\/uploads\/2019\/07\/718-300x217.jpg 300w, https:\/\/www.lirapopular.cl\/lirapopularxix\/wp-content\/uploads\/2019\/07\/718-768x554.jpg 768w, https:\/\/www.lirapopular.cl\/lirapopularxix\/wp-content\/uploads\/2019\/07\/718.jpg 1000w\" sizes=\"auto, (max-width: 300px) 100vw, 300px\" \/><\/a><figcaption>Colecci\u00f3n Lira Popular de la Universidad de Chile<\/figcaption><\/figure><\/div>\n\n\n\n<p>Autor: An\u00f3nimo<br>Impresor: Imp. de P. Ramirez\u2013Ech\u00e1urren, 6.<br>Tama\u00f1o: 35,5 x 25,4 cm<br>Clasificaci\u00f3n: 718 C229 Caja N\u00b04a<\/p>\n\n\n\n<ul class=\"wp-block-list\"><li><a href=\"https:\/\/www.lirapopular.cl\/lirapopularxix\/2019\/07\/22\/cancion-del-pajarito-carta-amorosa-de-un-galan-a-su-dama\/\">Carta amorosa de un gal\u00e1n a su dama<\/a><\/li><li><a href=\"https:\/\/www.lirapopular.cl\/lirapopularxix\/2019\/07\/22\/contestacion-de-la-dama\/\">Contestaci\u00f3n de la dama<\/a><\/li><\/ul>\n\n\n\n<p>Nota: Este ejemplar tiene escrito a mano con l\u00e1piz rojo \u201c718\u201d<\/p>\n\n\n\n<p>Est\u00e1 desarrollado en quintilla.<\/p>\n","protected":false},"excerpt":{"rendered":"<p>Autor: An\u00f3nimoImpresor: Imp. de P. Ramirez\u2013Ech\u00e1urren, 6.Tama\u00f1o: 35,5 x 25,4 cmClasificaci\u00f3n: 718 C229 Caja N\u00b04a Carta amorosa de un gal\u00e1n a su dama Contestaci\u00f3n de la dama Nota: Este ejemplar tiene escrito a mano con l\u00e1piz rojo \u201c718\u201d Est\u00e1 desarrollado en quintilla.<\/p>\n","protected":false},"author":1,"featured_media":0,"parent":0,"menu_order":0,"comment_status":"closed","ping_status":"closed","template":"","meta":{"footnotes":""},"class_list":["post-1831","page","type-page","status-publish","hentry"],"jetpack_sharing_enabled":true,"_links":{"self":[{"href":"https:\/\/www.lirapopular.cl\/lirapopularxix\/wp-json\/wp\/v2\/pages\/1831","targetHints":{"allow":["GET"]}}],"collection":[{"href":"https:\/\/www.lirapopular.cl\/lirapopularxix\/wp-json\/wp\/v2\/pages"}],"about":[{"href":"https:\/\/www.lirapopular.cl\/lirapopularxix\/wp-json\/wp\/v2\/types\/page"}],"author":[{"embeddable":true,"href":"https:\/\/www.lirapopular.cl\/lirapopularxix\/wp-json\/wp\/v2\/users\/1"}],"replies":[{"embeddable":true,"href":"https:\/\/www.lirapopular.cl\/lirapopularxix\/wp-json\/wp\/v2\/comments?post=1831"}],"version-history":[{"count":0,"href":"https:\/\/www.lirapopular.cl\/lirapopularxix\/wp-json\/wp\/v2\/pages\/1831\/revisions"}],"wp:attachment":[{"href":"https:\/\/www.lirapopular.cl\/lirapopularxix\/wp-json\/wp\/v2\/media?parent=1831"}],"curies":[{"name":"wp","href":"https:\/\/api.w.org\/{rel}","templated":true}]}}