{"id":18298,"date":"2021-04-12T18:49:18","date_gmt":"2021-04-12T22:49:18","guid":{"rendered":"https:\/\/www.lirapopular.cl\/lirapopularxix\/?page_id=18298"},"modified":"2021-04-12T18:49:18","modified_gmt":"2021-04-12T22:49:18","slug":"la-nina-estrangulada-en-la-calle-de-las-rosas","status":"publish","type":"page","link":"https:\/\/www.lirapopular.cl\/lirapopularxix\/la-nina-estrangulada-en-la-calle-de-las-rosas\/","title":{"rendered":"La ni\u00f1a estrangulada <br>en la calle de las Rosas"},"content":{"rendered":"\n<div class=\"wp-block-image\"><figure class=\"alignright size-medium\"><a href=\"https:\/\/www.lirapopular.cl\/lirapopularxix\/wp-content\/uploads\/2021\/04\/759.jpg\"><img loading=\"lazy\" decoding=\"async\" width=\"300\" height=\"217\" src=\"https:\/\/www.lirapopular.cl\/lirapopularxix\/wp-content\/uploads\/2021\/04\/759-300x217.jpg\" alt=\"\" class=\"wp-image-18299\" srcset=\"https:\/\/www.lirapopular.cl\/lirapopularxix\/wp-content\/uploads\/2021\/04\/759-300x217.jpg 300w, https:\/\/www.lirapopular.cl\/lirapopularxix\/wp-content\/uploads\/2021\/04\/759-768x554.jpg 768w, https:\/\/www.lirapopular.cl\/lirapopularxix\/wp-content\/uploads\/2021\/04\/759.jpg 1000w\" sizes=\"auto, (max-width: 300px) 100vw, 300px\" \/><\/a><figcaption>Colecci\u00f3n Lira Popular de la<br \/>Universidad de Chile<\/figcaption><\/figure><\/div>\n\n\n\n<p>Autor: R\u00f3lak.<br \/>Impresor: Sin informaci\u00f3n<br \/>Tama\u00f1o: 26,8 x 37,2 cm<br \/>Clasificaci\u00f3n: 759 R774n Caja N\u00b05a<\/p>\n\n\n\n<ul class=\"wp-block-list\"><li><a href=\"https:\/\/www.lirapopular.cl\/lirapopularxix\/2021\/04\/13\/la-nina-estranguladaen-la-calle-de-las-rosas\/\">La ni\u00f1a estrangulada en la calle de Las Rosas<\/a><\/li><li><a href=\"https:\/\/www.lirapopular.cl\/lirapopularxix\/2021\/04\/13\/el-torpedo-contra-el-senorwalker-martinez\/\">El torpedo contra el se\u00f1or Walker Mart\u00ednez<\/a><\/li><li><a href=\"https:\/\/www.lirapopular.cl\/lirapopularxix\/2021\/04\/13\/la-escuadra-yankechilena-en-valparaiso\/\">La escuadra Yankee<\/a><\/li><li><a href=\"https:\/\/www.lirapopular.cl\/lirapopularxix\/2021\/04\/13\/brindis-de-un-huasoen-un-banquete\/\">Brindis de un huaso<\/a><\/li><li><a href=\"https:\/\/www.lirapopular.cl\/lirapopularxix\/2021\/04\/13\/diabluras-de-rolak\/\">Diabluras de R\u00f3lak.<\/a><\/li><\/ul>\n\n\n\n<p>Nota: Este ejemplar tiene escrito a mano con l\u00e1piz rojo \u201c759\u201d.<br \/>Documento optimizado digitalmente.<\/p>\n","protected":false},"excerpt":{"rendered":"<p>Autor: R\u00f3lak.Impresor: Sin informaci\u00f3nTama\u00f1o: 26,8 x 37,2 cmClasificaci\u00f3n: 759 R774n Caja N\u00b05a La ni\u00f1a estrangulada en la calle de Las Rosas El torpedo contra el se\u00f1or Walker Mart\u00ednez La escuadra Yankee Brindis de un huaso Diabluras de R\u00f3lak. Nota: Este ejemplar tiene escrito a mano con l\u00e1piz rojo \u201c759\u201d.Documento optimizado digitalmente.<\/p>\n","protected":false},"author":1,"featured_media":0,"parent":0,"menu_order":0,"comment_status":"closed","ping_status":"closed","template":"","meta":{"footnotes":""},"class_list":["post-18298","page","type-page","status-publish","hentry"],"jetpack_sharing_enabled":true,"_links":{"self":[{"href":"https:\/\/www.lirapopular.cl\/lirapopularxix\/wp-json\/wp\/v2\/pages\/18298","targetHints":{"allow":["GET"]}}],"collection":[{"href":"https:\/\/www.lirapopular.cl\/lirapopularxix\/wp-json\/wp\/v2\/pages"}],"about":[{"href":"https:\/\/www.lirapopular.cl\/lirapopularxix\/wp-json\/wp\/v2\/types\/page"}],"author":[{"embeddable":true,"href":"https:\/\/www.lirapopular.cl\/lirapopularxix\/wp-json\/wp\/v2\/users\/1"}],"replies":[{"embeddable":true,"href":"https:\/\/www.lirapopular.cl\/lirapopularxix\/wp-json\/wp\/v2\/comments?post=18298"}],"version-history":[{"count":0,"href":"https:\/\/www.lirapopular.cl\/lirapopularxix\/wp-json\/wp\/v2\/pages\/18298\/revisions"}],"wp:attachment":[{"href":"https:\/\/www.lirapopular.cl\/lirapopularxix\/wp-json\/wp\/v2\/media?parent=18298"}],"curies":[{"name":"wp","href":"https:\/\/api.w.org\/{rel}","templated":true}]}}