{"id":18256,"date":"2021-04-10T18:54:04","date_gmt":"2021-04-10T22:54:04","guid":{"rendered":"https:\/\/www.lirapopular.cl\/lirapopularxix\/?page_id=18256"},"modified":"2021-04-10T18:54:04","modified_gmt":"2021-04-10T22:54:04","slug":"sangriento-asesinato-en-yungay","status":"publish","type":"page","link":"https:\/\/www.lirapopular.cl\/lirapopularxix\/sangriento-asesinato-en-yungay\/","title":{"rendered":"SANGRIENTO ASESINATO <br>EN YUNGAY"},"content":{"rendered":"\n<div class=\"wp-block-image\"><figure class=\"alignright size-medium\"><a href=\"https:\/\/www.lirapopular.cl\/lirapopularxix\/wp-content\/uploads\/2021\/04\/756.jpg\"><img decoding=\"async\" src=\"https:\/\/www.lirapopular.cl\/lirapopularxix\/wp-content\/uploads\/2021\/04\/756-300x222.jpg\" alt=\"\" class=\"wp-image-18257\"\/><\/a><figcaption>Colecci\u00f3n Lira Popular de la<br \/>Universidad de Chile<\/figcaption><\/figure><\/div>\n\n\n\n<p>Autor: R\u00f3lak.<br \/>Impresor: Sin informaci\u00f3n<br \/>Tama\u00f1o: 27,2 x 37,2 cm<br \/>Clasificaci\u00f3n: 756 R774s Caja N\u00b05a<\/p>\n\n\n\n<ul class=\"wp-block-list\"><li><a href=\"https:\/\/www.lirapopular.cl\/lirapopularxix\/2021\/04\/10\/sangriento-asesinatoen-yungay\/\">Sangriento asesinato en Yungay<\/a><\/li><li><a href=\"https:\/\/www.lirapopular.cl\/lirapopularxix\/2021\/04\/10\/el-padre-que-mato-a-suhija-a-palos\/\">El padre que mat\u00f3 a su hija a palos<\/a><\/li><li><a href=\"https:\/\/www.lirapopular.cl\/lirapopularxix\/2021\/04\/10\/dos-inmigrantesquemados-vivos\/\">Dos inmigrantes quemados vivos<\/a><\/li><li><a href=\"https:\/\/www.lirapopular.cl\/lirapopularxix\/2021\/04\/10\/la-mujer-que-pariocuatro-mellizos\/\">La mujer que pari\u00f3 cuatro mellizos<\/a><\/li><li><a href=\"https:\/\/www.lirapopular.cl\/lirapopularxix\/2021\/04\/10\/los-bromistas-burladoschistoso-cuento\/\">Los bromistas burlados.<\/a><\/li><\/ul>\n\n\n\n<p>Nota: Este ejemplar tiene escrito a mano con l\u00e1piz rojo \u201c756\u201d.<br \/>Documento optimizado digitalmente.<\/p>\n","protected":false},"excerpt":{"rendered":"<p>Autor: R\u00f3lak.Impresor: Sin informaci\u00f3nTama\u00f1o: 27,2 x 37,2 cmClasificaci\u00f3n: 756 R774s Caja N\u00b05a Sangriento asesinato en Yungay El padre que mat\u00f3 a su hija a palos Dos inmigrantes quemados vivos La mujer que pari\u00f3 cuatro mellizos Los bromistas burlados. Nota: Este ejemplar tiene escrito a mano con l\u00e1piz rojo \u201c756\u201d.Documento optimizado digitalmente.<\/p>\n","protected":false},"author":1,"featured_media":0,"parent":0,"menu_order":0,"comment_status":"closed","ping_status":"closed","template":"","meta":{"footnotes":""},"class_list":["post-18256","page","type-page","status-publish","hentry"],"jetpack_sharing_enabled":true,"_links":{"self":[{"href":"https:\/\/www.lirapopular.cl\/lirapopularxix\/wp-json\/wp\/v2\/pages\/18256","targetHints":{"allow":["GET"]}}],"collection":[{"href":"https:\/\/www.lirapopular.cl\/lirapopularxix\/wp-json\/wp\/v2\/pages"}],"about":[{"href":"https:\/\/www.lirapopular.cl\/lirapopularxix\/wp-json\/wp\/v2\/types\/page"}],"author":[{"embeddable":true,"href":"https:\/\/www.lirapopular.cl\/lirapopularxix\/wp-json\/wp\/v2\/users\/1"}],"replies":[{"embeddable":true,"href":"https:\/\/www.lirapopular.cl\/lirapopularxix\/wp-json\/wp\/v2\/comments?post=18256"}],"version-history":[{"count":0,"href":"https:\/\/www.lirapopular.cl\/lirapopularxix\/wp-json\/wp\/v2\/pages\/18256\/revisions"}],"wp:attachment":[{"href":"https:\/\/www.lirapopular.cl\/lirapopularxix\/wp-json\/wp\/v2\/media?parent=18256"}],"curies":[{"name":"wp","href":"https:\/\/api.w.org\/{rel}","templated":true}]}}