{"id":18074,"date":"2021-04-06T17:12:00","date_gmt":"2021-04-06T21:12:00","guid":{"rendered":"https:\/\/www.lirapopular.cl\/lirapopularxix\/?page_id=18074"},"modified":"2021-04-06T17:12:00","modified_gmt":"2021-04-06T21:12:00","slug":"prision-de-carvallo-orrego","status":"publish","type":"page","link":"https:\/\/www.lirapopular.cl\/lirapopularxix\/prision-de-carvallo-orrego\/","title":{"rendered":"PRISION <BR>DE CARVALLO ORREGO"},"content":{"rendered":"<div class=\"wp-block-image\">\n<figure class=\"alignright size-medium\"><a href=\"https:\/\/www.lirapopular.cl\/lirapopularxix\/wp-content\/uploads\/2021\/04\/745.jpg\"><img loading=\"lazy\" decoding=\"async\" width=\"300\" height=\"226\" src=\"https:\/\/www.lirapopular.cl\/lirapopularxix\/wp-content\/uploads\/2021\/04\/745-300x226.jpg\" alt=\"\" class=\"wp-image-18076\" srcset=\"https:\/\/www.lirapopular.cl\/lirapopularxix\/wp-content\/uploads\/2021\/04\/745-300x226.jpg 300w, https:\/\/www.lirapopular.cl\/lirapopularxix\/wp-content\/uploads\/2021\/04\/745-768x578.jpg 768w, https:\/\/www.lirapopular.cl\/lirapopularxix\/wp-content\/uploads\/2021\/04\/745.jpg 1000w\" sizes=\"auto, (max-width: 300px) 100vw, 300px\" \/><\/a><figcaption class=\"wp-element-caption\">Colecci\u00f3n Lira Popular de la<br \/>Universidad de Chile<\/figcaption><\/figure>\n<\/div>\n\n\n<p>Autor: R\u00f3lak.<br \/>Impresor: Sin informaci\u00f3n<br \/>Tama\u00f1o: 28 x 37,2 cm<br \/>Clasificaci\u00f3n: 745 R774p Caja N\u00b05a<\/p>\n\n\n\n<ul class=\"wp-block-list\">\n<li><a href=\"https:\/\/www.lirapopular.cl\/lirapopularxix\/2021\/04\/07\/prisionde-carvallo-orrego\/\">Prisi\u00f3n de Carvallo Orrego<\/a><\/li>\n\n\n\n<li><a href=\"https:\/\/www.lirapopular.cl\/lirapopularxix\/2021\/04\/07\/licenciamientodel-atacama-taltal-i-9\/\">Licenciamiento de Atacama Taltal<\/a><\/li>\n\n\n\n<li><a href=\"https:\/\/www.lirapopular.cl\/lirapopularxix\/2021\/04\/07\/carta-de-balmacedaal-ministro-arjentino\/\">Carta de Balmaceda al ministro arjentino<\/a><\/li>\n\n\n\n<li><a href=\"https:\/\/www.lirapopular.cl\/lirapopularxix\/2021\/04\/07\/las-cartas-del-dictador\/\">Las cartas del dictador<\/a><\/li>\n<\/ul>\n\n\n\n<p>Nota: Este ejemplar tiene escrito a mano con l\u00e1piz rojo \u201c745\u201d.<br \/>Documento optimizado digitalmente.<\/p>\n","protected":false},"excerpt":{"rendered":"<p>Autor: R\u00f3lak.Impresor: Sin informaci\u00f3nTama\u00f1o: 28 x 37,2 cmClasificaci\u00f3n: 745 R774p Caja N\u00b05a Nota: Este ejemplar tiene escrito a mano con l\u00e1piz rojo \u201c745\u201d.Documento optimizado digitalmente.<\/p>\n","protected":false},"author":1,"featured_media":0,"parent":0,"menu_order":0,"comment_status":"closed","ping_status":"closed","template":"","meta":{"footnotes":""},"class_list":["post-18074","page","type-page","status-publish","hentry"],"jetpack_sharing_enabled":true,"_links":{"self":[{"href":"https:\/\/www.lirapopular.cl\/lirapopularxix\/wp-json\/wp\/v2\/pages\/18074","targetHints":{"allow":["GET"]}}],"collection":[{"href":"https:\/\/www.lirapopular.cl\/lirapopularxix\/wp-json\/wp\/v2\/pages"}],"about":[{"href":"https:\/\/www.lirapopular.cl\/lirapopularxix\/wp-json\/wp\/v2\/types\/page"}],"author":[{"embeddable":true,"href":"https:\/\/www.lirapopular.cl\/lirapopularxix\/wp-json\/wp\/v2\/users\/1"}],"replies":[{"embeddable":true,"href":"https:\/\/www.lirapopular.cl\/lirapopularxix\/wp-json\/wp\/v2\/comments?post=18074"}],"version-history":[{"count":0,"href":"https:\/\/www.lirapopular.cl\/lirapopularxix\/wp-json\/wp\/v2\/pages\/18074\/revisions"}],"wp:attachment":[{"href":"https:\/\/www.lirapopular.cl\/lirapopularxix\/wp-json\/wp\/v2\/media?parent=18074"}],"curies":[{"name":"wp","href":"https:\/\/api.w.org\/{rel}","templated":true}]}}