{"id":18003,"date":"2021-04-05T18:42:10","date_gmt":"2021-04-05T22:42:10","guid":{"rendered":"https:\/\/www.lirapopular.cl\/lirapopularxix\/?page_id=18003"},"modified":"2021-04-05T18:42:10","modified_gmt":"2021-04-05T22:42:10","slug":"yo-soi-rolak-poeta-conocido","status":"publish","type":"page","link":"https:\/\/www.lirapopular.cl\/lirapopularxix\/yo-soi-rolak-poeta-conocido\/","title":{"rendered":"YO SOI ROLAK, POETA CONOCIDO"},"content":{"rendered":"\n<div class=\"wp-block-image\"><figure class=\"alignright size-medium\"><a href=\"https:\/\/www.lirapopular.cl\/lirapopularxix\/wp-content\/uploads\/2021\/04\/741.jpg\"><img loading=\"lazy\" decoding=\"async\" width=\"300\" height=\"218\" src=\"https:\/\/www.lirapopular.cl\/lirapopularxix\/wp-content\/uploads\/2021\/04\/741-300x218.jpg\" alt=\"\" class=\"wp-image-18004\" srcset=\"https:\/\/www.lirapopular.cl\/lirapopularxix\/wp-content\/uploads\/2021\/04\/741-300x218.jpg 300w, https:\/\/www.lirapopular.cl\/lirapopularxix\/wp-content\/uploads\/2021\/04\/741-768x558.jpg 768w, https:\/\/www.lirapopular.cl\/lirapopularxix\/wp-content\/uploads\/2021\/04\/741.jpg 1000w\" sizes=\"auto, (max-width: 300px) 100vw, 300px\" \/><\/a><figcaption>Colecci\u00f3n Lira Popular de la<br \/>Universidad de Chile<\/figcaption><\/figure><\/div>\n\n\n\n<p>Autor: R\u00f3lak.<br \/>Impresor: Sin informaci\u00f3n<br \/>Tama\u00f1o: 27 x 36,2 cm<br \/>Clasificaci\u00f3n: 741 R744m Caja N\u00b05a<\/p>\n\n\n\n<ul class=\"wp-block-list\"><li><a href=\"https:\/\/www.lirapopular.cl\/lirapopularxix\/2021\/04\/05\/el-marido-asesinadopor-mujer-i-cunados\/\">El marido asesinado por mujer y cu\u00f1ados<\/a><\/li><li><a href=\"https:\/\/www.lirapopular.cl\/lirapopularxix\/2021\/04\/05\/asesinato-de-un-sar-jento-i-un-soldado\/\">Asesinato de un sargento y un soldado<\/a><\/li><li><a href=\"https:\/\/www.lirapopular.cl\/lirapopularxix\/2021\/04\/05\/incendio-del-polvo-rin-muertos-heridos\/\">Incendio del polvor\u00edn, muertos heridos.<\/a><\/li><li><a href=\"https:\/\/www.lirapopular.cl\/lirapopularxix\/2021\/04\/05\/revelion-de-indiosen-arauco\/\">Rebeli\u00f3n de indios en Arauco<\/a><\/li><li><a href=\"https:\/\/www.lirapopular.cl\/lirapopularxix\/2021\/04\/05\/quien-busca-hallaa-mi-amigo-relampago\/\">Quien busca\u2026\u2026 \u00a1halla! a mi amigo &#8220;Rel\u00e1mpago&#8221;.<\/a><\/li><\/ul>\n\n\n\n<p>Nota: Este ejemplar tiene escrito a mano con l\u00e1piz rojo \u201c741\u201d y con grafito &#8220;Rolak&#8221;.<br \/>Documento optimizado digitalmente.<\/p>\n","protected":false},"excerpt":{"rendered":"<p>Autor: R\u00f3lak.Impresor: Sin informaci\u00f3nTama\u00f1o: 27 x 36,2 cmClasificaci\u00f3n: 741 R744m Caja N\u00b05a El marido asesinado por mujer y cu\u00f1ados Asesinato de un sargento y un soldado Incendio del polvor\u00edn, muertos heridos. Rebeli\u00f3n de indios en Arauco Quien busca\u2026\u2026 \u00a1halla! a mi amigo &#8220;Rel\u00e1mpago&#8221;. Nota: Este ejemplar tiene escrito a mano con l\u00e1piz rojo \u201c741\u201d y [&hellip;]<\/p>\n","protected":false},"author":1,"featured_media":0,"parent":0,"menu_order":0,"comment_status":"closed","ping_status":"closed","template":"","meta":{"footnotes":""},"class_list":["post-18003","page","type-page","status-publish","hentry"],"jetpack_sharing_enabled":true,"_links":{"self":[{"href":"https:\/\/www.lirapopular.cl\/lirapopularxix\/wp-json\/wp\/v2\/pages\/18003","targetHints":{"allow":["GET"]}}],"collection":[{"href":"https:\/\/www.lirapopular.cl\/lirapopularxix\/wp-json\/wp\/v2\/pages"}],"about":[{"href":"https:\/\/www.lirapopular.cl\/lirapopularxix\/wp-json\/wp\/v2\/types\/page"}],"author":[{"embeddable":true,"href":"https:\/\/www.lirapopular.cl\/lirapopularxix\/wp-json\/wp\/v2\/users\/1"}],"replies":[{"embeddable":true,"href":"https:\/\/www.lirapopular.cl\/lirapopularxix\/wp-json\/wp\/v2\/comments?post=18003"}],"version-history":[{"count":0,"href":"https:\/\/www.lirapopular.cl\/lirapopularxix\/wp-json\/wp\/v2\/pages\/18003\/revisions"}],"wp:attachment":[{"href":"https:\/\/www.lirapopular.cl\/lirapopularxix\/wp-json\/wp\/v2\/media?parent=18003"}],"curies":[{"name":"wp","href":"https:\/\/api.w.org\/{rel}","templated":true}]}}