{"id":17981,"date":"2021-04-05T13:27:51","date_gmt":"2021-04-05T17:27:51","guid":{"rendered":"https:\/\/www.lirapopular.cl\/lirapopularxix\/?page_id=17981"},"modified":"2021-04-05T13:27:51","modified_gmt":"2021-04-05T17:27:51","slug":"el-sacristan-capado","status":"publish","type":"page","link":"https:\/\/www.lirapopular.cl\/lirapopularxix\/el-sacristan-capado\/","title":{"rendered":"EL SACRISTAN CAPADO <br>EN CURATO DE LAMPA"},"content":{"rendered":"\n<div class=\"wp-block-image\"><figure class=\"alignright size-medium\"><a href=\"https:\/\/www.lirapopular.cl\/lirapopularxix\/wp-content\/uploads\/2021\/04\/740.jpg\"><img loading=\"lazy\" decoding=\"async\" width=\"300\" height=\"218\" src=\"https:\/\/www.lirapopular.cl\/lirapopularxix\/wp-content\/uploads\/2021\/04\/740-300x218.jpg\" alt=\"\" class=\"wp-image-17985\" srcset=\"https:\/\/www.lirapopular.cl\/lirapopularxix\/wp-content\/uploads\/2021\/04\/740-300x218.jpg 300w, https:\/\/www.lirapopular.cl\/lirapopularxix\/wp-content\/uploads\/2021\/04\/740-768x558.jpg 768w, https:\/\/www.lirapopular.cl\/lirapopularxix\/wp-content\/uploads\/2021\/04\/740.jpg 1000w\" sizes=\"auto, (max-width: 300px) 100vw, 300px\" \/><\/a><figcaption>Colecci\u00f3n Lira Popular de la<br \/>Universidad de Chile<\/figcaption><\/figure><\/div>\n\n\n\n<p>Autor: R\u00f3lak.<br \/>Impresor: Sin informaci\u00f3n<br \/>Tama\u00f1o: 26,7 x 36,2 cm<br \/>Clasificaci\u00f3n: 740 R744s Caja N\u00b05a, 189 R774s Caja N\u00b02<\/p>\n\n\n\n<ul class=\"wp-block-list\"><li><a href=\"https:\/\/www.lirapopular.cl\/lirapopularxix\/2021\/04\/05\/el-sacristan-capadoen-curato-de-lampa\/\">El sacrist\u00e1n capado en Curato de Lampa<\/a><\/li><li><a href=\"https:\/\/www.lirapopular.cl\/lirapopularxix\/2021\/04\/05\/retratode-virjinia-hoffman\/\">El retrato de Virjinia Hoffmann<\/a><\/li><li><a href=\"https:\/\/www.lirapopular.cl\/lirapopularxix\/2021\/04\/05\/carta-de-salas-2\/\">Carta de Salas<\/a><\/li><li><a href=\"https:\/\/www.lirapopular.cl\/lirapopularxix\/2021\/04\/05\/carta-de-bermal\/\">Carta de Bernal<\/a><\/li><li><a href=\"https:\/\/www.lirapopular.cl\/lirapopularxix\/2021\/04\/05\/codigo-de-amor-2\/\">C\u00f3digo de amor.<\/a><\/li><\/ul>\n\n\n\n<p>Nota: El 1er ejemplar tiene escrito a mano con l\u00e1piz rojo \u201c740\u201d. <br \/>El 2\u00ba ejemplar tiene escrito a mano con l\u00e1piz grafito \u201c180\/189\u201d.<br \/>En el verso &#8220;C\u00f3digo de amor&#8221; est\u00e1 tachado con l\u00e1piz el nombre del autor y reemplazado por &#8220;Reyes&#8221;.<br \/>Documentos optimizados digitalmente.<\/p>\n\n\n\n<div class=\"wp-block-image\"><figure class=\"alignright size-medium\"><a href=\"https:\/\/www.lirapopular.cl\/lirapopularxix\/wp-content\/uploads\/2021\/07\/189.jpg\"><img loading=\"lazy\" decoding=\"async\" width=\"300\" height=\"217\" src=\"https:\/\/www.lirapopular.cl\/lirapopularxix\/wp-content\/uploads\/2021\/07\/189-300x217.jpg\" alt=\"\" class=\"wp-image-19890\" srcset=\"https:\/\/www.lirapopular.cl\/lirapopularxix\/wp-content\/uploads\/2021\/07\/189-300x217.jpg 300w, https:\/\/www.lirapopular.cl\/lirapopularxix\/wp-content\/uploads\/2021\/07\/189-768x556.jpg 768w, https:\/\/www.lirapopular.cl\/lirapopularxix\/wp-content\/uploads\/2021\/07\/189.jpg 1000w\" sizes=\"auto, (max-width: 300px) 100vw, 300px\" \/><\/a><figcaption>Colecci\u00f3n Lira Popular de la<br \/>Universidad de Chile<\/figcaption><\/figure><\/div>\n","protected":false},"excerpt":{"rendered":"<p>Autor: R\u00f3lak.Impresor: Sin informaci\u00f3nTama\u00f1o: 26,7 x 36,2 cmClasificaci\u00f3n: 740 R744s Caja N\u00b05a, 189 R774s Caja N\u00b02 El sacrist\u00e1n capado en Curato de Lampa El retrato de Virjinia Hoffmann Carta de Salas Carta de Bernal C\u00f3digo de amor. Nota: El 1er ejemplar tiene escrito a mano con l\u00e1piz rojo \u201c740\u201d. El 2\u00ba ejemplar tiene escrito a [&hellip;]<\/p>\n","protected":false},"author":1,"featured_media":0,"parent":0,"menu_order":0,"comment_status":"closed","ping_status":"closed","template":"","meta":{"footnotes":""},"class_list":["post-17981","page","type-page","status-publish","hentry"],"jetpack_sharing_enabled":true,"_links":{"self":[{"href":"https:\/\/www.lirapopular.cl\/lirapopularxix\/wp-json\/wp\/v2\/pages\/17981","targetHints":{"allow":["GET"]}}],"collection":[{"href":"https:\/\/www.lirapopular.cl\/lirapopularxix\/wp-json\/wp\/v2\/pages"}],"about":[{"href":"https:\/\/www.lirapopular.cl\/lirapopularxix\/wp-json\/wp\/v2\/types\/page"}],"author":[{"embeddable":true,"href":"https:\/\/www.lirapopular.cl\/lirapopularxix\/wp-json\/wp\/v2\/users\/1"}],"replies":[{"embeddable":true,"href":"https:\/\/www.lirapopular.cl\/lirapopularxix\/wp-json\/wp\/v2\/comments?post=17981"}],"version-history":[{"count":0,"href":"https:\/\/www.lirapopular.cl\/lirapopularxix\/wp-json\/wp\/v2\/pages\/17981\/revisions"}],"wp:attachment":[{"href":"https:\/\/www.lirapopular.cl\/lirapopularxix\/wp-json\/wp\/v2\/media?parent=17981"}],"curies":[{"name":"wp","href":"https:\/\/api.w.org\/{rel}","templated":true}]}}