{"id":17949,"date":"2021-04-04T15:42:08","date_gmt":"2021-04-04T19:42:08","guid":{"rendered":"https:\/\/www.lirapopular.cl\/lirapopularxix\/?page_id=17949"},"modified":"2021-04-04T15:42:08","modified_gmt":"2021-04-04T19:42:08","slug":"el-marido-que-mato-a-su-mujer","status":"publish","type":"page","link":"https:\/\/www.lirapopular.cl\/lirapopularxix\/el-marido-que-mato-a-su-mujer\/","title":{"rendered":"EL MARIDO QUE MAT\u00d3 A SU <BR>MUJER I DOS HIJOS I SE AHORC\u00d3"},"content":{"rendered":"\n<div class=\"wp-block-image\"><figure class=\"alignright size-medium\"><a href=\"https:\/\/www.lirapopular.cl\/lirapopularxix\/wp-content\/uploads\/2021\/04\/737.jpg\"><img loading=\"lazy\" decoding=\"async\" width=\"300\" height=\"232\" src=\"https:\/\/www.lirapopular.cl\/lirapopularxix\/wp-content\/uploads\/2021\/04\/737-300x232.jpg\" alt=\"\" class=\"wp-image-17952\" srcset=\"https:\/\/www.lirapopular.cl\/lirapopularxix\/wp-content\/uploads\/2021\/04\/737-300x232.jpg 300w, https:\/\/www.lirapopular.cl\/lirapopularxix\/wp-content\/uploads\/2021\/04\/737-768x594.jpg 768w, https:\/\/www.lirapopular.cl\/lirapopularxix\/wp-content\/uploads\/2021\/04\/737.jpg 1000w\" sizes=\"auto, (max-width: 300px) 100vw, 300px\" \/><\/a><figcaption>Colecci\u00f3n Lira Popular de la<br \/>Universidad de Chile<\/figcaption><\/figure><\/div>\n\n\n\n<p>Autor: R\u00f3lak.<br \/>Impresor: Sin informaci\u00f3n<br \/>Tama\u00f1o: 28 x 36,8 cm<br \/>Clasificaci\u00f3n: 737 R744m Caja N\u00b05a<\/p>\n\n\n\n<ul class=\"wp-block-list\"><li><a href=\"https:\/\/www.lirapopular.cl\/lirapopularxix\/2021\/04\/04\/el-marido-que-mato-a-sumujer-i-dos-hijos-i-se-ahorco\/\">El marido que mat\u00f3 a su mujer y dos hijos y se ahorc\u00f3<\/a><\/li><li><a href=\"https:\/\/www.lirapopular.cl\/lirapopularxix\/2021\/04\/04\/captura-i-prision-del-nato-fria\/\">Captura y prisi\u00f3n del \u00f1ato Fr\u00eda<\/a><\/li><li><a href=\"https:\/\/www.lirapopular.cl\/lirapopularxix\/2021\/04\/04\/el-granaderoque-mato-a-un-artillero\/\">El granadero<\/a><\/li><li><a href=\"https:\/\/www.lirapopular.cl\/lirapopularxix\/2021\/04\/04\/otro-picanasoa-la-rosita-chancaca\/\">Otro picanaso a la Rosita Chancaca<\/a><\/li><\/ul>\n\n\n\n<p>Nota: Este ejemplar tiene escrito a mano con l\u00e1piz rojo \u201c737\u201d, con l\u00e1piz grafito una estrella.<br \/>Documento optimizado digitalmente.<\/p>\n","protected":false},"excerpt":{"rendered":"<p>Autor: R\u00f3lak.Impresor: Sin informaci\u00f3nTama\u00f1o: 28 x 36,8 cmClasificaci\u00f3n: 737 R744m Caja N\u00b05a El marido que mat\u00f3 a su mujer y dos hijos y se ahorc\u00f3 Captura y prisi\u00f3n del \u00f1ato Fr\u00eda El granadero Otro picanaso a la Rosita Chancaca Nota: Este ejemplar tiene escrito a mano con l\u00e1piz rojo \u201c737\u201d, con l\u00e1piz grafito una estrella.Documento [&hellip;]<\/p>\n","protected":false},"author":1,"featured_media":0,"parent":0,"menu_order":0,"comment_status":"closed","ping_status":"closed","template":"","meta":{"footnotes":""},"class_list":["post-17949","page","type-page","status-publish","hentry"],"jetpack_sharing_enabled":true,"_links":{"self":[{"href":"https:\/\/www.lirapopular.cl\/lirapopularxix\/wp-json\/wp\/v2\/pages\/17949","targetHints":{"allow":["GET"]}}],"collection":[{"href":"https:\/\/www.lirapopular.cl\/lirapopularxix\/wp-json\/wp\/v2\/pages"}],"about":[{"href":"https:\/\/www.lirapopular.cl\/lirapopularxix\/wp-json\/wp\/v2\/types\/page"}],"author":[{"embeddable":true,"href":"https:\/\/www.lirapopular.cl\/lirapopularxix\/wp-json\/wp\/v2\/users\/1"}],"replies":[{"embeddable":true,"href":"https:\/\/www.lirapopular.cl\/lirapopularxix\/wp-json\/wp\/v2\/comments?post=17949"}],"version-history":[{"count":0,"href":"https:\/\/www.lirapopular.cl\/lirapopularxix\/wp-json\/wp\/v2\/pages\/17949\/revisions"}],"wp:attachment":[{"href":"https:\/\/www.lirapopular.cl\/lirapopularxix\/wp-json\/wp\/v2\/media?parent=17949"}],"curies":[{"name":"wp","href":"https:\/\/api.w.org\/{rel}","templated":true}]}}