{"id":17894,"date":"2021-04-03T16:14:01","date_gmt":"2021-04-03T20:14:01","guid":{"rendered":"https:\/\/www.lirapopular.cl\/lirapopularxix\/?page_id=17894"},"modified":"2021-04-03T16:14:01","modified_gmt":"2021-04-03T20:14:01","slug":"una-mujer-i-un-hijo-muertos","status":"publish","type":"page","link":"https:\/\/www.lirapopular.cl\/lirapopularxix\/una-mujer-i-un-hijo-muertos\/","title":{"rendered":"UNA MUJER I UN HIJO<BR> MUERTOS POR DOS PACOS"},"content":{"rendered":"\n<div class=\"wp-block-image\"><figure class=\"alignright size-medium\"><a href=\"https:\/\/www.lirapopular.cl\/lirapopularxix\/wp-content\/uploads\/2021\/04\/734.jpg\"><img decoding=\"async\" src=\"https:\/\/www.lirapopular.cl\/lirapopularxix\/wp-content\/uploads\/2021\/04\/734-300x222.jpg\" alt=\"\" class=\"wp-image-17895\"\/><\/a><figcaption>Colecci\u00f3n Lira Popular de la<br \/>Universidad de Chile<\/figcaption><\/figure><\/div>\n\n\n\n<p>Autor: R\u00f3lak.<br \/>Impresor: Sin informaci\u00f3n<br \/>Tama\u00f1o: 27 x 36,8 cm<br \/>Clasificaci\u00f3n: 734 R744m Caja N\u00b04a<\/p>\n\n\n\n<ul class=\"wp-block-list\"><li>Una mujer y un hijo muertos por dos pacos<\/li><li>Un caballero muerto a patadas<\/li><li>Amor fino<\/li><li>A lo divino<\/li><\/ul>\n\n\n\n<p>Nota: Este ejemplar tiene escrito a mano con l\u00e1piz rojo \u201c734\u201d.<br \/>Documento optimizado digitalmente.<\/p>\n","protected":false},"excerpt":{"rendered":"<p>Autor: R\u00f3lak.Impresor: Sin informaci\u00f3nTama\u00f1o: 27 x 36,8 cmClasificaci\u00f3n: 734 R744m Caja N\u00b04a Una mujer y un hijo muertos por dos pacos Un caballero muerto a patadas Amor fino A lo divino Nota: Este ejemplar tiene escrito a mano con l\u00e1piz rojo \u201c734\u201d.Documento optimizado digitalmente.<\/p>\n","protected":false},"author":1,"featured_media":0,"parent":0,"menu_order":0,"comment_status":"closed","ping_status":"closed","template":"","meta":{"footnotes":""},"class_list":["post-17894","page","type-page","status-publish","hentry"],"jetpack_sharing_enabled":true,"_links":{"self":[{"href":"https:\/\/www.lirapopular.cl\/lirapopularxix\/wp-json\/wp\/v2\/pages\/17894","targetHints":{"allow":["GET"]}}],"collection":[{"href":"https:\/\/www.lirapopular.cl\/lirapopularxix\/wp-json\/wp\/v2\/pages"}],"about":[{"href":"https:\/\/www.lirapopular.cl\/lirapopularxix\/wp-json\/wp\/v2\/types\/page"}],"author":[{"embeddable":true,"href":"https:\/\/www.lirapopular.cl\/lirapopularxix\/wp-json\/wp\/v2\/users\/1"}],"replies":[{"embeddable":true,"href":"https:\/\/www.lirapopular.cl\/lirapopularxix\/wp-json\/wp\/v2\/comments?post=17894"}],"version-history":[{"count":0,"href":"https:\/\/www.lirapopular.cl\/lirapopularxix\/wp-json\/wp\/v2\/pages\/17894\/revisions"}],"wp:attachment":[{"href":"https:\/\/www.lirapopular.cl\/lirapopularxix\/wp-json\/wp\/v2\/media?parent=17894"}],"curies":[{"name":"wp","href":"https:\/\/api.w.org\/{rel}","templated":true}]}}