{"id":17847,"date":"2021-04-03T11:32:50","date_gmt":"2021-04-03T15:32:50","guid":{"rendered":"https:\/\/www.lirapopular.cl\/lirapopularxix\/?page_id=17847"},"modified":"2021-04-03T11:32:50","modified_gmt":"2021-04-03T15:32:50","slug":"contestacion-a-las-satiras-de-meneses","status":"publish","type":"page","link":"https:\/\/www.lirapopular.cl\/lirapopularxix\/contestacion-a-las-satiras-de-meneses\/","title":{"rendered":"CONTESTACION A LAS S\u00c1TIRAS DE MENESES<br> Los presos sin distincion de categoria<br> Versos dedicados a los aficionados a las carreras"},"content":{"rendered":"\n<div class=\"wp-block-image\"><figure class=\"alignright size-medium\"><a href=\"https:\/\/www.lirapopular.cl\/lirapopularxix\/wp-content\/uploads\/2021\/04\/LO0012653.jpg\"><img loading=\"lazy\" decoding=\"async\" width=\"208\" height=\"300\" src=\"https:\/\/www.lirapopular.cl\/lirapopularxix\/wp-content\/uploads\/2021\/04\/LO0012653-208x300.jpg\" alt=\"\" class=\"wp-image-17848\" srcset=\"https:\/\/www.lirapopular.cl\/lirapopularxix\/wp-content\/uploads\/2021\/04\/LO0012653-208x300.jpg 208w, https:\/\/www.lirapopular.cl\/lirapopularxix\/wp-content\/uploads\/2021\/04\/LO0012653.jpg 694w\" sizes=\"auto, (max-width: 208px) 100vw, 208px\" \/><\/a><figcaption>Archivo de Literatura Oral<br \/>Colecci\u00f3n Alamiro de \u00c1vila<\/figcaption><\/figure><\/div>\n\n\n\n<p>Autor: Justo Robles<br \/>Impresor: Imp. Valparaiso.\u2014Victoria, 391.<br \/>Tama\u00f1o: 55 x 38 cm<br \/>Clasificaci\u00f3n: BN C\u00f3digo: LO0012653<\/p>\n\n\n\n<ul class=\"wp-block-list\"><li><a href=\"https:\/\/www.lirapopular.cl\/lirapopularxix\/2021\/04\/03\/versodedicado-a-los-aficionadosa-las-carreras-y-al-canto\/\">Verso dedicado a los aficionados a las carreras y al canto<\/a><\/li><li><a href=\"https:\/\/www.lirapopular.cl\/lirapopularxix\/2021\/04\/03\/el-patron-usureroy-elsirviente-honrado\/\">El patron usurero y el sirviente honrado<\/a><\/li><li><a href=\"https:\/\/www.lirapopular.cl\/lirapopularxix\/2021\/04\/03\/contestaciona-las-dos-satiras-que-le-hizodaniel-meneses-a-su-competidor\/\">Contestaci\u00f3n a las dos s\u00e1tiras que le hizo Daniel Meneses a su competidor<\/a><\/li><li><a href=\"https:\/\/www.lirapopular.cl\/lirapopularxix\/2021\/04\/03\/los-presosque-caen-a-la-carcel-sin-distincion-de-categoria\/\">Los presos que caen a la c\u00e1rcel sin distinci\u00f3n de categor\u00eda<\/a><\/li><li><a href=\"https:\/\/www.lirapopular.cl\/lirapopularxix\/2021\/04\/03\/al-fenomenodaniel-menesespor-satirico\/\">Al fen\u00f3meno Daniel Meneses por sat\u00edrico<\/a><\/li><li><a href=\"https:\/\/www.lirapopular.cl\/lirapopularxix\/2021\/04\/03\/verso-literario\/\">Verso literario<\/a><\/li><\/ul>\n\n\n\n<p>Nota: Este ejemplar tiene escrito a mano con plum\u00f3n \u201c327\u201d, por el reverso, sobre un papel &#8220;76&#8221;.<br \/>El grabado de este documento es muy interesante ya que presenta a Robles en contrapunto con Meneses, la mujer dice &#8220;Voi a Robles&#8221; y Robles le dice &#8220;No desmalles tullido&#8221;. Meneses est\u00e1 sentado al lado derecho en su carreta.<br \/>Documento optimizado digitalmente.<\/p>\n","protected":false},"excerpt":{"rendered":"<p>Autor: Justo RoblesImpresor: Imp. Valparaiso.\u2014Victoria, 391.Tama\u00f1o: 55 x 38 cmClasificaci\u00f3n: BN C\u00f3digo: LO0012653 Verso dedicado a los aficionados a las carreras y al canto El patron usurero y el sirviente honrado Contestaci\u00f3n a las dos s\u00e1tiras que le hizo Daniel Meneses a su competidor Los presos que caen a la c\u00e1rcel sin distinci\u00f3n de categor\u00eda [&hellip;]<\/p>\n","protected":false},"author":1,"featured_media":0,"parent":0,"menu_order":0,"comment_status":"closed","ping_status":"closed","template":"","meta":{"footnotes":""},"class_list":["post-17847","page","type-page","status-publish","hentry"],"jetpack_sharing_enabled":true,"_links":{"self":[{"href":"https:\/\/www.lirapopular.cl\/lirapopularxix\/wp-json\/wp\/v2\/pages\/17847","targetHints":{"allow":["GET"]}}],"collection":[{"href":"https:\/\/www.lirapopular.cl\/lirapopularxix\/wp-json\/wp\/v2\/pages"}],"about":[{"href":"https:\/\/www.lirapopular.cl\/lirapopularxix\/wp-json\/wp\/v2\/types\/page"}],"author":[{"embeddable":true,"href":"https:\/\/www.lirapopular.cl\/lirapopularxix\/wp-json\/wp\/v2\/users\/1"}],"replies":[{"embeddable":true,"href":"https:\/\/www.lirapopular.cl\/lirapopularxix\/wp-json\/wp\/v2\/comments?post=17847"}],"version-history":[{"count":0,"href":"https:\/\/www.lirapopular.cl\/lirapopularxix\/wp-json\/wp\/v2\/pages\/17847\/revisions"}],"wp:attachment":[{"href":"https:\/\/www.lirapopular.cl\/lirapopularxix\/wp-json\/wp\/v2\/media?parent=17847"}],"curies":[{"name":"wp","href":"https:\/\/api.w.org\/{rel}","templated":true}]}}