{"id":17820,"date":"2021-04-02T20:28:19","date_gmt":"2021-04-03T00:28:19","guid":{"rendered":"https:\/\/www.lirapopular.cl\/lirapopularxix\/?page_id=17820"},"modified":"2021-04-02T20:28:19","modified_gmt":"2021-04-03T00:28:19","slug":"paralizacion-de-los-trabajos-municipales","status":"publish","type":"page","link":"https:\/\/www.lirapopular.cl\/lirapopularxix\/paralizacion-de-los-trabajos-municipales\/","title":{"rendered":"PARALIZACION DE LOS TRABAJOS MUNICIPALES POR FALTA DE RECURSOS <br>Verdadera cr\u00edtica de Justo Robles al tullido Daniel Meneses <br>VERSOS DE PURO AMOR <br>CONTRAPUNTO DE UN GALLO Y UN POLLO SIN ESTACAS <br>Un tapa-boca al poeta Daniel Meneses por mentiroso <br>Visita de Justo Robles al poeta popular Meneses"},"content":{"rendered":"\n<div class=\"wp-block-image\"><figure class=\"alignright size-medium\"><a href=\"https:\/\/www.lirapopular.cl\/lirapopularxix\/wp-content\/uploads\/2021\/04\/648.jpg\"><img loading=\"lazy\" decoding=\"async\" width=\"212\" height=\"300\" src=\"https:\/\/www.lirapopular.cl\/lirapopularxix\/wp-content\/uploads\/2021\/04\/648-212x300.jpg\" alt=\"\" class=\"wp-image-17821\" srcset=\"https:\/\/www.lirapopular.cl\/lirapopularxix\/wp-content\/uploads\/2021\/04\/648-212x300.jpg 212w, https:\/\/www.lirapopular.cl\/lirapopularxix\/wp-content\/uploads\/2021\/04\/648.jpg 706w\" sizes=\"auto, (max-width: 212px) 100vw, 212px\" \/><\/a><figcaption>Colecci\u00f3n Lira Popular de la<br \/>Universidad de Chile<\/figcaption><\/figure><\/div>\n\n\n\n<p>Autor: Justo Robles. Calle de los lecheros N\u00ba 46<br \/>Impresor: Sin informaci\u00f3n<br \/>Tama\u00f1o: 53 x 37,2 cm<br \/>Clasificaci\u00f3n: 648 R667 Caja N\u00b012a<\/p>\n\n\n\n<ul class=\"wp-block-list\"><li><a href=\"https:\/\/www.lirapopular.cl\/lirapopularxix\/2021\/04\/03\/paralizacionde-los-trabajos\/\">Paralizaci\u00f3n de los trabajos municipales por falta de recursos<\/a><\/li><li><a href=\"https:\/\/www.lirapopular.cl\/lirapopularxix\/2021\/04\/03\/verdadera-criticade-justo-roblesal-tullido-daniel-meneses\/\">Verdadera cr\u00edtica de Justo Robles al tullido Daniel Meneses<\/a><\/li><li><a href=\"https:\/\/www.lirapopular.cl\/lirapopularxix\/2021\/04\/03\/versosdepuro-amor\/\">Versos de puro amor<\/a><\/li><li><a href=\"https:\/\/www.lirapopular.cl\/lirapopularxix\/2021\/04\/03\/contrapuntode-un-galloy-un-pollo-sin-estacas\/\">Contrapunto de un gallo y un pollo sin estacas<\/a><\/li><li><a href=\"https:\/\/www.lirapopular.cl\/lirapopularxix\/2021\/04\/03\/un-tapabocaal-poetadaniel-menesespor-mentiroso\/\">Un tapa-boca al poeta daniel Meneses por mentiroso<\/a><\/li><li><a href=\"https:\/\/www.lirapopular.cl\/lirapopularxix\/2021\/04\/03\/visita-de-justo-roblesalpoeta-popular-meneses\/\">Visita de Justo Robles al poeta popular Meneses<\/a><\/li><\/ul>\n\n\n\n<p>Nota: Este ejemplar tiene escrito a mano con l\u00e1piz rojo \u201c648\u201d, con l\u00e1piz grafito &#8220;Aurora Saez de Meneses&#8221;, &#8220;Remite&#8221; y varias marcas con l\u00e1piz azul.<br \/>Documento optimizado digitalmente.<\/p>\n","protected":false},"excerpt":{"rendered":"<p>Autor: Justo Robles. Calle de los lecheros N\u00ba 46Impresor: Sin informaci\u00f3nTama\u00f1o: 53 x 37,2 cmClasificaci\u00f3n: 648 R667 Caja N\u00b012a Paralizaci\u00f3n de los trabajos municipales por falta de recursos Verdadera cr\u00edtica de Justo Robles al tullido Daniel Meneses Versos de puro amor Contrapunto de un gallo y un pollo sin estacas Un tapa-boca al poeta daniel [&hellip;]<\/p>\n","protected":false},"author":1,"featured_media":0,"parent":0,"menu_order":0,"comment_status":"closed","ping_status":"closed","template":"","meta":{"footnotes":""},"class_list":["post-17820","page","type-page","status-publish","hentry"],"jetpack_sharing_enabled":true,"_links":{"self":[{"href":"https:\/\/www.lirapopular.cl\/lirapopularxix\/wp-json\/wp\/v2\/pages\/17820","targetHints":{"allow":["GET"]}}],"collection":[{"href":"https:\/\/www.lirapopular.cl\/lirapopularxix\/wp-json\/wp\/v2\/pages"}],"about":[{"href":"https:\/\/www.lirapopular.cl\/lirapopularxix\/wp-json\/wp\/v2\/types\/page"}],"author":[{"embeddable":true,"href":"https:\/\/www.lirapopular.cl\/lirapopularxix\/wp-json\/wp\/v2\/users\/1"}],"replies":[{"embeddable":true,"href":"https:\/\/www.lirapopular.cl\/lirapopularxix\/wp-json\/wp\/v2\/comments?post=17820"}],"version-history":[{"count":0,"href":"https:\/\/www.lirapopular.cl\/lirapopularxix\/wp-json\/wp\/v2\/pages\/17820\/revisions"}],"wp:attachment":[{"href":"https:\/\/www.lirapopular.cl\/lirapopularxix\/wp-json\/wp\/v2\/media?parent=17820"}],"curies":[{"name":"wp","href":"https:\/\/api.w.org\/{rel}","templated":true}]}}