{"id":178,"date":"2019-06-03T01:23:23","date_gmt":"2019-06-03T05:23:23","guid":{"rendered":"https:\/\/www.lirapopular.cl\/lirapopularxix\/?page_id=178"},"modified":"2019-06-03T01:23:23","modified_gmt":"2019-06-03T05:23:23","slug":"estraordinario-fenomenoencontrado-en-la-hacienda-denominada-el-romero","status":"publish","type":"page","link":"https:\/\/www.lirapopular.cl\/lirapopularxix\/estraordinario-fenomenoencontrado-en-la-hacienda-denominada-el-romero\/","title":{"rendered":"Estraordinario fen\u00f3meno<br>encontrado en la hacienda denominada &#8220;El Romero&#8221;"},"content":{"rendered":"\n<div class=\"wp-block-image\"><figure class=\"alignright\"><a href=\"https:\/\/www.lirapopular.cl\/lirapopularxix\/wp-content\/uploads\/2019\/06\/345-1.jpg\"><img decoding=\"async\" src=\"https:\/\/www.lirapopular.cl\/lirapopularxix\/wp-content\/uploads\/2019\/06\/345-1-222x300.jpg\" alt=\"\" class=\"wp-image-181\"\/><\/a><figcaption>Colecci\u00f3n Lira Popular de la Universidad de Chile<\/figcaption><\/figure><\/div>\n\n\n\n<p>Autor: J. Hip\u00f3lito Cordero<br>Impresor: sin informaci\u00f3n<br>Tama\u00f1o: 27,1 x 37,9 cm<br>Clasificaci\u00f3n: 345 C794e Caja N\u00b01b<\/p>\n\n\n\n<ul class=\"wp-block-list\"><li><a href=\"https:\/\/www.lirapopular.cl\/lirapopularxix\/2019\/06\/03\/gran-fenomenoencontrado-en-la-haciendadel-romero\/\">Gran fen\u00f3meno<\/a><\/li><li><a href=\"https:\/\/www.lirapopular.cl\/lirapopularxix\/2019\/06\/03\/despedida-de-anjel\/\">Despedida de \u00e1ngel<\/a><\/li><li><a href=\"https:\/\/www.lirapopular.cl\/lirapopularxix\/2019\/06\/03\/la-mujer-celosa\/\">La mujer celosa<\/a><\/li><li><a href=\"https:\/\/www.lirapopular.cl\/lirapopularxix\/2019\/06\/03\/a-una-amiga\/\">A una amiga<\/a><\/li><li><a href=\"https:\/\/www.lirapopular.cl\/lirapopularxix\/2019\/06\/03\/zamacueca\/\">Zamacueca<\/a><\/li><\/ul>\n\n\n\n<p>Nota: Este ejemplar tiene escrito a mano con l\u00e1piz rojo \u201c345\u201d<\/p>\n","protected":false},"excerpt":{"rendered":"<p>Autor: J. Hip\u00f3lito CorderoImpresor: sin informaci\u00f3nTama\u00f1o: 27,1 x 37,9 cmClasificaci\u00f3n: 345 C794e Caja N\u00b01b Gran fen\u00f3meno Despedida de \u00e1ngel La mujer celosa A una amiga Zamacueca Nota: Este ejemplar tiene escrito a mano con l\u00e1piz rojo \u201c345\u201d<\/p>\n","protected":false},"author":1,"featured_media":0,"parent":0,"menu_order":0,"comment_status":"closed","ping_status":"closed","template":"","meta":{"footnotes":""},"class_list":["post-178","page","type-page","status-publish","hentry"],"jetpack_sharing_enabled":true,"_links":{"self":[{"href":"https:\/\/www.lirapopular.cl\/lirapopularxix\/wp-json\/wp\/v2\/pages\/178","targetHints":{"allow":["GET"]}}],"collection":[{"href":"https:\/\/www.lirapopular.cl\/lirapopularxix\/wp-json\/wp\/v2\/pages"}],"about":[{"href":"https:\/\/www.lirapopular.cl\/lirapopularxix\/wp-json\/wp\/v2\/types\/page"}],"author":[{"embeddable":true,"href":"https:\/\/www.lirapopular.cl\/lirapopularxix\/wp-json\/wp\/v2\/users\/1"}],"replies":[{"embeddable":true,"href":"https:\/\/www.lirapopular.cl\/lirapopularxix\/wp-json\/wp\/v2\/comments?post=178"}],"version-history":[{"count":0,"href":"https:\/\/www.lirapopular.cl\/lirapopularxix\/wp-json\/wp\/v2\/pages\/178\/revisions"}],"wp:attachment":[{"href":"https:\/\/www.lirapopular.cl\/lirapopularxix\/wp-json\/wp\/v2\/media?parent=178"}],"curies":[{"name":"wp","href":"https:\/\/api.w.org\/{rel}","templated":true}]}}