{"id":17741,"date":"2021-03-17T18:45:51","date_gmt":"2021-03-17T22:45:51","guid":{"rendered":"https:\/\/www.lirapopular.cl\/lirapopularxix\/?page_id=17741"},"modified":"2021-03-17T18:45:51","modified_gmt":"2021-03-17T22:45:51","slug":"trajedia-sangrienta-el-italiano","status":"publish","type":"page","link":"https:\/\/www.lirapopular.cl\/lirapopularxix\/trajedia-sangrienta-el-italiano\/","title":{"rendered":"TRAJEDIA SANGRIENTA <br>El italiano que ultim\u00f3 a la mujer i sus <br>tres hijos por irse con la sirvienta"},"content":{"rendered":"\n<div class=\"wp-block-image\"><figure class=\"alignright size-medium\"><a href=\"https:\/\/www.lirapopular.cl\/lirapopularxix\/wp-content\/uploads\/2021\/03\/LO0012182.jpg\"><img loading=\"lazy\" decoding=\"async\" width=\"209\" height=\"300\" src=\"https:\/\/www.lirapopular.cl\/lirapopularxix\/wp-content\/uploads\/2021\/03\/LO0012182-209x300.jpg\" alt=\"\" class=\"wp-image-17742\" srcset=\"https:\/\/www.lirapopular.cl\/lirapopularxix\/wp-content\/uploads\/2021\/03\/LO0012182-209x300.jpg 209w, https:\/\/www.lirapopular.cl\/lirapopularxix\/wp-content\/uploads\/2021\/03\/LO0012182.jpg 698w\" sizes=\"auto, (max-width: 209px) 100vw, 209px\" \/><\/a><figcaption>Archivo de Literatura Oral<br>Fondo Rodolfo Lenz<\/figcaption><\/figure><\/div>\n\n\n\n<p>Autor: Adolfo Reyes, El Tamayino.<br>Impresor: Imp. i Lib. Ercilla.\u2013Bandera, 21-K<br>Tama\u00f1o: 55 x 39 cm<br>Clasificaci\u00f3n: BN C\u00f3digo:\u00a0LO0012182<\/p>\n\n\n\n<ul class=\"wp-block-list\"><li><a href=\"https:\/\/www.lirapopular.cl\/lirapopularxix\/2021\/03\/17\/el-italiano-que-ultimo-a-lamujer\/\">El italiano que ultim\u00f3 a la mujer y sus tres hijos por irse con la sirvienta<\/a><\/li><li><a href=\"https:\/\/www.lirapopular.cl\/lirapopularxix\/2021\/03\/17\/gran-contrapuntode-un-futre-con-un-costino\/\">Gran contrapunto de un futre con un costino<\/a><\/li><li><a href=\"https:\/\/www.lirapopular.cl\/lirapopularxix\/2021\/03\/17\/contestacion-del-costinotestual\/\">Contestaci\u00f3n del costino (Textual)<\/a><\/li><li><a href=\"https:\/\/www.lirapopular.cl\/lirapopularxix\/2021\/03\/17\/la-ultima-sentencia-del-reopedro-ponce\/\">La \u00faltima sentencia del reo Pedro Ponce<\/a><\/li><li><a href=\"https:\/\/www.lirapopular.cl\/lirapopularxix\/2021\/03\/17\/carta-del-reo-tolorzaa-su-desgraciado-hijo\/\">Carta del reo Tolorza a su desgraciado hijo<\/a><\/li><li><a href=\"https:\/\/www.lirapopular.cl\/lirapopularxix\/2021\/03\/17\/ultimos-momentos-del-reoal-dirijirse-al-banco\/\">\u00daltimos momentos del reo al dirijirse al banco<\/a><\/li><\/ul>\n\n\n\n<p>Nota: Este ejemplar tiene escrito a mano con l\u00e1piz rojo \u201c-14-\u201d, &#8220;11&#8221;, con un l\u00e1piz grafito &#8220;30&#8221;, versos numerados con pluma y con un timbre &#8220;0296&#8221;.<br>Documento optimizado digitalmente.<\/p>\n","protected":false},"excerpt":{"rendered":"<p>Autor: Adolfo Reyes, El Tamayino.Impresor: Imp. i Lib. Ercilla.\u2013Bandera, 21-KTama\u00f1o: 55 x 39 cmClasificaci\u00f3n: BN C\u00f3digo:\u00a0LO0012182 El italiano que ultim\u00f3 a la mujer y sus tres hijos por irse con la sirvienta Gran contrapunto de un futre con un costino Contestaci\u00f3n del costino (Textual) La \u00faltima sentencia del reo Pedro Ponce Carta del reo Tolorza [&hellip;]<\/p>\n","protected":false},"author":1,"featured_media":0,"parent":0,"menu_order":0,"comment_status":"closed","ping_status":"closed","template":"","meta":{"footnotes":""},"class_list":["post-17741","page","type-page","status-publish","hentry"],"jetpack_sharing_enabled":true,"_links":{"self":[{"href":"https:\/\/www.lirapopular.cl\/lirapopularxix\/wp-json\/wp\/v2\/pages\/17741","targetHints":{"allow":["GET"]}}],"collection":[{"href":"https:\/\/www.lirapopular.cl\/lirapopularxix\/wp-json\/wp\/v2\/pages"}],"about":[{"href":"https:\/\/www.lirapopular.cl\/lirapopularxix\/wp-json\/wp\/v2\/types\/page"}],"author":[{"embeddable":true,"href":"https:\/\/www.lirapopular.cl\/lirapopularxix\/wp-json\/wp\/v2\/users\/1"}],"replies":[{"embeddable":true,"href":"https:\/\/www.lirapopular.cl\/lirapopularxix\/wp-json\/wp\/v2\/comments?post=17741"}],"version-history":[{"count":0,"href":"https:\/\/www.lirapopular.cl\/lirapopularxix\/wp-json\/wp\/v2\/pages\/17741\/revisions"}],"wp:attachment":[{"href":"https:\/\/www.lirapopular.cl\/lirapopularxix\/wp-json\/wp\/v2\/media?parent=17741"}],"curies":[{"name":"wp","href":"https:\/\/api.w.org\/{rel}","templated":true}]}}