{"id":17713,"date":"2021-03-17T17:33:36","date_gmt":"2021-03-17T21:33:36","guid":{"rendered":"https:\/\/www.lirapopular.cl\/lirapopularxix\/?page_id=17713"},"modified":"2021-03-17T17:33:36","modified_gmt":"2021-03-17T21:33:36","slug":"los-sucesos-del-parque-cousino","status":"publish","type":"page","link":"https:\/\/www.lirapopular.cl\/lirapopularxix\/los-sucesos-del-parque-cousino\/","title":{"rendered":"LOS SUCESOS DEL PARQUE COUSI\u00d1O"},"content":{"rendered":"\n<div class=\"wp-block-image\"><figure class=\"alignright size-medium\"><a href=\"https:\/\/www.lirapopular.cl\/lirapopularxix\/wp-content\/uploads\/2021\/03\/LO0012188.jpg\"><img loading=\"lazy\" decoding=\"async\" width=\"208\" height=\"300\" src=\"https:\/\/www.lirapopular.cl\/lirapopularxix\/wp-content\/uploads\/2021\/03\/LO0012188-208x300.jpg\" alt=\"\" class=\"wp-image-17714\" srcset=\"https:\/\/www.lirapopular.cl\/lirapopularxix\/wp-content\/uploads\/2021\/03\/LO0012188-208x300.jpg 208w, https:\/\/www.lirapopular.cl\/lirapopularxix\/wp-content\/uploads\/2021\/03\/LO0012188.jpg 694w\" sizes=\"auto, (max-width: 208px) 100vw, 208px\" \/><\/a><figcaption>Archivo de Literatura Oral<br>Fondo Rodolfo Lenz<\/figcaption><\/figure><\/div>\n\n\n\n<p>Autor: Adolfo Reyes.<br>Impresor: Sin informaci\u00f3n<br>Tama\u00f1o: 55 x 39 cm<br>Clasificaci\u00f3n: BN C\u00f3digo:\u00a0LO0012188<\/p>\n\n\n\n<ul class=\"wp-block-list\"><li><a href=\"https:\/\/www.lirapopular.cl\/lirapopularxix\/2021\/03\/17\/los-sucesos-del-dieziochoen-el-parque-cousino\/\">Los sucesos del dieciocho en el Parque Cousi\u00f1o<\/a><\/li><li><a href=\"https:\/\/www.lirapopular.cl\/lirapopularxix\/2021\/03\/17\/su-retrato\/\">Su retrato<\/a><\/li><li><a href=\"https:\/\/www.lirapopular.cl\/lirapopularxix\/2021\/03\/17\/revista-de-s-e-a-la-tropa-en-el-parque\/\">Revista de S. E. a la tropa en el Parque<\/a><\/li><li><a href=\"https:\/\/www.lirapopular.cl\/lirapopularxix\/2021\/03\/17\/mas-detallessobre-el-suceso-del-parque\/\">M\u00e1s detalles sobre el suceso del parque<\/a><\/li><li><a href=\"https:\/\/www.lirapopular.cl\/lirapopularxix\/2021\/03\/17\/el-guardian-del-presidioultimado-con-mas-de-diez-punaladas\/\">El guardi\u00e1n del presidio ultimado con m\u00e1s de diez pu\u00f1aladas<\/a><\/li><li><a href=\"https:\/\/www.lirapopular.cl\/lirapopularxix\/2021\/03\/17\/remedio-eficazpara-aprender-a-volar-sin-alas\/\">Remedio eficaz para aprender a volar sin alas<\/a><\/li><li><a href=\"https:\/\/www.lirapopular.cl\/lirapopularxix\/2021\/03\/17\/la-mujerque-tuvo-siete-mellizos\/\">La mujer que tuvo siete mellizos<\/a><\/li><li><a href=\"https:\/\/www.lirapopular.cl\/lirapopularxix\/2021\/03\/17\/la-viejitaque-se-quemo-viva-tomando-mate\/\">La viejita que se quem\u00f3 viva tomando mate<\/a><\/li><\/ul>\n\n\n\n<p>Nota: Este ejemplar tiene escrito a mano con l\u00e1piz rojo \u201c20\u201d, con l\u00e1piz grafito &#8220;35&#8221; &#8220;(1891)&#8221;. Timbre: &#8220;Dr. RODOLFO LENZ, CASILLA 844, SANTIAGO DE CHILE&#8221;, &#8220;-301&#8221;.<br>Documento optimizado digitalmente.<\/p>\n","protected":false},"excerpt":{"rendered":"<p>Autor: Adolfo Reyes.Impresor: Sin informaci\u00f3nTama\u00f1o: 55 x 39 cmClasificaci\u00f3n: BN C\u00f3digo:\u00a0LO0012188 Los sucesos del dieciocho en el Parque Cousi\u00f1o Su retrato Revista de S. E. a la tropa en el Parque M\u00e1s detalles sobre el suceso del parque El guardi\u00e1n del presidio ultimado con m\u00e1s de diez pu\u00f1aladas Remedio eficaz para aprender a volar sin [&hellip;]<\/p>\n","protected":false},"author":1,"featured_media":0,"parent":0,"menu_order":0,"comment_status":"closed","ping_status":"closed","template":"","meta":{"footnotes":""},"class_list":["post-17713","page","type-page","status-publish","hentry"],"jetpack_sharing_enabled":true,"_links":{"self":[{"href":"https:\/\/www.lirapopular.cl\/lirapopularxix\/wp-json\/wp\/v2\/pages\/17713","targetHints":{"allow":["GET"]}}],"collection":[{"href":"https:\/\/www.lirapopular.cl\/lirapopularxix\/wp-json\/wp\/v2\/pages"}],"about":[{"href":"https:\/\/www.lirapopular.cl\/lirapopularxix\/wp-json\/wp\/v2\/types\/page"}],"author":[{"embeddable":true,"href":"https:\/\/www.lirapopular.cl\/lirapopularxix\/wp-json\/wp\/v2\/users\/1"}],"replies":[{"embeddable":true,"href":"https:\/\/www.lirapopular.cl\/lirapopularxix\/wp-json\/wp\/v2\/comments?post=17713"}],"version-history":[{"count":0,"href":"https:\/\/www.lirapopular.cl\/lirapopularxix\/wp-json\/wp\/v2\/pages\/17713\/revisions"}],"wp:attachment":[{"href":"https:\/\/www.lirapopular.cl\/lirapopularxix\/wp-json\/wp\/v2\/media?parent=17713"}],"curies":[{"name":"wp","href":"https:\/\/api.w.org\/{rel}","templated":true}]}}