{"id":17652,"date":"2021-03-16T22:13:24","date_gmt":"2021-03-17T02:13:24","guid":{"rendered":"https:\/\/www.lirapopular.cl\/lirapopularxix\/?page_id=17652"},"modified":"2021-03-16T22:13:24","modified_gmt":"2021-03-17T02:13:24","slug":"la-protesta-de-los-despacheros","status":"publish","type":"page","link":"https:\/\/www.lirapopular.cl\/lirapopularxix\/la-protesta-de-los-despacheros\/","title":{"rendered":"LA PROTESTA DE LOS DESPACHEROS"},"content":{"rendered":"\n<div class=\"wp-block-image\"><figure class=\"alignright size-medium\"><a href=\"https:\/\/www.lirapopular.cl\/lirapopularxix\/wp-content\/uploads\/2021\/03\/LO0012177.jpg\"><img loading=\"lazy\" decoding=\"async\" width=\"210\" height=\"300\" src=\"https:\/\/www.lirapopular.cl\/lirapopularxix\/wp-content\/uploads\/2021\/03\/LO0012177-210x300.jpg\" alt=\"\" class=\"wp-image-17653\" srcset=\"https:\/\/www.lirapopular.cl\/lirapopularxix\/wp-content\/uploads\/2021\/03\/LO0012177-210x300.jpg 210w, https:\/\/www.lirapopular.cl\/lirapopularxix\/wp-content\/uploads\/2021\/03\/LO0012177.jpg 701w\" sizes=\"auto, (max-width: 210px) 100vw, 210px\" \/><\/a><figcaption>Archivo de Literatura Oral<br>Fondo Rodolfo Lenz<\/figcaption><\/figure><\/div>\n\n\n\n<p>Autor: Adolfo Reyes.<br>Impresor: Impt. y Encuadernaci\u00f3n.\u2013Arturo Prat 2\u00ba B<br>Tama\u00f1o: 40 x 28 cm<br>Clasificaci\u00f3n: BN C\u00f3digo:\u00a0LO0012177<\/p>\n\n\n\n<ul class=\"wp-block-list\"><li><a href=\"https:\/\/www.lirapopular.cl\/lirapopularxix\/2021\/03\/17\/gran-protesta-de-losdespacheros\/\">Gran protesta de los despacheros<\/a><\/li><li><a href=\"https:\/\/www.lirapopular.cl\/lirapopularxix\/2021\/03\/17\/la-mujer-que-enveneno-almarido-por-celos\/\">La mujer que envenen\u00f3 al marido por celos<\/a><\/li><li><a href=\"https:\/\/www.lirapopular.cl\/lirapopularxix\/2021\/03\/17\/cuecas-modernas-4\/\">Cuecas modernas<\/a><\/li><li><a href=\"https:\/\/www.lirapopular.cl\/lirapopularxix\/2021\/03\/17\/cuecas-de-la-colejiala-3\/\">Cuecas de la colegiala<\/a><\/li><li><a href=\"https:\/\/www.lirapopular.cl\/lirapopularxix\/2021\/03\/17\/rogativas-2\/\">Rogativas<\/a><\/li><\/ul>\n\n\n\n<p>Nota: Este ejemplar tiene escrito a mano con l\u00e1piz rojo \u201c-9-\u201d, con l\u00e1piz grafito &#8220;5&#8221; y con un timbre &#8220;0270&#8221;.<br>Documento optimizado digitalmente.<\/p>\n","protected":false},"excerpt":{"rendered":"<p>Autor: Adolfo Reyes.Impresor: Impt. y Encuadernaci\u00f3n.\u2013Arturo Prat 2\u00ba BTama\u00f1o: 40 x 28 cmClasificaci\u00f3n: BN C\u00f3digo:\u00a0LO0012177 Gran protesta de los despacheros La mujer que envenen\u00f3 al marido por celos Cuecas modernas Cuecas de la colegiala Rogativas Nota: Este ejemplar tiene escrito a mano con l\u00e1piz rojo \u201c-9-\u201d, con l\u00e1piz grafito &#8220;5&#8221; y con un timbre &#8220;0270&#8221;.Documento [&hellip;]<\/p>\n","protected":false},"author":1,"featured_media":0,"parent":0,"menu_order":0,"comment_status":"closed","ping_status":"closed","template":"","meta":{"footnotes":""},"class_list":["post-17652","page","type-page","status-publish","hentry"],"jetpack_sharing_enabled":true,"_links":{"self":[{"href":"https:\/\/www.lirapopular.cl\/lirapopularxix\/wp-json\/wp\/v2\/pages\/17652","targetHints":{"allow":["GET"]}}],"collection":[{"href":"https:\/\/www.lirapopular.cl\/lirapopularxix\/wp-json\/wp\/v2\/pages"}],"about":[{"href":"https:\/\/www.lirapopular.cl\/lirapopularxix\/wp-json\/wp\/v2\/types\/page"}],"author":[{"embeddable":true,"href":"https:\/\/www.lirapopular.cl\/lirapopularxix\/wp-json\/wp\/v2\/users\/1"}],"replies":[{"embeddable":true,"href":"https:\/\/www.lirapopular.cl\/lirapopularxix\/wp-json\/wp\/v2\/comments?post=17652"}],"version-history":[{"count":0,"href":"https:\/\/www.lirapopular.cl\/lirapopularxix\/wp-json\/wp\/v2\/pages\/17652\/revisions"}],"wp:attachment":[{"href":"https:\/\/www.lirapopular.cl\/lirapopularxix\/wp-json\/wp\/v2\/media?parent=17652"}],"curies":[{"name":"wp","href":"https:\/\/api.w.org\/{rel}","templated":true}]}}