{"id":17621,"date":"2021-03-16T09:51:43","date_gmt":"2021-03-16T13:51:43","guid":{"rendered":"https:\/\/www.lirapopular.cl\/lirapopularxix\/?page_id=17621"},"modified":"2021-03-16T09:51:43","modified_gmt":"2021-03-16T13:51:43","slug":"la-nina-del-culebron","status":"publish","type":"page","link":"https:\/\/www.lirapopular.cl\/lirapopularxix\/la-nina-del-culebron\/","title":{"rendered":"La ni\u00f1a del culebron &#8211; Envenami\u00e9nto &#8211; Servicio militar"},"content":{"rendered":"\n<div class=\"wp-block-image\"><figure class=\"alignright size-medium\"><a href=\"https:\/\/www.lirapopular.cl\/lirapopularxix\/wp-content\/uploads\/2021\/03\/LO0012548-1.jpg\"><img decoding=\"async\" src=\"https:\/\/www.lirapopular.cl\/lirapopularxix\/wp-content\/uploads\/2021\/03\/LO0012548-1-211x300.jpg\" alt=\"\" class=\"wp-image-17623\"\/><\/a><figcaption>Archivo de Literatura Oral<br>Colecci\u00f3n Alamiro de \u00c1vila<\/figcaption><\/figure><\/div>\n\n\n\n<p>Autor: Adolfo Reyes.<br>Impresor: Imp. J. Gregorio Olivares, Maturana 884\u2013Santiago<br>Tama\u00f1o: 55 x 38 cm<br>Clasificaci\u00f3n: BN C\u00f3digo:\u00a0LO0012548<\/p>\n\n\n\n<ul class=\"wp-block-list\"><li><a href=\"https:\/\/www.lirapopular.cl\/lirapopularxix\/2021\/03\/16\/la-nina-libertada-del-culebron\/\">La ni\u00f1a libertada del culebr\u00f3n<\/a><\/li><li><a href=\"https:\/\/www.lirapopular.cl\/lirapopularxix\/2021\/03\/16\/continuacion-de-la-nina\/\">Continuaci\u00f3n de la ni\u00f1a<\/a><\/li><li><a href=\"https:\/\/www.lirapopular.cl\/lirapopularxix\/2021\/03\/16\/la-nina-que-se-enveneno-enla-avenida-de-la-providencia\/\">La ni\u00f1a que se envenen\u00f3 en la Avenida de la Providencia<\/a><\/li><li><a href=\"https:\/\/www.lirapopular.cl\/lirapopularxix\/2021\/03\/16\/el-enterrado-vivo-en-carrizal\/\">El enterrado vivo en Carrizal<\/a><\/li><li><a href=\"https:\/\/www.lirapopular.cl\/lirapopularxix\/2021\/03\/16\/el-servicio-militar-obligatorio\/\">El servicio militar obligatorio<\/a><\/li><li><a href=\"https:\/\/www.lirapopular.cl\/lirapopularxix\/2021\/03\/16\/cuecadel-batallon-escuela-de-clase\/\">Cueca del Batallon Escuela de Clase<\/a><\/li><li><a href=\"https:\/\/www.lirapopular.cl\/lirapopularxix\/2021\/03\/16\/cancionde-un-miliar-del-nnmero-uno\/\">Canci\u00f3n de un militar del n\u00famero uno<\/a><\/li><\/ul>\n\n\n\n<p>Nota: Este ejemplar tiene escrito a mano con plum\u00f3n \u201c222\u201d. Por el reverso&#8221;300&#8243;.<br>Documento optimizado digitalmente.<\/p>\n","protected":false},"excerpt":{"rendered":"<p>Autor: Adolfo Reyes.Impresor: Imp. J. Gregorio Olivares, Maturana 884\u2013SantiagoTama\u00f1o: 55 x 38 cmClasificaci\u00f3n: BN C\u00f3digo:\u00a0LO0012548 La ni\u00f1a libertada del culebr\u00f3n Continuaci\u00f3n de la ni\u00f1a La ni\u00f1a que se envenen\u00f3 en la Avenida de la Providencia El enterrado vivo en Carrizal El servicio militar obligatorio Cueca del Batallon Escuela de Clase Canci\u00f3n de un militar del [&hellip;]<\/p>\n","protected":false},"author":1,"featured_media":0,"parent":0,"menu_order":0,"comment_status":"closed","ping_status":"closed","template":"","meta":{"footnotes":""},"class_list":["post-17621","page","type-page","status-publish","hentry"],"jetpack_sharing_enabled":true,"_links":{"self":[{"href":"https:\/\/www.lirapopular.cl\/lirapopularxix\/wp-json\/wp\/v2\/pages\/17621","targetHints":{"allow":["GET"]}}],"collection":[{"href":"https:\/\/www.lirapopular.cl\/lirapopularxix\/wp-json\/wp\/v2\/pages"}],"about":[{"href":"https:\/\/www.lirapopular.cl\/lirapopularxix\/wp-json\/wp\/v2\/types\/page"}],"author":[{"embeddable":true,"href":"https:\/\/www.lirapopular.cl\/lirapopularxix\/wp-json\/wp\/v2\/users\/1"}],"replies":[{"embeddable":true,"href":"https:\/\/www.lirapopular.cl\/lirapopularxix\/wp-json\/wp\/v2\/comments?post=17621"}],"version-history":[{"count":0,"href":"https:\/\/www.lirapopular.cl\/lirapopularxix\/wp-json\/wp\/v2\/pages\/17621\/revisions"}],"wp:attachment":[{"href":"https:\/\/www.lirapopular.cl\/lirapopularxix\/wp-json\/wp\/v2\/media?parent=17621"}],"curies":[{"name":"wp","href":"https:\/\/api.w.org\/{rel}","templated":true}]}}