{"id":1755,"date":"2019-07-20T00:16:43","date_gmt":"2019-07-20T04:16:43","guid":{"rendered":"https:\/\/www.lirapopular.cl\/lirapopularxix\/?page_id=1755"},"modified":"2019-07-20T00:16:43","modified_gmt":"2019-07-20T04:16:43","slug":"los-yankees","status":"publish","type":"page","link":"https:\/\/www.lirapopular.cl\/lirapopularxix\/los-yankees\/","title":{"rendered":"Los yankees"},"content":{"rendered":"\n<div class=\"wp-block-image\"><figure class=\"alignright\"><a href=\"https:\/\/www.lirapopular.cl\/lirapopularxix\/wp-content\/uploads\/2019\/07\/713.jpg\"><img loading=\"lazy\" decoding=\"async\" width=\"300\" height=\"205\" src=\"https:\/\/www.lirapopular.cl\/lirapopularxix\/wp-content\/uploads\/2019\/07\/713-300x205.jpg\" alt=\"\" class=\"wp-image-1757\" srcset=\"https:\/\/www.lirapopular.cl\/lirapopularxix\/wp-content\/uploads\/2019\/07\/713-300x205.jpg 300w, https:\/\/www.lirapopular.cl\/lirapopularxix\/wp-content\/uploads\/2019\/07\/713-768x524.jpg 768w, https:\/\/www.lirapopular.cl\/lirapopularxix\/wp-content\/uploads\/2019\/07\/713.jpg 1000w\" sizes=\"auto, (max-width: 300px) 100vw, 300px\" \/><\/a><figcaption>Colecci\u00f3n Lira Popular de la Universidad de Chile<\/figcaption><\/figure><\/div>\n\n\n\n<p>Autor: An\u00f3nimo<br>Impresor: Sin informaci\u00f3n<br>Tama\u00f1o: 25,6 x 37,3 cm<br>Clasificaci\u00f3n: 713 Y23 Caja N\u00b04a<\/p>\n\n\n\n<ul class=\"wp-block-list\"><li><a href=\"https:\/\/www.lirapopular.cl\/lirapopularxix\/2019\/07\/20\/los-yankees\/\">Los yankees<\/a><\/li><li><a href=\"https:\/\/www.lirapopular.cl\/lirapopularxix\/2019\/07\/20\/calamidades\/\">Calamidades<\/a><\/li><li><a href=\"https:\/\/www.lirapopular.cl\/lirapopularxix\/2019\/07\/20\/adios-de-un-balmacedista\/\">Adi\u00f3s de un balmacedista<\/a><\/li><li><a href=\"https:\/\/www.lirapopular.cl\/lirapopularxix\/2019\/07\/20\/los-constitucionales\/\">Los constitucionales<\/a><\/li><\/ul>\n\n\n\n<p>Nota: Este ejemplar tiene escrito a mano con l\u00e1piz rojo \u201c713\u201d<\/p>\n\n\n\n<p>Tres d\u00e9cimas carecen de <em>Despedida<\/em> o <em>Cogollo<\/em> y la cuarta tiene una estructura propia.<\/p>\n","protected":false},"excerpt":{"rendered":"<p>Autor: An\u00f3nimoImpresor: Sin informaci\u00f3nTama\u00f1o: 25,6 x 37,3 cmClasificaci\u00f3n: 713 Y23 Caja N\u00b04a Los yankees Calamidades Adi\u00f3s de un balmacedista Los constitucionales Nota: Este ejemplar tiene escrito a mano con l\u00e1piz rojo \u201c713\u201d Tres d\u00e9cimas carecen de Despedida o Cogollo y la cuarta tiene una estructura propia.<\/p>\n","protected":false},"author":1,"featured_media":0,"parent":0,"menu_order":0,"comment_status":"closed","ping_status":"closed","template":"","meta":{"footnotes":""},"class_list":["post-1755","page","type-page","status-publish","hentry"],"jetpack_sharing_enabled":true,"_links":{"self":[{"href":"https:\/\/www.lirapopular.cl\/lirapopularxix\/wp-json\/wp\/v2\/pages\/1755","targetHints":{"allow":["GET"]}}],"collection":[{"href":"https:\/\/www.lirapopular.cl\/lirapopularxix\/wp-json\/wp\/v2\/pages"}],"about":[{"href":"https:\/\/www.lirapopular.cl\/lirapopularxix\/wp-json\/wp\/v2\/types\/page"}],"author":[{"embeddable":true,"href":"https:\/\/www.lirapopular.cl\/lirapopularxix\/wp-json\/wp\/v2\/users\/1"}],"replies":[{"embeddable":true,"href":"https:\/\/www.lirapopular.cl\/lirapopularxix\/wp-json\/wp\/v2\/comments?post=1755"}],"version-history":[{"count":0,"href":"https:\/\/www.lirapopular.cl\/lirapopularxix\/wp-json\/wp\/v2\/pages\/1755\/revisions"}],"wp:attachment":[{"href":"https:\/\/www.lirapopular.cl\/lirapopularxix\/wp-json\/wp\/v2\/media?parent=1755"}],"curies":[{"name":"wp","href":"https:\/\/api.w.org\/{rel}","templated":true}]}}