{"id":17549,"date":"2021-03-13T12:14:24","date_gmt":"2021-03-13T16:14:24","guid":{"rendered":"https:\/\/www.lirapopular.cl\/lirapopularxix\/?page_id=17549"},"modified":"2021-03-13T12:14:24","modified_gmt":"2021-03-13T16:14:24","slug":"horrendo-crimen-un-artillero-muerto","status":"publish","type":"page","link":"https:\/\/www.lirapopular.cl\/lirapopularxix\/horrendo-crimen-un-artillero-muerto\/","title":{"rendered":"HORRENDO CR\u00cdMEN <br>Un artillero muerto alevosamente"},"content":{"rendered":"\n<div class=\"wp-block-image\"><figure class=\"alignright size-medium\"><a href=\"https:\/\/www.lirapopular.cl\/lirapopularxix\/wp-content\/uploads\/2021\/03\/LO0012170.jpg\"><img loading=\"lazy\" decoding=\"async\" width=\"209\" height=\"300\" src=\"https:\/\/www.lirapopular.cl\/lirapopularxix\/wp-content\/uploads\/2021\/03\/LO0012170-209x300.jpg\" alt=\"\" class=\"wp-image-17550\" srcset=\"https:\/\/www.lirapopular.cl\/lirapopularxix\/wp-content\/uploads\/2021\/03\/LO0012170-209x300.jpg 209w, https:\/\/www.lirapopular.cl\/lirapopularxix\/wp-content\/uploads\/2021\/03\/LO0012170.jpg 698w\" sizes=\"auto, (max-width: 209px) 100vw, 209px\" \/><\/a><figcaption>Archivo de Literatura Oral<br>Fondo Rodolfo Lenz<\/figcaption><\/figure><\/div>\n\n\n\n<p>Autor: Adolfo Reyes.<br>Impresor: Sin informaci\u00f3n<br>Tama\u00f1o: 40 x 27 cm<br>Clasificaci\u00f3n: BN C\u00f3digo: LO0012170<\/p>\n\n\n\n<ul class=\"wp-block-list\"><li><a href=\"https:\/\/www.lirapopular.cl\/lirapopularxix\/2021\/03\/14\/el-ninoque-nacio-con-tres-pies-i-contres-cabezas\/\">El ni\u00f1o que naci\u00f3 con tres pies i con tres cabezas<\/a><\/li><li><a href=\"https:\/\/www.lirapopular.cl\/lirapopularxix\/2021\/03\/14\/dialogo-entrebalmaceda-i-s-pedro\/\">Di\u00e1logo entre Balmaceda y S. Pedro en las puertas del cielo (conclusi\u00f3n)<\/a><\/li><li><a href=\"https:\/\/www.lirapopular.cl\/lirapopularxix\/2021\/03\/14\/el-artilleromuerto-a-punaladas-en-lacalle-aldunate\/\">El artillero muerto a pu\u00f1aladas en la calle Aldunate<\/a><\/li><li><a href=\"https:\/\/www.lirapopular.cl\/lirapopularxix\/2021\/03\/14\/el-trabajadormuerto-por-un-gringo\/\">El trabajador muerto por un gringo<\/a><\/li><\/ul>\n\n\n\n<p>Nota: Este ejemplar tiene escrito a mano con l\u00e1piz rojo \u201c-2-\u201d, con un timbre borroso &#8220;0368&#8221; y con l\u00e1piz grafito &#8220;3&#8221;.<br>Documento optimizado digitalmente.<\/p>\n","protected":false},"excerpt":{"rendered":"<p>Autor: Adolfo Reyes.Impresor: Sin informaci\u00f3nTama\u00f1o: 40 x 27 cmClasificaci\u00f3n: BN C\u00f3digo: LO0012170 El ni\u00f1o que naci\u00f3 con tres pies i con tres cabezas Di\u00e1logo entre Balmaceda y S. Pedro en las puertas del cielo (conclusi\u00f3n) El artillero muerto a pu\u00f1aladas en la calle Aldunate El trabajador muerto por un gringo Nota: Este ejemplar tiene escrito [&hellip;]<\/p>\n","protected":false},"author":1,"featured_media":0,"parent":0,"menu_order":0,"comment_status":"closed","ping_status":"closed","template":"","meta":{"footnotes":""},"class_list":["post-17549","page","type-page","status-publish","hentry"],"jetpack_sharing_enabled":true,"_links":{"self":[{"href":"https:\/\/www.lirapopular.cl\/lirapopularxix\/wp-json\/wp\/v2\/pages\/17549","targetHints":{"allow":["GET"]}}],"collection":[{"href":"https:\/\/www.lirapopular.cl\/lirapopularxix\/wp-json\/wp\/v2\/pages"}],"about":[{"href":"https:\/\/www.lirapopular.cl\/lirapopularxix\/wp-json\/wp\/v2\/types\/page"}],"author":[{"embeddable":true,"href":"https:\/\/www.lirapopular.cl\/lirapopularxix\/wp-json\/wp\/v2\/users\/1"}],"replies":[{"embeddable":true,"href":"https:\/\/www.lirapopular.cl\/lirapopularxix\/wp-json\/wp\/v2\/comments?post=17549"}],"version-history":[{"count":0,"href":"https:\/\/www.lirapopular.cl\/lirapopularxix\/wp-json\/wp\/v2\/pages\/17549\/revisions"}],"wp:attachment":[{"href":"https:\/\/www.lirapopular.cl\/lirapopularxix\/wp-json\/wp\/v2\/media?parent=17549"}],"curies":[{"name":"wp","href":"https:\/\/api.w.org\/{rel}","templated":true}]}}