{"id":17530,"date":"2021-03-12T14:45:33","date_gmt":"2021-03-12T18:45:33","guid":{"rendered":"https:\/\/www.lirapopular.cl\/lirapopularxix\/?page_id=17530"},"modified":"2021-03-12T14:45:33","modified_gmt":"2021-03-12T18:45:33","slug":"horrendo-asesinato-el-italiano","status":"publish","type":"page","link":"https:\/\/www.lirapopular.cl\/lirapopularxix\/horrendo-asesinato-el-italiano\/","title":{"rendered":"HORRENDO ASESINATO <BR>EL ITALIANO QUE MAT\u00d3 A OTRO ITALIANO POR CELOS DE UNA MUJER"},"content":{"rendered":"\n<div class=\"wp-block-image\"><figure class=\"alignright size-medium\"><a href=\"https:\/\/www.lirapopular.cl\/lirapopularxix\/wp-content\/uploads\/2021\/03\/LO0012172.jpg\"><img loading=\"lazy\" decoding=\"async\" width=\"206\" height=\"300\" src=\"https:\/\/www.lirapopular.cl\/lirapopularxix\/wp-content\/uploads\/2021\/03\/LO0012172-206x300.jpg\" alt=\"\" class=\"wp-image-17533\" srcset=\"https:\/\/www.lirapopular.cl\/lirapopularxix\/wp-content\/uploads\/2021\/03\/LO0012172-206x300.jpg 206w, https:\/\/www.lirapopular.cl\/lirapopularxix\/wp-content\/uploads\/2021\/03\/LO0012172.jpg 686w\" sizes=\"auto, (max-width: 206px) 100vw, 206px\" \/><\/a><figcaption>Archivo de Literatura Oral<br>Fondo Rodolfo Lenz<\/figcaption><\/figure><\/div>\n\n\n\n<p>Autor: Adolfo Reyes.<br>Impresor: Sin informaci\u00f3n<br>Tama\u00f1o: 47 x 32 cm<br>Clasificaci\u00f3n: BN C\u00f3digo:&nbsp;LO0012172<\/p>\n\n\n\n<ul class=\"wp-block-list\"><li><a href=\"https:\/\/www.lirapopular.cl\/lirapopularxix\/2021\/03\/13\/literatura-17\/\">Literatura<\/a><\/li><li><a href=\"https:\/\/www.lirapopular.cl\/lirapopularxix\/2021\/03\/13\/el-italianoque-mato-a-otro-italiano\/\">El italiano que mat\u00f3 a otro italiano<\/a><\/li><li><a href=\"https:\/\/www.lirapopular.cl\/lirapopularxix\/2021\/03\/13\/las-conductorasportenas\/\">Las conductoras porte\u00f1as<\/a><\/li><li><a href=\"https:\/\/www.lirapopular.cl\/lirapopularxix\/2021\/03\/13\/versosde-la-baja-del-cambio\/\">Versos de la baja del cambio<\/a><\/li><li><a href=\"https:\/\/www.lirapopular.cl\/lirapopularxix\/2021\/03\/13\/a-mi-querida-2\/\">A mi querida<\/a><\/li><li><a href=\"https:\/\/www.lirapopular.cl\/lirapopularxix\/2021\/03\/13\/por-fatal-enamorado\/\">Por fatal enamorado<\/a><\/li><\/ul>\n\n\n\n<p>Nota: Este ejemplar tiene escrito a mano con l\u00e1piz rojo \u201c-4-\u201d, con un timbre &#8220;0388&#8221;, con l\u00e1piz grafit0 &#8220;23&#8221;.<br>Documento optimizado digitalmente.<\/p>\n","protected":false},"excerpt":{"rendered":"<p>Autor: Adolfo Reyes.Impresor: Sin informaci\u00f3nTama\u00f1o: 47 x 32 cmClasificaci\u00f3n: BN C\u00f3digo:&nbsp;LO0012172 Literatura El italiano que mat\u00f3 a otro italiano Las conductoras porte\u00f1as Versos de la baja del cambio A mi querida Por fatal enamorado Nota: Este ejemplar tiene escrito a mano con l\u00e1piz rojo \u201c-4-\u201d, con un timbre &#8220;0388&#8221;, con l\u00e1piz grafit0 &#8220;23&#8221;.Documento optimizado digitalmente.<\/p>\n","protected":false},"author":1,"featured_media":0,"parent":0,"menu_order":0,"comment_status":"closed","ping_status":"closed","template":"","meta":{"footnotes":""},"class_list":["post-17530","page","type-page","status-publish","hentry"],"jetpack_sharing_enabled":true,"_links":{"self":[{"href":"https:\/\/www.lirapopular.cl\/lirapopularxix\/wp-json\/wp\/v2\/pages\/17530","targetHints":{"allow":["GET"]}}],"collection":[{"href":"https:\/\/www.lirapopular.cl\/lirapopularxix\/wp-json\/wp\/v2\/pages"}],"about":[{"href":"https:\/\/www.lirapopular.cl\/lirapopularxix\/wp-json\/wp\/v2\/types\/page"}],"author":[{"embeddable":true,"href":"https:\/\/www.lirapopular.cl\/lirapopularxix\/wp-json\/wp\/v2\/users\/1"}],"replies":[{"embeddable":true,"href":"https:\/\/www.lirapopular.cl\/lirapopularxix\/wp-json\/wp\/v2\/comments?post=17530"}],"version-history":[{"count":0,"href":"https:\/\/www.lirapopular.cl\/lirapopularxix\/wp-json\/wp\/v2\/pages\/17530\/revisions"}],"wp:attachment":[{"href":"https:\/\/www.lirapopular.cl\/lirapopularxix\/wp-json\/wp\/v2\/media?parent=17530"}],"curies":[{"name":"wp","href":"https:\/\/api.w.org\/{rel}","templated":true}]}}