{"id":17493,"date":"2021-03-11T12:32:44","date_gmt":"2021-03-11T16:32:44","guid":{"rendered":"https:\/\/www.lirapopular.cl\/lirapopularxix\/?page_id=17493"},"modified":"2021-03-11T12:32:44","modified_gmt":"2021-03-11T16:32:44","slug":"el-proximo-fusilamiento-y","status":"publish","type":"page","link":"https:\/\/www.lirapopular.cl\/lirapopularxix\/el-proximo-fusilamiento-y\/","title":{"rendered":"EL PROXIMO FUSILAMIENTO <br>Y LOS <br>asilados en la Legacion American[a]"},"content":{"rendered":"\n<div class=\"wp-block-image\"><figure class=\"alignright size-medium\"><a href=\"https:\/\/www.lirapopular.cl\/lirapopularxix\/wp-content\/uploads\/2021\/03\/LO0012206.jpg\"><img decoding=\"async\" src=\"https:\/\/www.lirapopular.cl\/lirapopularxix\/wp-content\/uploads\/2021\/03\/LO0012206-208x300.jpg\" alt=\"\" class=\"wp-image-17496\"\/><\/a><figcaption>Archivo de Literatura Oral<br>Fondo Rodolfo Lenz<\/figcaption><\/figure><\/div>\n\n\n\n<p>Autor: Adolfo Reyes.<br>Impresor: Imprenta Ercilla, Bandera 21-K<br>Tama\u00f1o: 55 x 39 cm<br>Clasificaci\u00f3n: BN C\u00f3digo: LO0012206<\/p>\n\n\n\n<ul class=\"wp-block-list\"><li><a href=\"https:\/\/www.lirapopular.cl\/lirapopularxix\/2021\/03\/12\/el-reo-jose-domingo-bricenocondenado-a-muerte-2\/\">El reo Jos\u00e9 Domingo Brice\u00f1o condenado a muerte<\/a><\/li><li><a href=\"https:\/\/www.lirapopular.cl\/lirapopularxix\/2021\/03\/12\/los-sucesos-de-san-fernando\/\">Los sucesos de San Fernando<\/a><\/li><li><a href=\"https:\/\/www.lirapopular.cl\/lirapopularxix\/2021\/03\/12\/el-reo-briceno\/\">El reo Brice\u00f1o<\/a><\/li><li><a href=\"https:\/\/www.lirapopular.cl\/lirapopularxix\/2021\/03\/12\/la-caida-del-ministerio\/\">La ca\u00edda del ministerio<\/a><\/li><li><a href=\"https:\/\/www.lirapopular.cl\/lirapopularxix\/2021\/03\/12\/las-cuecas-del-zapatero\/\">Las cuecas del zapatero<\/a><\/li><li><a href=\"https:\/\/www.lirapopular.cl\/lirapopularxix\/2021\/03\/12\/el-crimen-de-la-calle-patriciolynch\/\">El crimen de la calle Patricio Lynch<\/a><\/li><li><a href=\"https:\/\/www.lirapopular.cl\/lirapopularxix\/2021\/03\/12\/datos-interesantes\/\">Datos interesantes<\/a><\/li><li><a href=\"https:\/\/www.lirapopular.cl\/lirapopularxix\/2021\/03\/12\/muchas-cosas\/\">Muchas cosas<\/a><\/li><li><a href=\"https:\/\/www.lirapopular.cl\/lirapopularxix\/2021\/03\/12\/cantares-14\/\">Cantares<\/a><\/li><\/ul>\n\n\n\n<p>Nota: abril 1893. Dataci\u00f3n de las liras populares de la Colecci\u00f3n Lenz. Carolina Tapia.<br>Dise\u00f1o similar a lira 138 T153p Caja N\u00b07, <a href=\"https:\/\/www.lirapopular.cl\/lirapopularxix\/el-proximo-fusilamiento-del-reo-bricegno\/\" target=\"_blank\" rel=\"noreferrer noopener\">ver<\/a>.<br>Este ejemplar tiene escrito a mano con l\u00e1piz azul \u201c-38-\u201d y con un timbre &#8220;0290&#8221;.<br>Documento optimizado digitalmente.<\/p>\n","protected":false},"excerpt":{"rendered":"<p>Autor: Adolfo Reyes.Impresor: Imprenta Ercilla, Bandera 21-KTama\u00f1o: 55 x 39 cmClasificaci\u00f3n: BN C\u00f3digo: LO0012206 El reo Jos\u00e9 Domingo Brice\u00f1o condenado a muerte Los sucesos de San Fernando El reo Brice\u00f1o La ca\u00edda del ministerio Las cuecas del zapatero El crimen de la calle Patricio Lynch Datos interesantes Muchas cosas Cantares Nota: abril 1893. Dataci\u00f3n de [&hellip;]<\/p>\n","protected":false},"author":1,"featured_media":0,"parent":0,"menu_order":0,"comment_status":"closed","ping_status":"closed","template":"","meta":{"footnotes":""},"class_list":["post-17493","page","type-page","status-publish","hentry"],"jetpack_sharing_enabled":true,"_links":{"self":[{"href":"https:\/\/www.lirapopular.cl\/lirapopularxix\/wp-json\/wp\/v2\/pages\/17493","targetHints":{"allow":["GET"]}}],"collection":[{"href":"https:\/\/www.lirapopular.cl\/lirapopularxix\/wp-json\/wp\/v2\/pages"}],"about":[{"href":"https:\/\/www.lirapopular.cl\/lirapopularxix\/wp-json\/wp\/v2\/types\/page"}],"author":[{"embeddable":true,"href":"https:\/\/www.lirapopular.cl\/lirapopularxix\/wp-json\/wp\/v2\/users\/1"}],"replies":[{"embeddable":true,"href":"https:\/\/www.lirapopular.cl\/lirapopularxix\/wp-json\/wp\/v2\/comments?post=17493"}],"version-history":[{"count":0,"href":"https:\/\/www.lirapopular.cl\/lirapopularxix\/wp-json\/wp\/v2\/pages\/17493\/revisions"}],"wp:attachment":[{"href":"https:\/\/www.lirapopular.cl\/lirapopularxix\/wp-json\/wp\/v2\/media?parent=17493"}],"curies":[{"name":"wp","href":"https:\/\/api.w.org\/{rel}","templated":true}]}}