{"id":17468,"date":"2021-03-11T10:18:09","date_gmt":"2021-03-11T14:18:09","guid":{"rendered":"https:\/\/www.lirapopular.cl\/lirapopularxix\/?page_id=17468"},"modified":"2021-03-11T10:18:09","modified_gmt":"2021-03-11T14:18:09","slug":"el-precioso-codigo-de-los-casados-2","status":"publish","type":"page","link":"https:\/\/www.lirapopular.cl\/lirapopularxix\/el-precioso-codigo-de-los-casados-2\/","title":{"rendered":"El precioso c\u00f3digo de los casados <br>Deberes del marido y mujer"},"content":{"rendered":"\n<div class=\"wp-block-image\"><figure class=\"alignright size-medium\"><a href=\"https:\/\/www.lirapopular.cl\/lirapopularxix\/wp-content\/uploads\/2021\/03\/LO0012553.jpg\"><img loading=\"lazy\" decoding=\"async\" width=\"209\" height=\"300\" src=\"https:\/\/www.lirapopular.cl\/lirapopularxix\/wp-content\/uploads\/2021\/03\/LO0012553-209x300.jpg\" alt=\"\" class=\"wp-image-17469\" srcset=\"https:\/\/www.lirapopular.cl\/lirapopularxix\/wp-content\/uploads\/2021\/03\/LO0012553-209x300.jpg 209w, https:\/\/www.lirapopular.cl\/lirapopularxix\/wp-content\/uploads\/2021\/03\/LO0012553.jpg 695w\" sizes=\"auto, (max-width: 209px) 100vw, 209px\" \/><\/a><figcaption>Archivo de Literatura Oral<br>Colecci\u00f3n Alamiro de \u00c1vila<\/figcaption><\/figure><\/div>\n\n\n\n<p>Autor: Adolfo Reyes.<br>Impresor: Sin informaci\u00f3n<br>Tama\u00f1o: 39 x 27 cm<br>Clasificaci\u00f3n: BN C\u00f3digo: LO0012553<\/p>\n\n\n\n<ul class=\"wp-block-list\"><li><a href=\"https:\/\/www.lirapopular.cl\/lirapopularxix\/2021\/03\/11\/el-precioso-codigo-de-los-ca-sadosdeberes-del-marido-y-mujer\/\">El precioso c\u00f3digo de los casados. Deberes del marido y mujer<\/a><\/li><li><a href=\"https:\/\/www.lirapopular.cl\/lirapopularxix\/2021\/03\/11\/la-nina-robada-y-descuarti-zada-por-un-futre\/\">La ni\u00f1a robada y descuartizada por un futre<\/a><\/li><li><a href=\"https:\/\/www.lirapopular.cl\/lirapopularxix\/2021\/03\/11\/la-huelga-de-los-ajencierosen-santiago\/\">La huelga de los agencieros en Santiago<\/a><\/li><li><a href=\"https:\/\/www.lirapopular.cl\/lirapopularxix\/2021\/03\/11\/divertido-contrapunto-de-undespachero-i-un-tomador\/\">Divertido contrapunto de un despachero y un tomador<\/a><\/li><\/ul>\n\n\n\n<p>Nota: Este ejemplar tiene escrito a mano con l\u00e1piz grafito \u201cPICO\u201d y con plum\u00f3n &#8220;227&#8221;.<br>Por el reverso una carta poco legible ya que le pegaron una malla &#8220;&#8221; (texto en proceso) firmada por Daniel Meneses.<br>Documento optimizado digitalmente.<\/p>\n\n\n\n<div class=\"wp-block-image\"><figure class=\"alignright size-medium\"><a href=\"https:\/\/www.lirapopular.cl\/lirapopularxix\/wp-content\/uploads\/2021\/03\/LO0012553-b.jpg\"><img loading=\"lazy\" decoding=\"async\" width=\"209\" height=\"300\" src=\"https:\/\/www.lirapopular.cl\/lirapopularxix\/wp-content\/uploads\/2021\/03\/LO0012553-b-209x300.jpg\" alt=\"\" class=\"wp-image-17474\" srcset=\"https:\/\/www.lirapopular.cl\/lirapopularxix\/wp-content\/uploads\/2021\/03\/LO0012553-b-209x300.jpg 209w, https:\/\/www.lirapopular.cl\/lirapopularxix\/wp-content\/uploads\/2021\/03\/LO0012553-b.jpg 695w\" sizes=\"auto, (max-width: 209px) 100vw, 209px\" \/><\/a><figcaption>Reverso<\/figcaption><\/figure><\/div>\n","protected":false},"excerpt":{"rendered":"<p>Autor: Adolfo Reyes.Impresor: Sin informaci\u00f3nTama\u00f1o: 39 x 27 cmClasificaci\u00f3n: BN C\u00f3digo: LO0012553 El precioso c\u00f3digo de los casados. Deberes del marido y mujer La ni\u00f1a robada y descuartizada por un futre La huelga de los agencieros en Santiago Divertido contrapunto de un despachero y un tomador Nota: Este ejemplar tiene escrito a mano con l\u00e1piz [&hellip;]<\/p>\n","protected":false},"author":1,"featured_media":0,"parent":0,"menu_order":0,"comment_status":"closed","ping_status":"closed","template":"","meta":{"footnotes":""},"class_list":["post-17468","page","type-page","status-publish","hentry"],"jetpack_sharing_enabled":true,"_links":{"self":[{"href":"https:\/\/www.lirapopular.cl\/lirapopularxix\/wp-json\/wp\/v2\/pages\/17468","targetHints":{"allow":["GET"]}}],"collection":[{"href":"https:\/\/www.lirapopular.cl\/lirapopularxix\/wp-json\/wp\/v2\/pages"}],"about":[{"href":"https:\/\/www.lirapopular.cl\/lirapopularxix\/wp-json\/wp\/v2\/types\/page"}],"author":[{"embeddable":true,"href":"https:\/\/www.lirapopular.cl\/lirapopularxix\/wp-json\/wp\/v2\/users\/1"}],"replies":[{"embeddable":true,"href":"https:\/\/www.lirapopular.cl\/lirapopularxix\/wp-json\/wp\/v2\/comments?post=17468"}],"version-history":[{"count":0,"href":"https:\/\/www.lirapopular.cl\/lirapopularxix\/wp-json\/wp\/v2\/pages\/17468\/revisions"}],"wp:attachment":[{"href":"https:\/\/www.lirapopular.cl\/lirapopularxix\/wp-json\/wp\/v2\/media?parent=17468"}],"curies":[{"name":"wp","href":"https:\/\/api.w.org\/{rel}","templated":true}]}}