{"id":17377,"date":"2021-03-09T17:38:23","date_gmt":"2021-03-09T21:38:23","guid":{"rendered":"https:\/\/www.lirapopular.cl\/lirapopularxix\/?page_id=17377"},"modified":"2021-03-09T17:38:23","modified_gmt":"2021-03-09T21:38:23","slug":"el-loco-que-apunaleo-a-una-ninita","status":"publish","type":"page","link":"https:\/\/www.lirapopular.cl\/lirapopularxix\/el-loco-que-apunaleo-a-una-ninita\/","title":{"rendered":"EL LOCO QUE APU\u00d1ALE\u00d3 <br>A UNA NI\u00d1ITA <br>El buey que di\u00f3 leche en Concepcion"},"content":{"rendered":"\n<div class=\"wp-block-image\"><figure class=\"alignright size-medium\"><a href=\"https:\/\/www.lirapopular.cl\/lirapopularxix\/wp-content\/uploads\/2021\/03\/LO0012555.jpg\"><img loading=\"lazy\" decoding=\"async\" width=\"211\" height=\"300\" src=\"https:\/\/www.lirapopular.cl\/lirapopularxix\/wp-content\/uploads\/2021\/03\/LO0012555-211x300.jpg\" alt=\"\" class=\"wp-image-17380\" srcset=\"https:\/\/www.lirapopular.cl\/lirapopularxix\/wp-content\/uploads\/2021\/03\/LO0012555-211x300.jpg 211w, https:\/\/www.lirapopular.cl\/lirapopularxix\/wp-content\/uploads\/2021\/03\/LO0012555.jpg 704w\" sizes=\"auto, (max-width: 211px) 100vw, 211px\" \/><\/a><figcaption>Archivo de Literatura Oral<br>Colecci\u00f3n Alamiro de \u00c1vila<\/figcaption><\/figure><\/div>\n\n\n\n<p>Autor: Adolfo Reyes.<br>Impresor: Sin informaci\u00f3n<br>Tama\u00f1o: 54 x 37 cm<br>Clasificaci\u00f3n: BN C\u00f3digo:\u00a0LO0012555<\/p>\n\n\n\n<ul class=\"wp-block-list\"><li><a href=\"https:\/\/www.lirapopular.cl\/lirapopularxix\/2021\/03\/09\/el-loco-queapunaleo-a-una-ninita\/\">El loco que apu\u00f1ale\u00f3 a una ni\u00f1ita<\/a><\/li><li><a href=\"https:\/\/www.lirapopular.cl\/lirapopularxix\/2021\/03\/10\/senal-defin-del-mundoun-buei-que-da-leche\/\">Se\u00f1al de fin del mundo. Un buey que da leche<\/a><\/li><li><a href=\"https:\/\/www.lirapopular.cl\/lirapopularxix\/2021\/03\/10\/el-matrimoniocurioso\/\">El matrimonio curioso<\/a><\/li><li><a href=\"https:\/\/www.lirapopular.cl\/lirapopularxix\/2021\/03\/10\/versos-de-amor-21\/\">Versos de amor<\/a><\/li><li><a href=\"https:\/\/www.lirapopular.cl\/lirapopularxix\/2021\/03\/10\/sentimientosde-amor-2\/\">Sentimientos de amor<\/a><\/li><li><a href=\"https:\/\/www.lirapopular.cl\/lirapopularxix\/2021\/03\/10\/la-profanacionen-el-canto\/\">La profanaci\u00f3n en el canto<\/a><\/li><\/ul>\n\n\n\n<p>Nota: Este ejemplar tiene escrito a mano con un plum\u00f3n \u201c229\u201d, por el reverso &#8220;311&#8221;.<br>Documento optimizado digitalmente.<\/p>\n","protected":false},"excerpt":{"rendered":"<p>Autor: Adolfo Reyes.Impresor: Sin informaci\u00f3nTama\u00f1o: 54 x 37 cmClasificaci\u00f3n: BN C\u00f3digo:\u00a0LO0012555 El loco que apu\u00f1ale\u00f3 a una ni\u00f1ita Se\u00f1al de fin del mundo. Un buey que da leche El matrimonio curioso Versos de amor Sentimientos de amor La profanaci\u00f3n en el canto Nota: Este ejemplar tiene escrito a mano con un plum\u00f3n \u201c229\u201d, por el [&hellip;]<\/p>\n","protected":false},"author":1,"featured_media":0,"parent":0,"menu_order":0,"comment_status":"closed","ping_status":"closed","template":"","meta":{"footnotes":""},"class_list":["post-17377","page","type-page","status-publish","hentry"],"jetpack_sharing_enabled":true,"_links":{"self":[{"href":"https:\/\/www.lirapopular.cl\/lirapopularxix\/wp-json\/wp\/v2\/pages\/17377","targetHints":{"allow":["GET"]}}],"collection":[{"href":"https:\/\/www.lirapopular.cl\/lirapopularxix\/wp-json\/wp\/v2\/pages"}],"about":[{"href":"https:\/\/www.lirapopular.cl\/lirapopularxix\/wp-json\/wp\/v2\/types\/page"}],"author":[{"embeddable":true,"href":"https:\/\/www.lirapopular.cl\/lirapopularxix\/wp-json\/wp\/v2\/users\/1"}],"replies":[{"embeddable":true,"href":"https:\/\/www.lirapopular.cl\/lirapopularxix\/wp-json\/wp\/v2\/comments?post=17377"}],"version-history":[{"count":0,"href":"https:\/\/www.lirapopular.cl\/lirapopularxix\/wp-json\/wp\/v2\/pages\/17377\/revisions"}],"wp:attachment":[{"href":"https:\/\/www.lirapopular.cl\/lirapopularxix\/wp-json\/wp\/v2\/media?parent=17377"}],"curies":[{"name":"wp","href":"https:\/\/api.w.org\/{rel}","templated":true}]}}