{"id":17352,"date":"2021-03-09T14:49:30","date_gmt":"2021-03-09T18:49:30","guid":{"rendered":"https:\/\/www.lirapopular.cl\/lirapopularxix\/?page_id=17352"},"modified":"2021-03-09T14:49:30","modified_gmt":"2021-03-09T18:49:30","slug":"el-hijo-que-mato-al-padre-en-traiguen","status":"publish","type":"page","link":"https:\/\/www.lirapopular.cl\/lirapopularxix\/el-hijo-que-mato-al-padre-en-traiguen\/","title":{"rendered":"El hijo que mato al padre en TRAIGUEN <br>ES CONDENADO A MUERTE"},"content":{"rendered":"\n<div class=\"wp-block-image\"><figure class=\"alignright size-medium\"><a href=\"https:\/\/www.lirapopular.cl\/lirapopularxix\/wp-content\/uploads\/2021\/03\/LO0012194.jpg\"><img loading=\"lazy\" decoding=\"async\" width=\"206\" height=\"300\" src=\"https:\/\/www.lirapopular.cl\/lirapopularxix\/wp-content\/uploads\/2021\/03\/LO0012194-206x300.jpg\" alt=\"\" class=\"wp-image-17356\" srcset=\"https:\/\/www.lirapopular.cl\/lirapopularxix\/wp-content\/uploads\/2021\/03\/LO0012194-206x300.jpg 206w, https:\/\/www.lirapopular.cl\/lirapopularxix\/wp-content\/uploads\/2021\/03\/LO0012194.jpg 688w\" sizes=\"auto, (max-width: 206px) 100vw, 206px\" \/><\/a><figcaption>Archivo de Literatura Oral<br>Fondo Rodolfo Lenz<\/figcaption><\/figure><\/div>\n\n\n\n<p>Autor: Adolfo Reyes.<br>Impresor: Imprenta Maturana<br>Tama\u00f1o: 55 x 37 cm<br>Clasificaci\u00f3n: BN C\u00f3digo:\u00a0LO0012194<\/p>\n\n\n\n<ul class=\"wp-block-list\"><li><a href=\"https:\/\/www.lirapopular.cl\/lirapopularxix\/2021\/03\/09\/el-hijo-que-matoal-padre-a-martillazosen-traiguen-es-condenadoa-muerte\/\">El hijo que mato al padre a martillazos en Traigu\u00e9n es condenado a muerte<\/a><\/li><li><a href=\"https:\/\/www.lirapopular.cl\/lirapopularxix\/2021\/03\/09\/los-chilenos-maltratadospor-cuyanos-en-nauquen\/\">Los chilenos maltratados por cuyanos en Nauqu\u00e9n<\/a><\/li><li><a href=\"https:\/\/www.lirapopular.cl\/lirapopularxix\/2021\/03\/09\/a-la-huelgalos-cocheros-de-loscarros-urbanos\/\">La huelga. Los cocheros de los carros urbanos<\/a><\/li><li><a href=\"https:\/\/www.lirapopular.cl\/lirapopularxix\/2021\/03\/09\/varios-brindis-3\/\">Varios brindis <\/a><\/li><li><a href=\"https:\/\/www.lirapopular.cl\/lirapopularxix\/2021\/03\/09\/versos-de-amor-20\/\">Versos de amor<\/a><\/li><li><a href=\"https:\/\/www.lirapopular.cl\/lirapopularxix\/2021\/03\/09\/la-miseria-en-elpueblo\/\">La miseria en el pueblo<\/a><\/li><\/ul>\n\n\n\n<p>Nota: Este ejemplar tiene escrito a mano con l\u00e1piz azul \u201c27\u201d corregido &#8220;26&#8221;, con un timbre &#8220;0406&#8221;, con l\u00e1piz grafito &#8220;44&#8221;.<br>Documento optimizado digitalmente.<\/p>\n","protected":false},"excerpt":{"rendered":"<p>Autor: Adolfo Reyes.Impresor: Imprenta MaturanaTama\u00f1o: 55 x 37 cmClasificaci\u00f3n: BN C\u00f3digo:\u00a0LO0012194 El hijo que mato al padre a martillazos en Traigu\u00e9n es condenado a muerte Los chilenos maltratados por cuyanos en Nauqu\u00e9n La huelga. Los cocheros de los carros urbanos Varios brindis Versos de amor La miseria en el pueblo Nota: Este ejemplar tiene escrito [&hellip;]<\/p>\n","protected":false},"author":1,"featured_media":0,"parent":0,"menu_order":0,"comment_status":"closed","ping_status":"closed","template":"","meta":{"footnotes":""},"class_list":["post-17352","page","type-page","status-publish","hentry"],"jetpack_sharing_enabled":true,"_links":{"self":[{"href":"https:\/\/www.lirapopular.cl\/lirapopularxix\/wp-json\/wp\/v2\/pages\/17352","targetHints":{"allow":["GET"]}}],"collection":[{"href":"https:\/\/www.lirapopular.cl\/lirapopularxix\/wp-json\/wp\/v2\/pages"}],"about":[{"href":"https:\/\/www.lirapopular.cl\/lirapopularxix\/wp-json\/wp\/v2\/types\/page"}],"author":[{"embeddable":true,"href":"https:\/\/www.lirapopular.cl\/lirapopularxix\/wp-json\/wp\/v2\/users\/1"}],"replies":[{"embeddable":true,"href":"https:\/\/www.lirapopular.cl\/lirapopularxix\/wp-json\/wp\/v2\/comments?post=17352"}],"version-history":[{"count":0,"href":"https:\/\/www.lirapopular.cl\/lirapopularxix\/wp-json\/wp\/v2\/pages\/17352\/revisions"}],"wp:attachment":[{"href":"https:\/\/www.lirapopular.cl\/lirapopularxix\/wp-json\/wp\/v2\/media?parent=17352"}],"curies":[{"name":"wp","href":"https:\/\/api.w.org\/{rel}","templated":true}]}}