{"id":17302,"date":"2021-03-09T10:16:46","date_gmt":"2021-03-09T14:16:46","guid":{"rendered":"https:\/\/www.lirapopular.cl\/lirapopularxix\/?page_id=17302"},"modified":"2021-03-09T10:16:46","modified_gmt":"2021-03-09T14:16:46","slug":"el-combate-que-tuvo-el-padre-con-el-hijo","status":"publish","type":"page","link":"https:\/\/www.lirapopular.cl\/lirapopularxix\/el-combate-que-tuvo-el-padre-con-el-hijo\/","title":{"rendered":"EL COMBATE <br>que tuvo el padre con el hijo"},"content":{"rendered":"\n<div class=\"wp-block-image\"><figure class=\"alignright size-medium\"><a href=\"https:\/\/www.lirapopular.cl\/lirapopularxix\/wp-content\/uploads\/2021\/03\/LO0012169.jpg\"><img loading=\"lazy\" decoding=\"async\" width=\"221\" height=\"300\" src=\"https:\/\/www.lirapopular.cl\/lirapopularxix\/wp-content\/uploads\/2021\/03\/LO0012169-221x300.jpg\" alt=\"\" class=\"wp-image-17305\" srcset=\"https:\/\/www.lirapopular.cl\/lirapopularxix\/wp-content\/uploads\/2021\/03\/LO0012169-221x300.jpg 221w, https:\/\/www.lirapopular.cl\/lirapopularxix\/wp-content\/uploads\/2021\/03\/LO0012169.jpg 736w\" sizes=\"auto, (max-width: 221px) 100vw, 221px\" \/><\/a><figcaption>Archivo de Literatura Oral<br>Fondo Rodolfo Lenz<\/figcaption><\/figure><\/div>\n\n\n\n<p>Autor: Adolfo Reyes.<br>Impresor: Imp. de \u00abLa Justicia, Nataniel 98-A<br>Tama\u00f1o: 39 x 28 cm<br>Clasificaci\u00f3n: BN C\u00f3digo: LO0012169<\/p>\n\n\n\n<ul class=\"wp-block-list\"><li><a href=\"https:\/\/www.lirapopular.cl\/lirapopularxix\/2021\/03\/09\/el-combateque-tuvo-el-padre-con-el-hijo-2\/\">El combate que tuvo el padre con el hijo<\/a><\/li><li><a href=\"https:\/\/www.lirapopular.cl\/lirapopularxix\/2021\/03\/09\/la-madre-que-matoa-su-hijo-en-la-calle-pedro-lagos\/\">La madre que mat\u00f3 a su hijo en la calle Pedro Lagos<\/a><\/li><li><a href=\"https:\/\/www.lirapopular.cl\/lirapopularxix\/2021\/03\/09\/otro-en-la-calle-de-coquimbo-2\/\">Otro en la calle de Coquimbo<\/a><\/li><li><a href=\"https:\/\/www.lirapopular.cl\/lirapopularxix\/2021\/03\/09\/descubrimiento-del-telescopio-2\/\">Descubrimiento del telescopio<\/a><\/li><li><a href=\"https:\/\/www.lirapopular.cl\/lirapopularxix\/2021\/03\/09\/el-rotito-payaso-3\/\">El rotito payaso<\/a><\/li><\/ul>\n\n\n\n<p>Nota: Este ejemplar tiene escrito a mano con l\u00e1piz rojo \u201c-1-\u201d &#8220;3&#8221;, con l\u00e1piz azul &#8220;26&#8221; con un timbre &#8220;0272&#8221; y los versos numerados con pluma.<br>Documento optimizado digitalmente.<\/p>\n","protected":false},"excerpt":{"rendered":"<p>Autor: Adolfo Reyes.Impresor: Imp. de \u00abLa Justicia, Nataniel 98-ATama\u00f1o: 39 x 28 cmClasificaci\u00f3n: BN C\u00f3digo: LO0012169 El combate que tuvo el padre con el hijo La madre que mat\u00f3 a su hijo en la calle Pedro Lagos Otro en la calle de Coquimbo Descubrimiento del telescopio El rotito payaso Nota: Este ejemplar tiene escrito a [&hellip;]<\/p>\n","protected":false},"author":1,"featured_media":0,"parent":0,"menu_order":0,"comment_status":"closed","ping_status":"closed","template":"","meta":{"footnotes":""},"class_list":["post-17302","page","type-page","status-publish","hentry"],"jetpack_sharing_enabled":true,"_links":{"self":[{"href":"https:\/\/www.lirapopular.cl\/lirapopularxix\/wp-json\/wp\/v2\/pages\/17302","targetHints":{"allow":["GET"]}}],"collection":[{"href":"https:\/\/www.lirapopular.cl\/lirapopularxix\/wp-json\/wp\/v2\/pages"}],"about":[{"href":"https:\/\/www.lirapopular.cl\/lirapopularxix\/wp-json\/wp\/v2\/types\/page"}],"author":[{"embeddable":true,"href":"https:\/\/www.lirapopular.cl\/lirapopularxix\/wp-json\/wp\/v2\/users\/1"}],"replies":[{"embeddable":true,"href":"https:\/\/www.lirapopular.cl\/lirapopularxix\/wp-json\/wp\/v2\/comments?post=17302"}],"version-history":[{"count":0,"href":"https:\/\/www.lirapopular.cl\/lirapopularxix\/wp-json\/wp\/v2\/pages\/17302\/revisions"}],"wp:attachment":[{"href":"https:\/\/www.lirapopular.cl\/lirapopularxix\/wp-json\/wp\/v2\/media?parent=17302"}],"curies":[{"name":"wp","href":"https:\/\/api.w.org\/{rel}","templated":true}]}}