{"id":17270,"date":"2021-03-08T19:57:46","date_gmt":"2021-03-08T23:57:46","guid":{"rendered":"https:\/\/www.lirapopular.cl\/lirapopularxix\/?page_id=17270"},"modified":"2021-03-08T19:57:46","modified_gmt":"2021-03-08T23:57:46","slug":"duelo-de-los-patriotas","status":"publish","type":"page","link":"https:\/\/www.lirapopular.cl\/lirapopularxix\/duelo-de-los-patriotas\/","title":{"rendered":"DUELO DE LOS PATRIOTAS POR <br>EL JENERAL BAQUEDANO"},"content":{"rendered":"\n<div class=\"wp-block-image\"><figure class=\"alignright size-medium\"><a href=\"https:\/\/www.lirapopular.cl\/lirapopularxix\/wp-content\/uploads\/2021\/03\/LO0012549.jpg\"><img loading=\"lazy\" decoding=\"async\" width=\"300\" height=\"208\" src=\"https:\/\/www.lirapopular.cl\/lirapopularxix\/wp-content\/uploads\/2021\/03\/LO0012549-300x208.jpg\" alt=\"\" class=\"wp-image-17271\" srcset=\"https:\/\/www.lirapopular.cl\/lirapopularxix\/wp-content\/uploads\/2021\/03\/LO0012549-300x208.jpg 300w, https:\/\/www.lirapopular.cl\/lirapopularxix\/wp-content\/uploads\/2021\/03\/LO0012549-768x531.jpg 768w, https:\/\/www.lirapopular.cl\/lirapopularxix\/wp-content\/uploads\/2021\/03\/LO0012549.jpg 1000w\" sizes=\"auto, (max-width: 300px) 100vw, 300px\" \/><\/a><figcaption>Archivo de Literatura Oral<br>Colecci\u00f3n Alamiro de \u00c1vila<\/figcaption><\/figure><\/div>\n\n\n\n<p>Autor: Adolfo Reyes.<br>Impresor: Sin informaci\u00f3n<br>Tama\u00f1o: 38 x 57 cm<br>Clasificaci\u00f3n: BN C\u00f3digo:\u00a0LO0012549<\/p>\n\n\n\n<ul class=\"wp-block-list\"><li><a href=\"https:\/\/www.lirapopular.cl\/lirapopularxix\/2021\/03\/08\/duelo-de-los-patriotas-porel-jeneral-baquedano\/\">Duelo de los patriotas por el general Baquedano<\/a><\/li><li><a href=\"https:\/\/www.lirapopular.cl\/lirapopularxix\/2021\/03\/08\/el-cantor-del-guitarron\/\">El cantor del guitarr\u00f3n<\/a><\/li><li><a href=\"https:\/\/www.lirapopular.cl\/lirapopularxix\/2021\/03\/08\/la-alianza-del-perubolivia-y-arjentina\/\">La alianza del Per\u00fa, Bolivia y Argentina<\/a><\/li><li><a href=\"https:\/\/www.lirapopular.cl\/lirapopularxix\/2021\/03\/08\/trajedia-horrible-la-nina\/\">Tragedia horrible. La ni\u00f1a que se ahorc\u00f3 porque el padre no la dej\u00f3 casarse<\/a><\/li><li><a href=\"https:\/\/www.lirapopular.cl\/lirapopularxix\/2021\/03\/08\/la-ruina-del-pueblochileno\/\">La ruina del pueblo chileno<\/a><\/li><li><a href=\"https:\/\/www.lirapopular.cl\/lirapopularxix\/2021\/03\/08\/versos-dedicadosa-las-ninas-bonitas-igraciosas\/\">Versos dedicados a las ni\u00f1as bonitas y graciosas<\/a><\/li><\/ul>\n\n\n\n<p>Nota: Este ejemplar tiene escrito a mano con plum\u00f3n \u201c223\u201d y por el reverso &#8220;297&#8221;.<br>La primera d\u00e9cima nos permite datar este documento en 1897.<br>Documento optimizado digitalmente.<\/p>\n","protected":false},"excerpt":{"rendered":"<p>Autor: Adolfo Reyes.Impresor: Sin informaci\u00f3nTama\u00f1o: 38 x 57 cmClasificaci\u00f3n: BN C\u00f3digo:\u00a0LO0012549 Duelo de los patriotas por el general Baquedano El cantor del guitarr\u00f3n La alianza del Per\u00fa, Bolivia y Argentina Tragedia horrible. La ni\u00f1a que se ahorc\u00f3 porque el padre no la dej\u00f3 casarse La ruina del pueblo chileno Versos dedicados a las ni\u00f1as bonitas [&hellip;]<\/p>\n","protected":false},"author":1,"featured_media":0,"parent":0,"menu_order":0,"comment_status":"closed","ping_status":"closed","template":"","meta":{"footnotes":""},"class_list":["post-17270","page","type-page","status-publish","hentry"],"jetpack_sharing_enabled":true,"_links":{"self":[{"href":"https:\/\/www.lirapopular.cl\/lirapopularxix\/wp-json\/wp\/v2\/pages\/17270","targetHints":{"allow":["GET"]}}],"collection":[{"href":"https:\/\/www.lirapopular.cl\/lirapopularxix\/wp-json\/wp\/v2\/pages"}],"about":[{"href":"https:\/\/www.lirapopular.cl\/lirapopularxix\/wp-json\/wp\/v2\/types\/page"}],"author":[{"embeddable":true,"href":"https:\/\/www.lirapopular.cl\/lirapopularxix\/wp-json\/wp\/v2\/users\/1"}],"replies":[{"embeddable":true,"href":"https:\/\/www.lirapopular.cl\/lirapopularxix\/wp-json\/wp\/v2\/comments?post=17270"}],"version-history":[{"count":0,"href":"https:\/\/www.lirapopular.cl\/lirapopularxix\/wp-json\/wp\/v2\/pages\/17270\/revisions"}],"wp:attachment":[{"href":"https:\/\/www.lirapopular.cl\/lirapopularxix\/wp-json\/wp\/v2\/media?parent=17270"}],"curies":[{"name":"wp","href":"https:\/\/api.w.org\/{rel}","templated":true}]}}