{"id":17237,"date":"2021-03-06T20:18:49","date_gmt":"2021-03-07T00:18:49","guid":{"rendered":"https:\/\/www.lirapopular.cl\/lirapopularxix\/?page_id=17237"},"modified":"2021-03-06T20:18:49","modified_gmt":"2021-03-07T00:18:49","slug":"contrapunto-de-los-candidatos","status":"publish","type":"page","link":"https:\/\/www.lirapopular.cl\/lirapopularxix\/contrapunto-de-los-candidatos\/","title":{"rendered":"CONTRAPUNTO DE LOS CANDIDATOS <br>LA PASION DE NUESTRO SE\u00d1OR JESUCRISTO"},"content":{"rendered":"\n<div class=\"wp-block-image\"><figure class=\"alignright size-medium\"><a href=\"https:\/\/www.lirapopular.cl\/lirapopularxix\/wp-content\/uploads\/2021\/03\/LO0012556-1.jpg\"><img loading=\"lazy\" decoding=\"async\" width=\"212\" height=\"300\" src=\"https:\/\/www.lirapopular.cl\/lirapopularxix\/wp-content\/uploads\/2021\/03\/LO0012556-1-212x300.jpg\" alt=\"\" class=\"wp-image-17238\" srcset=\"https:\/\/www.lirapopular.cl\/lirapopularxix\/wp-content\/uploads\/2021\/03\/LO0012556-1-212x300.jpg 212w, https:\/\/www.lirapopular.cl\/lirapopularxix\/wp-content\/uploads\/2021\/03\/LO0012556-1.jpg 706w\" sizes=\"auto, (max-width: 212px) 100vw, 212px\" \/><\/a><figcaption>Archivo de Literatura Oral<br>Colecci\u00f3n Alamiro de \u00c1vila<\/figcaption><\/figure><\/div>\n\n\n\n<p>Autor: Adolfo Reyes.<br>Impresor: Imprenta J. Gregorio Olivares. Maturana 884\u2014Santiago<br>Tama\u00f1o: 54 x 38 cm<br>Clasificaci\u00f3n: BN C\u00f3digo:\u00a0LO0012556<\/p>\n\n\n\n<ul class=\"wp-block-list\"><li><a href=\"https:\/\/www.lirapopular.cl\/lirapopularxix\/2021\/03\/08\/contrapunto-de-los-dos-can-didatos-continuacion\/\">Contrapunto de los dos candidatos (continuaci\u00f3n)<\/a><\/li><li><a href=\"https:\/\/www.lirapopular.cl\/lirapopularxix\/2021\/03\/08\/a-lo-divinopasion-i-muerte-del-redentor\/\">A lo divino. Pasi\u00f3n y muerte del Redentor<\/a><\/li><li><a href=\"https:\/\/www.lirapopular.cl\/lirapopularxix\/2021\/03\/08\/a-lo-divinojesus-sentenciado-a-muerte\/\">A lo divino. Jes\u00fas sentenciado a muerte<\/a><\/li><li><a href=\"https:\/\/www.lirapopular.cl\/lirapopularxix\/2021\/03\/08\/crucificion-i-muerte-de-jesus\/\">Crucifixi\u00f3n y muerte de Jes\u00fas<\/a><\/li><li><a href=\"https:\/\/www.lirapopular.cl\/lirapopularxix\/2021\/03\/08\/el-prendimiente-de-judas\/\">El prendimiento de Judas<\/a><\/li><li><a href=\"https:\/\/www.lirapopular.cl\/lirapopularxix\/2021\/03\/08\/es-llevado-a-la-casa-de-anasi-despues-a-la-de-caifas\/\">Es llevado a la casa de An\u00e1s y despu\u00e9s a la de Caif\u00e1s<\/a><\/li><li><a href=\"https:\/\/www.lirapopular.cl\/lirapopularxix\/2021\/03\/08\/el-marido-que-mato-a-la-mu-jer-i-a-la-suegra-por-celos\/\">El marido que mat\u00f3 a la mujer y a la suegra por celos<\/a><\/li><li><a href=\"https:\/\/www.lirapopular.cl\/lirapopularxix\/2021\/03\/08\/la-mujer-casada-con-sietemaridos\/\">La mujer casada con siete maridos<\/a><\/li><\/ul>\n\n\n\n<div class=\"wp-block-image\"><figure class=\"alignright size-medium\"><a href=\"https:\/\/www.lirapopular.cl\/lirapopularxix\/wp-content\/uploads\/2021\/03\/LO0012556-2.jpg\"><img loading=\"lazy\" decoding=\"async\" width=\"212\" height=\"300\" src=\"https:\/\/www.lirapopular.cl\/lirapopularxix\/wp-content\/uploads\/2021\/03\/LO0012556-2-212x300.jpg\" alt=\"\" class=\"wp-image-17241\" srcset=\"https:\/\/www.lirapopular.cl\/lirapopularxix\/wp-content\/uploads\/2021\/03\/LO0012556-2-212x300.jpg 212w, https:\/\/www.lirapopular.cl\/lirapopularxix\/wp-content\/uploads\/2021\/03\/LO0012556-2.jpg 706w\" sizes=\"auto, (max-width: 212px) 100vw, 212px\" \/><\/a><figcaption>Reverso<\/figcaption><\/figure><\/div>\n\n\n\n<p>Nota: Este ejemplar tiene escrito a mano con plum\u00f3n \u201c230\u201d.<br>Por el reverso: &#8220;9 hojas de Adolfo Reyes&#8221; y &#8220;310&#8221;.<br>Documento optimizado digitalmente.<\/p>\n","protected":false},"excerpt":{"rendered":"<p>Autor: Adolfo Reyes.Impresor: Imprenta J. Gregorio Olivares. Maturana 884\u2014SantiagoTama\u00f1o: 54 x 38 cmClasificaci\u00f3n: BN C\u00f3digo:\u00a0LO0012556 Contrapunto de los dos candidatos (continuaci\u00f3n) A lo divino. Pasi\u00f3n y muerte del Redentor A lo divino. Jes\u00fas sentenciado a muerte Crucifixi\u00f3n y muerte de Jes\u00fas El prendimiento de Judas Es llevado a la casa de An\u00e1s y despu\u00e9s a [&hellip;]<\/p>\n","protected":false},"author":1,"featured_media":0,"parent":0,"menu_order":0,"comment_status":"closed","ping_status":"closed","template":"","meta":{"footnotes":""},"class_list":["post-17237","page","type-page","status-publish","hentry"],"jetpack_sharing_enabled":true,"_links":{"self":[{"href":"https:\/\/www.lirapopular.cl\/lirapopularxix\/wp-json\/wp\/v2\/pages\/17237","targetHints":{"allow":["GET"]}}],"collection":[{"href":"https:\/\/www.lirapopular.cl\/lirapopularxix\/wp-json\/wp\/v2\/pages"}],"about":[{"href":"https:\/\/www.lirapopular.cl\/lirapopularxix\/wp-json\/wp\/v2\/types\/page"}],"author":[{"embeddable":true,"href":"https:\/\/www.lirapopular.cl\/lirapopularxix\/wp-json\/wp\/v2\/users\/1"}],"replies":[{"embeddable":true,"href":"https:\/\/www.lirapopular.cl\/lirapopularxix\/wp-json\/wp\/v2\/comments?post=17237"}],"version-history":[{"count":0,"href":"https:\/\/www.lirapopular.cl\/lirapopularxix\/wp-json\/wp\/v2\/pages\/17237\/revisions"}],"wp:attachment":[{"href":"https:\/\/www.lirapopular.cl\/lirapopularxix\/wp-json\/wp\/v2\/media?parent=17237"}],"curies":[{"name":"wp","href":"https:\/\/api.w.org\/{rel}","templated":true}]}}