{"id":17176,"date":"2021-03-06T15:25:46","date_gmt":"2021-03-06T19:25:46","guid":{"rendered":"https:\/\/www.lirapopular.cl\/lirapopularxix\/?page_id=17176"},"modified":"2021-03-06T15:25:46","modified_gmt":"2021-03-06T19:25:46","slug":"el-nino-que-se-enredo-en-el-globo","status":"publish","type":"page","link":"https:\/\/www.lirapopular.cl\/lirapopularxix\/el-nino-que-se-enredo-en-el-globo\/","title":{"rendered":"EL NI\u00d1O <BR>QUE SE ENRED\u00d3 EN EL GLOBO"},"content":{"rendered":"\n<div class=\"wp-block-image\"><figure class=\"alignright size-medium\"><a href=\"https:\/\/www.lirapopular.cl\/lirapopularxix\/wp-content\/uploads\/2021\/03\/Lira_250M.jpg\"><img loading=\"lazy\" decoding=\"async\" width=\"300\" height=\"220\" src=\"https:\/\/www.lirapopular.cl\/lirapopularxix\/wp-content\/uploads\/2021\/03\/Lira_250M-300x220.jpg\" alt=\"\" class=\"wp-image-17178\" srcset=\"https:\/\/www.lirapopular.cl\/lirapopularxix\/wp-content\/uploads\/2021\/03\/Lira_250M-300x220.jpg 300w, https:\/\/www.lirapopular.cl\/lirapopularxix\/wp-content\/uploads\/2021\/03\/Lira_250M-768x564.jpg 768w, https:\/\/www.lirapopular.cl\/lirapopularxix\/wp-content\/uploads\/2021\/03\/Lira_250M.jpg 1000w\" sizes=\"auto, (max-width: 300px) 100vw, 300px\" \/><\/a><figcaption>Colecci\u00f3n Lira Popular de la<br>Universidad de Chile<\/figcaption><\/figure><\/div>\n\n\n\n<p>Autor: Adolfo Reyes.<br>Impresor: Sin informaci\u00f3n<br>Tama\u00f1o: 53,3 x 37,8 cm<br>Clasificaci\u00f3n: 250 T153n Caja N\u00b09, BN C\u00f3digo:&nbsp;LO0012192, BN C\u00f3digo:&nbsp;LO0012550<\/p>\n\n\n\n<ul class=\"wp-block-list\"><li><a href=\"https:\/\/www.lirapopular.cl\/lirapopularxix\/2021\/03\/06\/el-ninoque-se-enredo-en-el-globo\/\">El ni\u00f1o que se enred\u00f3 en el globo<\/a><\/li><li><a href=\"https:\/\/www.lirapopular.cl\/lirapopularxix\/2021\/03\/06\/el-crimende-la-calle-san-isidroun-espanolmata-a-la-mujer\/\">El crimen de la calle San Isidro<\/a><\/li><li><a href=\"https:\/\/www.lirapopular.cl\/lirapopularxix\/2021\/03\/06\/el-refrande-las-conductoras-santiaguinas\/\">Un espa\u00f1ol mata a la mujer<\/a><\/li><li><a href=\"https:\/\/www.lirapopular.cl\/lirapopularxix\/2021\/03\/06\/el-refran-de-las-conductoras\/\">El refr\u00e1n de las conductoras santiaguinas<\/a><\/li><li><a href=\"https:\/\/www.lirapopular.cl\/lirapopularxix\/2021\/03\/06\/la-mujer-del-pobre\/\">La mujer del pobre<\/a><\/li><li><a href=\"https:\/\/www.lirapopular.cl\/lirapopularxix\/2021\/03\/06\/la-cancionde-la-morena\/\">La canci\u00f3n de la morena.<\/a><\/li><\/ul>\n\n\n\n<div class=\"wp-block-image\"><figure class=\"alignright size-medium\"><a href=\"https:\/\/www.lirapopular.cl\/lirapopularxix\/wp-content\/uploads\/2021\/03\/LO0012192.jpg\"><img loading=\"lazy\" decoding=\"async\" width=\"300\" height=\"212\" src=\"https:\/\/www.lirapopular.cl\/lirapopularxix\/wp-content\/uploads\/2021\/03\/LO0012192-300x212.jpg\" alt=\"\" class=\"wp-image-17436\" srcset=\"https:\/\/www.lirapopular.cl\/lirapopularxix\/wp-content\/uploads\/2021\/03\/LO0012192-300x212.jpg 300w, https:\/\/www.lirapopular.cl\/lirapopularxix\/wp-content\/uploads\/2021\/03\/LO0012192-768x543.jpg 768w, https:\/\/www.lirapopular.cl\/lirapopularxix\/wp-content\/uploads\/2021\/03\/LO0012192.jpg 1000w\" sizes=\"auto, (max-width: 300px) 100vw, 300px\" \/><\/a><figcaption>Archivo de Literatura Oral<br>Fondo Rodolfo Lenz<\/figcaption><\/figure><\/div>\n\n\n\n<p>Nota: El 1er ejemplar tiene escrito a mano con l\u00e1piz grafito \u201c232\/250\u201d. El documento tiene tachado a mano el autor y reemplazado por \u201cRolak\u201d, adem\u00e1s sobre tres versos est\u00e1 escrito \u201cReyes\u201d.<br>El 2\u00ba ejemplar tiene un timbre \u201co281\u201d.\u00a0<br>El 3er ejemplar tiene escrito a mano con plum\u00f3n \u201c224\u201d y por el reverso &#8220;298&#8221;.<br>Documentos optimizados digitalmente.<\/p>\n\n\n\n<p><mark style=\"background-color:rgba(0, 0, 0, 0)\" class=\"has-inline-color has-white-color\">.<\/mark><\/p>\n\n\n\n<div class=\"wp-block-image\"><figure class=\"alignright size-medium\"><a href=\"https:\/\/www.lirapopular.cl\/lirapopularxix\/wp-content\/uploads\/2021\/03\/LO0012550.jpg\"><img loading=\"lazy\" decoding=\"async\" width=\"300\" height=\"214\" src=\"https:\/\/www.lirapopular.cl\/lirapopularxix\/wp-content\/uploads\/2021\/03\/LO0012550-300x214.jpg\" alt=\"\" class=\"wp-image-17440\" srcset=\"https:\/\/www.lirapopular.cl\/lirapopularxix\/wp-content\/uploads\/2021\/03\/LO0012550-300x214.jpg 300w, https:\/\/www.lirapopular.cl\/lirapopularxix\/wp-content\/uploads\/2021\/03\/LO0012550-768x547.jpg 768w, https:\/\/www.lirapopular.cl\/lirapopularxix\/wp-content\/uploads\/2021\/03\/LO0012550.jpg 1000w\" sizes=\"auto, (max-width: 300px) 100vw, 300px\" \/><\/a><figcaption>Archivo de Literatura Oral<br>Colecci\u00f3n Alamiro de \u00c1vila<\/figcaption><\/figure><\/div>\n","protected":false},"excerpt":{"rendered":"<p>Autor: Adolfo Reyes.Impresor: Sin informaci\u00f3nTama\u00f1o: 53,3 x 37,8 cmClasificaci\u00f3n: 250 T153n Caja N\u00b09, BN C\u00f3digo:&nbsp;LO0012192, BN C\u00f3digo:&nbsp;LO0012550 El ni\u00f1o que se enred\u00f3 en el globo El crimen de la calle San Isidro Un espa\u00f1ol mata a la mujer El refr\u00e1n de las conductoras santiaguinas La mujer del pobre La canci\u00f3n de la morena. Nota: El [&hellip;]<\/p>\n","protected":false},"author":1,"featured_media":0,"parent":0,"menu_order":0,"comment_status":"closed","ping_status":"closed","template":"","meta":{"footnotes":""},"class_list":["post-17176","page","type-page","status-publish","hentry"],"jetpack_sharing_enabled":true,"_links":{"self":[{"href":"https:\/\/www.lirapopular.cl\/lirapopularxix\/wp-json\/wp\/v2\/pages\/17176","targetHints":{"allow":["GET"]}}],"collection":[{"href":"https:\/\/www.lirapopular.cl\/lirapopularxix\/wp-json\/wp\/v2\/pages"}],"about":[{"href":"https:\/\/www.lirapopular.cl\/lirapopularxix\/wp-json\/wp\/v2\/types\/page"}],"author":[{"embeddable":true,"href":"https:\/\/www.lirapopular.cl\/lirapopularxix\/wp-json\/wp\/v2\/users\/1"}],"replies":[{"embeddable":true,"href":"https:\/\/www.lirapopular.cl\/lirapopularxix\/wp-json\/wp\/v2\/comments?post=17176"}],"version-history":[{"count":0,"href":"https:\/\/www.lirapopular.cl\/lirapopularxix\/wp-json\/wp\/v2\/pages\/17176\/revisions"}],"wp:attachment":[{"href":"https:\/\/www.lirapopular.cl\/lirapopularxix\/wp-json\/wp\/v2\/media?parent=17176"}],"curies":[{"name":"wp","href":"https:\/\/api.w.org\/{rel}","templated":true}]}}