{"id":17083,"date":"2021-03-04T15:12:32","date_gmt":"2021-03-04T19:12:32","guid":{"rendered":"https:\/\/www.lirapopular.cl\/lirapopularxix\/?page_id=17083"},"modified":"2021-03-04T15:12:32","modified_gmt":"2021-03-04T19:12:32","slug":"horrible-suceso-en-santiago-pedro-ponce","status":"publish","type":"page","link":"https:\/\/www.lirapopular.cl\/lirapopularxix\/horrible-suceso-en-santiago-pedro-ponce\/","title":{"rendered":"HORRIBLE SUCESO EN SANTIAGO <br>PEDRO PONCE <br>CONDENADO A LA PENA CAPITAL"},"content":{"rendered":"\n<div class=\"wp-block-image\"><figure class=\"alignright size-medium\"><a href=\"https:\/\/www.lirapopular.cl\/lirapopularxix\/wp-content\/uploads\/2021\/03\/Lira_184M.jpg\"><img loading=\"lazy\" decoding=\"async\" width=\"215\" height=\"300\" src=\"https:\/\/www.lirapopular.cl\/lirapopularxix\/wp-content\/uploads\/2021\/03\/Lira_184M-215x300.jpg\" alt=\"\" class=\"wp-image-17084\" srcset=\"https:\/\/www.lirapopular.cl\/lirapopularxix\/wp-content\/uploads\/2021\/03\/Lira_184M-215x300.jpg 215w, https:\/\/www.lirapopular.cl\/lirapopularxix\/wp-content\/uploads\/2021\/03\/Lira_184M.jpg 715w\" sizes=\"auto, (max-width: 215px) 100vw, 215px\" \/><\/a><figcaption>Colecci\u00f3n Lira Popular de la<br>Universidad de Chile<\/figcaption><\/figure><\/div>\n\n\n\n<p>Autor: Adolfo Reyes.<br>Impresor: Imp. y librer\u00eda Ercilla, Bandera 21-K<br>Tama\u00f1o: 77,2 x 55,3 cm<br>Clasificaci\u00f3n: 184 T153h Caja N\u00b09<\/p>\n\n\n\n<ul class=\"wp-block-list\"><li><a href=\"https:\/\/www.lirapopular.cl\/lirapopularxix\/2021\/03\/04\/horriblesuceso-en-santiago\/\">Horrible suceso en Santiago<\/a><\/li><li><a href=\"https:\/\/www.lirapopular.cl\/lirapopularxix\/2021\/03\/04\/el-reo-pedro-poncecondenado-a-la-pena-capital\/\">El reo Pedro Ponce condenado a la pena capital<\/a><\/li><li><a href=\"https:\/\/www.lirapopular.cl\/lirapopularxix\/2021\/03\/04\/brindis-de-un-huaso-3\/\">Brindis de un huaso<\/a><\/li><li><a href=\"https:\/\/www.lirapopular.cl\/lirapopularxix\/2021\/03\/05\/contestacional-poeta-meneses\/\">Contestaci\u00f3n al poeta Meneses<\/a><\/li><li><a href=\"https:\/\/www.lirapopular.cl\/lirapopularxix\/2021\/03\/05\/contrarresto-10\/\">Contrarresto<\/a><\/li><li><a href=\"https:\/\/www.lirapopular.cl\/lirapopularxix\/2021\/03\/05\/pregunta-al-poeta-meneces\/\">Pregunta al poeta Meneses<\/a><\/li><li><a href=\"https:\/\/www.lirapopular.cl\/lirapopularxix\/2021\/03\/05\/cuecas-7\/\">Cuecas<\/a><\/li><li><a href=\"https:\/\/www.lirapopular.cl\/lirapopularxix\/2021\/03\/05\/escursion-de-un-cantordel-guitarron\/\">Excursi\u00f3n de un cantor del guitarr\u00f3n<\/a><\/li><li><a href=\"https:\/\/www.lirapopular.cl\/lirapopularxix\/2021\/03\/05\/nueva-leipara-el-matrimonio-2\/\">Nueva ley para el matrimonio<\/a><\/li><li><a href=\"https:\/\/www.lirapopular.cl\/lirapopularxix\/2021\/03\/05\/un-joven-enamorado\/\">Un joven enamorado<\/a><\/li><li><a href=\"https:\/\/www.lirapopular.cl\/lirapopularxix\/2021\/03\/05\/queja-de-un-amantea-su-querida\/\">Quejas de un amante a su querida.<\/a><\/li><\/ul>\n\n\n\n<p>Nota: Este ejemplar tiene escrito a mano con l\u00e1piz grafito \u201c175\/184\u201d.<br>Documento optimizado digitalmente.<\/p>\n","protected":false},"excerpt":{"rendered":"<p>Autor: Adolfo Reyes.Impresor: Imp. y librer\u00eda Ercilla, Bandera 21-KTama\u00f1o: 77,2 x 55,3 cmClasificaci\u00f3n: 184 T153h Caja N\u00b09 Horrible suceso en Santiago El reo Pedro Ponce condenado a la pena capital Brindis de un huaso Contestaci\u00f3n al poeta Meneses Contrarresto Pregunta al poeta Meneses Cuecas Excursi\u00f3n de un cantor del guitarr\u00f3n Nueva ley para el matrimonio [&hellip;]<\/p>\n","protected":false},"author":1,"featured_media":0,"parent":0,"menu_order":0,"comment_status":"closed","ping_status":"closed","template":"","meta":{"footnotes":""},"class_list":["post-17083","page","type-page","status-publish","hentry"],"jetpack_sharing_enabled":true,"_links":{"self":[{"href":"https:\/\/www.lirapopular.cl\/lirapopularxix\/wp-json\/wp\/v2\/pages\/17083","targetHints":{"allow":["GET"]}}],"collection":[{"href":"https:\/\/www.lirapopular.cl\/lirapopularxix\/wp-json\/wp\/v2\/pages"}],"about":[{"href":"https:\/\/www.lirapopular.cl\/lirapopularxix\/wp-json\/wp\/v2\/types\/page"}],"author":[{"embeddable":true,"href":"https:\/\/www.lirapopular.cl\/lirapopularxix\/wp-json\/wp\/v2\/users\/1"}],"replies":[{"embeddable":true,"href":"https:\/\/www.lirapopular.cl\/lirapopularxix\/wp-json\/wp\/v2\/comments?post=17083"}],"version-history":[{"count":0,"href":"https:\/\/www.lirapopular.cl\/lirapopularxix\/wp-json\/wp\/v2\/pages\/17083\/revisions"}],"wp:attachment":[{"href":"https:\/\/www.lirapopular.cl\/lirapopularxix\/wp-json\/wp\/v2\/media?parent=17083"}],"curies":[{"name":"wp","href":"https:\/\/api.w.org\/{rel}","templated":true}]}}