{"id":17040,"date":"2021-03-04T09:27:45","date_gmt":"2021-03-04T13:27:45","guid":{"rendered":"https:\/\/www.lirapopular.cl\/lirapopularxix\/?page_id=17040"},"modified":"2021-03-04T09:27:45","modified_gmt":"2021-03-04T13:27:45","slug":"los-sucesos-revolucionarios-del-sabado","status":"publish","type":"page","link":"https:\/\/www.lirapopular.cl\/lirapopularxix\/los-sucesos-revolucionarios-del-sabado\/","title":{"rendered":"LOS SUCESOS REVOLUCIONARIOS <br>del sabado"},"content":{"rendered":"\n<div class=\"wp-block-image\"><figure class=\"alignright size-medium\"><a href=\"https:\/\/www.lirapopular.cl\/lirapopularxix\/wp-content\/uploads\/2021\/03\/Lira_183M.jpg\"><img loading=\"lazy\" decoding=\"async\" width=\"219\" height=\"300\" src=\"https:\/\/www.lirapopular.cl\/lirapopularxix\/wp-content\/uploads\/2021\/03\/Lira_183M-219x300.jpg\" alt=\"\" class=\"wp-image-17044\" srcset=\"https:\/\/www.lirapopular.cl\/lirapopularxix\/wp-content\/uploads\/2021\/03\/Lira_183M-219x300.jpg 219w, https:\/\/www.lirapopular.cl\/lirapopularxix\/wp-content\/uploads\/2021\/03\/Lira_183M.jpg 730w\" sizes=\"auto, (max-width: 219px) 100vw, 219px\" \/><\/a><figcaption>Colecci\u00f3n Lira Popular de la<br>Universidad de Chile<\/figcaption><\/figure><\/div>\n\n\n\n<p>Autor: Adolfo Reyes.<br>Impresor: Imp. Ercilla, Bandera 21-K<br>Tama\u00f1o: 74,5 x 55 cm<br>Clasificaci\u00f3n: 183 T153s Caja N\u00b08<\/p>\n\n\n\n<ul class=\"wp-block-list\"><li><a href=\"https:\/\/www.lirapopular.cl\/lirapopularxix\/2021\/03\/04\/tristes-detallesdel-suceso-de-la-plaza-de-armas\/\">Tristes detalles del suceso de la Plaza de Armas<\/a><\/li><li><a href=\"https:\/\/www.lirapopular.cl\/lirapopularxix\/2021\/03\/04\/nnnn\/\">Nnnn<\/a><\/li><li><a href=\"https:\/\/www.lirapopular.cl\/lirapopularxix\/2021\/03\/04\/horroroso-crimen-evalparaisocaptura-del-asesino\/\">Horroroso crimen en Valpara\u00edso. Captura del asesino<\/a><\/li><li><a href=\"https:\/\/www.lirapopular.cl\/lirapopularxix\/2021\/03\/04\/los-sucesos-de-santiagodetalles-de-la-conspiracion\/\">Los sucesos de Santiago. Detalles de la conspiraci\u00f3n<\/a><\/li><li><a href=\"https:\/\/www.lirapopular.cl\/lirapopularxix\/2021\/03\/04\/mas-detalles-5\/\">M\u00e1s detalles<\/a><\/li><li><a href=\"https:\/\/www.lirapopular.cl\/lirapopularxix\/2021\/03\/04\/contestacion-a-rolak-2\/\">Contestaci\u00f3n a Rolak<\/a><\/li><li><a href=\"https:\/\/www.lirapopular.cl\/lirapopularxix\/2021\/03\/04\/arreglos-satisfactoriosde-los-peritos-chileno-i-arjentino\/\">Arreglos satisfactorios de los peritos chilenos y argentinos<\/a><\/li><li><a href=\"https:\/\/www.lirapopular.cl\/lirapopularxix\/2021\/03\/04\/el-culebron\/\">El culebr\u00f3n<\/a><\/li><li><a href=\"https:\/\/www.lirapopular.cl\/lirapopularxix\/2021\/03\/04\/los-culebroncitos\/\">Los culebroncitos<\/a><\/li><li><a href=\"https:\/\/www.lirapopular.cl\/lirapopularxix\/2021\/03\/04\/la-mujer-hombre\/\">La mujer-hombre<\/a><\/li><li><a href=\"https:\/\/www.lirapopular.cl\/lirapopularxix\/2021\/03\/04\/el-futre-y-el-huasoen-el-teatro\/\">El futre y el huaso en el teatro<\/a><\/li><li><a href=\"https:\/\/www.lirapopular.cl\/lirapopularxix\/2021\/03\/04\/en-la-trilla\/\">En la trilla.<\/a><\/li><\/ul>\n\n\n\n<p>Nota: Este ejemplar tiene escrito a mano con l\u00e1piz grafito \u201c176\/183\u201d.<br>Documento optimizado digitalmente.<\/p>\n","protected":false},"excerpt":{"rendered":"<p>Autor: Adolfo Reyes.Impresor: Imp. Ercilla, Bandera 21-KTama\u00f1o: 74,5 x 55 cmClasificaci\u00f3n: 183 T153s Caja N\u00b08 Tristes detalles del suceso de la Plaza de Armas Nnnn Horroroso crimen en Valpara\u00edso. Captura del asesino Los sucesos de Santiago. Detalles de la conspiraci\u00f3n M\u00e1s detalles Contestaci\u00f3n a Rolak Arreglos satisfactorios de los peritos chilenos y argentinos El culebr\u00f3n [&hellip;]<\/p>\n","protected":false},"author":1,"featured_media":0,"parent":0,"menu_order":0,"comment_status":"closed","ping_status":"closed","template":"","meta":{"footnotes":""},"class_list":["post-17040","page","type-page","status-publish","hentry"],"jetpack_sharing_enabled":true,"_links":{"self":[{"href":"https:\/\/www.lirapopular.cl\/lirapopularxix\/wp-json\/wp\/v2\/pages\/17040","targetHints":{"allow":["GET"]}}],"collection":[{"href":"https:\/\/www.lirapopular.cl\/lirapopularxix\/wp-json\/wp\/v2\/pages"}],"about":[{"href":"https:\/\/www.lirapopular.cl\/lirapopularxix\/wp-json\/wp\/v2\/types\/page"}],"author":[{"embeddable":true,"href":"https:\/\/www.lirapopular.cl\/lirapopularxix\/wp-json\/wp\/v2\/users\/1"}],"replies":[{"embeddable":true,"href":"https:\/\/www.lirapopular.cl\/lirapopularxix\/wp-json\/wp\/v2\/comments?post=17040"}],"version-history":[{"count":0,"href":"https:\/\/www.lirapopular.cl\/lirapopularxix\/wp-json\/wp\/v2\/pages\/17040\/revisions"}],"wp:attachment":[{"href":"https:\/\/www.lirapopular.cl\/lirapopularxix\/wp-json\/wp\/v2\/media?parent=17040"}],"curies":[{"name":"wp","href":"https:\/\/api.w.org\/{rel}","templated":true}]}}