{"id":16948,"date":"2021-03-02T22:47:43","date_gmt":"2021-03-03T02:47:43","guid":{"rendered":"https:\/\/www.lirapopular.cl\/lirapopularxix\/?page_id=16948"},"modified":"2021-03-02T22:47:43","modified_gmt":"2021-03-03T02:47:43","slug":"horrorosa-trajedia-por-el-amor","status":"publish","type":"page","link":"https:\/\/www.lirapopular.cl\/lirapopularxix\/horrorosa-trajedia-por-el-amor\/","title":{"rendered":"HORROROSA TRAJEDIA POR EL AMOR <br>LA CONDUCTORA QUE SE MATO POR EL COCHERO I LA MUJER QUE ENVENENO AL MARIDO <br>LA TRISTE SITUACION DE CHILE I BAJA DEL CAMBIO"},"content":{"rendered":"\n<div class=\"wp-block-image\"><figure class=\"alignright size-medium\"><a href=\"https:\/\/www.lirapopular.cl\/lirapopularxix\/wp-content\/uploads\/2021\/03\/Lira_180M.jpg\"><img loading=\"lazy\" decoding=\"async\" width=\"216\" height=\"300\" src=\"https:\/\/www.lirapopular.cl\/lirapopularxix\/wp-content\/uploads\/2021\/03\/Lira_180M-216x300.jpg\" alt=\"\" class=\"wp-image-16949\" srcset=\"https:\/\/www.lirapopular.cl\/lirapopularxix\/wp-content\/uploads\/2021\/03\/Lira_180M-216x300.jpg 216w, https:\/\/www.lirapopular.cl\/lirapopularxix\/wp-content\/uploads\/2021\/03\/Lira_180M.jpg 720w\" sizes=\"auto, (max-width: 216px) 100vw, 216px\" \/><\/a><figcaption>Colecci\u00f3n Lira Popular de la<br>Universidad de Chile<\/figcaption><\/figure><\/div>\n\n\n\n<p>Autor: Adolfo Reyes.<br>Impresor: Sin informaci\u00f3n<br>Tama\u00f1o: 72,4 x 52,4 cm<br>Clasificaci\u00f3n: 180 T153h Caja N\u00b08<\/p>\n\n\n\n<ul class=\"wp-block-list\"><li><a href=\"https:\/\/www.lirapopular.cl\/lirapopularxix\/2021\/03\/03\/la-mujer-que-enveneno-al-maridopor-casarse-con-un-viejito\/\">La mujer que envenen\u00f3 al marido por casarse con un viejito<\/a><\/li><li><a href=\"https:\/\/www.lirapopular.cl\/lirapopularxix\/2021\/03\/03\/la-conductora-que-se-matoporque-el-cochero-no-la-quiso\/\">La conductora que se mat\u00f3 porque el cochero no la quiso<\/a><\/li><li><a href=\"https:\/\/www.lirapopular.cl\/lirapopularxix\/2021\/03\/03\/la-angustiosa-situacion-de-chilebaja-del-cambio-i-otras-plagas\/\">La angustiosa situaci\u00f3n de Chile baja del cambio y otras plagas<\/a><\/li><li><a href=\"https:\/\/www.lirapopular.cl\/lirapopularxix\/2021\/03\/03\/despedida-de-don-pedro-montt\/\">Despedida de don Pedro Montt. Horrible cat\u00e1strofe del ferrocarril en \u00abLas Chilcas\u00bb<\/a><\/li><li><a href=\"https:\/\/www.lirapopular.cl\/lirapopularxix\/2021\/03\/03\/mas-detalles-4\/\">M\u00e1s detalles<\/a><\/li><li><a href=\"https:\/\/www.lirapopular.cl\/lirapopularxix\/2021\/03\/03\/gran-salteo-del-fundo-del-carmenmuertos-i-heridos\/\">Gran salteo en el fundo del Carmen. Muertos i heridos<\/a><\/li><li><a href=\"https:\/\/www.lirapopular.cl\/lirapopularxix\/2021\/03\/03\/el-ahorcado-de-la-calle-de-castro\/\">El ahorcado de la calle de Castro<\/a><\/li><li><a href=\"https:\/\/www.lirapopular.cl\/lirapopularxix\/2021\/03\/03\/el-futreque-se-lo-llevo-el-diablo-de-lasmechas\/\">El futre que se llev\u00f3 el diablo de las mechas<\/a><\/li><li><a href=\"https:\/\/www.lirapopular.cl\/lirapopularxix\/2021\/03\/03\/el-guapo-tunante-2\/\">El guapo tunante<\/a><\/li><li><a href=\"https:\/\/www.lirapopular.cl\/lirapopularxix\/2021\/03\/03\/verso-de-amor-12\/\">Verso de amor<\/a><\/li><li><a href=\"https:\/\/www.lirapopular.cl\/lirapopularxix\/2021\/03\/03\/contrapunto-entre-don-jorje-monttdon-jose-manuel-balmaceda\/\">Contrapunto entre don Jorge Montt [y] don Jos\u00e9 Manuel Balmaceda.<\/a><\/li><\/ul>\n\n\n\n<p>Nota: Este ejemplar tiene escrito a mano con l\u00e1piz grafito \u201c180\u201d.<br>Documento optimizado digitalmente.<\/p>\n","protected":false},"excerpt":{"rendered":"<p>Autor: Adolfo Reyes.Impresor: Sin informaci\u00f3nTama\u00f1o: 72,4 x 52,4 cmClasificaci\u00f3n: 180 T153h Caja N\u00b08 La mujer que envenen\u00f3 al marido por casarse con un viejito La conductora que se mat\u00f3 porque el cochero no la quiso La angustiosa situaci\u00f3n de Chile baja del cambio y otras plagas Despedida de don Pedro Montt. Horrible cat\u00e1strofe del ferrocarril [&hellip;]<\/p>\n","protected":false},"author":1,"featured_media":0,"parent":0,"menu_order":0,"comment_status":"closed","ping_status":"closed","template":"","meta":{"footnotes":""},"class_list":["post-16948","page","type-page","status-publish","hentry"],"jetpack_sharing_enabled":true,"_links":{"self":[{"href":"https:\/\/www.lirapopular.cl\/lirapopularxix\/wp-json\/wp\/v2\/pages\/16948","targetHints":{"allow":["GET"]}}],"collection":[{"href":"https:\/\/www.lirapopular.cl\/lirapopularxix\/wp-json\/wp\/v2\/pages"}],"about":[{"href":"https:\/\/www.lirapopular.cl\/lirapopularxix\/wp-json\/wp\/v2\/types\/page"}],"author":[{"embeddable":true,"href":"https:\/\/www.lirapopular.cl\/lirapopularxix\/wp-json\/wp\/v2\/users\/1"}],"replies":[{"embeddable":true,"href":"https:\/\/www.lirapopular.cl\/lirapopularxix\/wp-json\/wp\/v2\/comments?post=16948"}],"version-history":[{"count":0,"href":"https:\/\/www.lirapopular.cl\/lirapopularxix\/wp-json\/wp\/v2\/pages\/16948\/revisions"}],"wp:attachment":[{"href":"https:\/\/www.lirapopular.cl\/lirapopularxix\/wp-json\/wp\/v2\/media?parent=16948"}],"curies":[{"name":"wp","href":"https:\/\/api.w.org\/{rel}","templated":true}]}}