{"id":16909,"date":"2021-03-02T15:50:50","date_gmt":"2021-03-02T19:50:50","guid":{"rendered":"https:\/\/www.lirapopular.cl\/lirapopularxix\/?page_id=16909"},"modified":"2021-03-02T15:50:50","modified_gmt":"2021-03-02T19:50:50","slug":"los-grandes-crimenes","status":"publish","type":"page","link":"https:\/\/www.lirapopular.cl\/lirapopularxix\/los-grandes-crimenes\/","title":{"rendered":"LOS GRANDES CRIMENES! <BR>El padre que mat\u00f3 al Hijo es condenado \u00e1 Muerte <br>COMPLETOS DETALLES DEL FUSILAMIENTO <BR>DEL REO <BR>ISMAEL VERGARA"},"content":{"rendered":"\n<div class=\"wp-block-image\"><figure class=\"alignright size-medium\"><a href=\"https:\/\/www.lirapopular.cl\/lirapopularxix\/wp-content\/uploads\/2021\/03\/Lira_179M.jpg\"><img loading=\"lazy\" decoding=\"async\" width=\"213\" height=\"300\" src=\"https:\/\/www.lirapopular.cl\/lirapopularxix\/wp-content\/uploads\/2021\/03\/Lira_179M-213x300.jpg\" alt=\"\" class=\"wp-image-16912\" srcset=\"https:\/\/www.lirapopular.cl\/lirapopularxix\/wp-content\/uploads\/2021\/03\/Lira_179M-213x300.jpg 213w, https:\/\/www.lirapopular.cl\/lirapopularxix\/wp-content\/uploads\/2021\/03\/Lira_179M.jpg 710w\" sizes=\"auto, (max-width: 213px) 100vw, 213px\" \/><\/a><figcaption>Colecci\u00f3n Lira Popular de la<br>Universidad de Chile<\/figcaption><\/figure><\/div>\n\n\n\n<p>Autor: Adolfo Reyes.<br>Impresor: Sin informaci\u00f3n<br>Tama\u00f1o: 74,3 x 53,5 cm<br>Clasificaci\u00f3n: 179 T153g Caja N\u00b08<\/p>\n\n\n\n<ul class=\"wp-block-list\"><li><a href=\"https:\/\/www.lirapopular.cl\/lirapopularxix\/2021\/03\/02\/el-padre-que-mato-alhijo-es-condenado-a-muerte\/\">El padre que mat\u00f3 al hijo es condenado a muerte<\/a><\/li><li><a href=\"https:\/\/www.lirapopular.cl\/lirapopularxix\/2021\/03\/02\/los-grandes-crimenes\/\">Los grandes cr\u00edmenes<\/a><\/li><li><a href=\"https:\/\/www.lirapopular.cl\/lirapopularxix\/2021\/03\/02\/la-mujer-muerta-a-punaladas\/\">La mujer muerta a pu\u00f1aladas<\/a><\/li><li><a href=\"https:\/\/www.lirapopular.cl\/lirapopularxix\/2021\/03\/02\/la-mujer-que-enveneno-al-marido-2\/\">La mujer que envenen\u00f3 al marido<\/a><\/li><li><a href=\"https:\/\/www.lirapopular.cl\/lirapopularxix\/2021\/03\/02\/el-crimen-del-fundo-del-culemar\/\">El crimen del fundo del Culemar<\/a><\/li><li><a href=\"https:\/\/www.lirapopular.cl\/lirapopularxix\/2021\/03\/02\/el-crimen-de-laura-gonzales\/\">El crimen de Laura Gonz\u00e1lez<\/a><\/li><li><a href=\"https:\/\/www.lirapopular.cl\/lirapopularxix\/2021\/03\/02\/ultimos-momentosde-la-ejecucion-de-vergara\/\">\u00daltimos momentos de la ejecuci\u00f3n de Vergara<\/a><\/li><li><a href=\"https:\/\/www.lirapopular.cl\/lirapopularxix\/2021\/03\/02\/el-reo-vergara-camina-haciaal-banquillo\/\">El reo Vergara camina hacia el banquillo<\/a><\/li><li><a href=\"https:\/\/www.lirapopular.cl\/lirapopularxix\/2021\/03\/02\/atribulacion-de-la-madre\/\">Atribulaci\u00f3n de la madre del infortunado Ismael Vergara al ver que su hijo no se libra del pat\u00edbulo<\/a><\/li><li><a href=\"https:\/\/www.lirapopular.cl\/lirapopularxix\/2021\/03\/02\/a-lo-divino-8\/\">A lo divino<\/a><\/li><li><a href=\"https:\/\/www.lirapopular.cl\/lirapopularxix\/2021\/03\/02\/astronomia-10\/\">Astronom\u00eda<\/a><\/li><li><a href=\"https:\/\/www.lirapopular.cl\/lirapopularxix\/2021\/03\/02\/literatura-16\/\">Literatura<\/a><\/li><li><a href=\"https:\/\/www.lirapopular.cl\/lirapopularxix\/2021\/03\/02\/el-reo-vergarapuesto-en-capilla-2\/\">El reo Vergara puesto en capilla<\/a><\/li><li><a href=\"https:\/\/www.lirapopular.cl\/lirapopularxix\/2021\/03\/02\/las-muchachas-alegantes-2\/\">Las muchachas elegantes<\/a><\/li><\/ul>\n\n\n\n<p>Nota: Este ejemplar tiene escrito a mano con l\u00e1piz grafito \u201c179\u201d.<br>Documento optimizado digitalmente.<\/p>\n","protected":false},"excerpt":{"rendered":"<p>Autor: Adolfo Reyes.Impresor: Sin informaci\u00f3nTama\u00f1o: 74,3 x 53,5 cmClasificaci\u00f3n: 179 T153g Caja N\u00b08 El padre que mat\u00f3 al hijo es condenado a muerte Los grandes cr\u00edmenes La mujer muerta a pu\u00f1aladas La mujer que envenen\u00f3 al marido El crimen del fundo del Culemar El crimen de Laura Gonz\u00e1lez \u00daltimos momentos de la ejecuci\u00f3n de Vergara [&hellip;]<\/p>\n","protected":false},"author":1,"featured_media":0,"parent":0,"menu_order":0,"comment_status":"closed","ping_status":"closed","template":"","meta":{"footnotes":""},"class_list":["post-16909","page","type-page","status-publish","hentry"],"jetpack_sharing_enabled":true,"_links":{"self":[{"href":"https:\/\/www.lirapopular.cl\/lirapopularxix\/wp-json\/wp\/v2\/pages\/16909","targetHints":{"allow":["GET"]}}],"collection":[{"href":"https:\/\/www.lirapopular.cl\/lirapopularxix\/wp-json\/wp\/v2\/pages"}],"about":[{"href":"https:\/\/www.lirapopular.cl\/lirapopularxix\/wp-json\/wp\/v2\/types\/page"}],"author":[{"embeddable":true,"href":"https:\/\/www.lirapopular.cl\/lirapopularxix\/wp-json\/wp\/v2\/users\/1"}],"replies":[{"embeddable":true,"href":"https:\/\/www.lirapopular.cl\/lirapopularxix\/wp-json\/wp\/v2\/comments?post=16909"}],"version-history":[{"count":0,"href":"https:\/\/www.lirapopular.cl\/lirapopularxix\/wp-json\/wp\/v2\/pages\/16909\/revisions"}],"wp:attachment":[{"href":"https:\/\/www.lirapopular.cl\/lirapopularxix\/wp-json\/wp\/v2\/media?parent=16909"}],"curies":[{"name":"wp","href":"https:\/\/api.w.org\/{rel}","templated":true}]}}