{"id":16872,"date":"2021-03-02T09:35:37","date_gmt":"2021-03-02T13:35:37","guid":{"rendered":"https:\/\/www.lirapopular.cl\/lirapopularxix\/?page_id=16872"},"modified":"2021-03-02T09:35:37","modified_gmt":"2021-03-02T13:35:37","slug":"espantoso-sacrilejio-en-curepto","status":"publish","type":"page","link":"https:\/\/www.lirapopular.cl\/lirapopularxix\/espantoso-sacrilejio-en-curepto\/","title":{"rendered":"ESPANTOSO SACRILEJIO EN CUR[EPTO] <br>Sangriento crimen en Quillota <br>Varios detalles"},"content":{"rendered":"\n<div class=\"wp-block-image\"><figure class=\"alignright size-medium\"><a href=\"https:\/\/www.lirapopular.cl\/lirapopularxix\/wp-content\/uploads\/2021\/03\/Lira_178M-1.jpg\"><img loading=\"lazy\" decoding=\"async\" width=\"215\" height=\"300\" src=\"https:\/\/www.lirapopular.cl\/lirapopularxix\/wp-content\/uploads\/2021\/03\/Lira_178M-1-215x300.jpg\" alt=\"\" class=\"wp-image-16874\" srcset=\"https:\/\/www.lirapopular.cl\/lirapopularxix\/wp-content\/uploads\/2021\/03\/Lira_178M-1-215x300.jpg 215w, https:\/\/www.lirapopular.cl\/lirapopularxix\/wp-content\/uploads\/2021\/03\/Lira_178M-1.jpg 715w\" sizes=\"auto, (max-width: 215px) 100vw, 215px\" \/><\/a><figcaption>Colecci\u00f3n Lira Popular de la<br>Universidad de Chile<\/figcaption><\/figure><\/div>\n\n\n\n<p>Autor: Adolfo Reyes.<br>Impresor: Imp. y Enc. Ercilla, Bandera 21-K<br>Tama\u00f1o: 76,5 x 55 cm<br>Clasificaci\u00f3n: 178 T153e Caja N\u00b08<\/p>\n\n\n\n<ul class=\"wp-block-list\"><li><a href=\"https:\/\/www.lirapopular.cl\/lirapopularxix\/2021\/03\/02\/aviso-importante\/\">\u00a1Aviso importante!<\/a><\/li><li><a href=\"https:\/\/www.lirapopular.cl\/lirapopularxix\/2021\/03\/02\/el-gran-sacrilejio-de-curepto\/\">El gran sacrilegio en Curepto<\/a><\/li><li><a href=\"https:\/\/www.lirapopular.cl\/lirapopularxix\/2021\/03\/02\/horrible-asesinato-en-quillota\/\">Horrible asesinato en Quillota<\/a><\/li><li><a href=\"https:\/\/www.lirapopular.cl\/lirapopularxix\/2021\/03\/02\/la-mujer-que-guardaba-robosen-el-polizon\/\">La mujer que guardaba robos en el poliz\u00f3n<\/a><\/li><li><a href=\"https:\/\/www.lirapopular.cl\/lirapopularxix\/2021\/03\/02\/historia-de-una-brujacontinuacion\/\">Historia de una bruja. Continuaci\u00f3n<\/a><\/li><li><a href=\"https:\/\/www.lirapopular.cl\/lirapopularxix\/2021\/03\/02\/un-matrimonio-curioso\/\">Un matrimonio curioso<\/a><\/li><li><a href=\"https:\/\/www.lirapopular.cl\/lirapopularxix\/2021\/03\/02\/verdades-eternas-4\/\">Verdades eternas<\/a><\/li><li><a href=\"https:\/\/www.lirapopular.cl\/lirapopularxix\/2021\/03\/02\/a-lo-divino-7\/\">A lo divino<\/a><\/li><li><a href=\"https:\/\/www.lirapopular.cl\/lirapopularxix\/2021\/03\/02\/verso-de-amor-11\/\">Verso de amor<\/a><\/li><li><a href=\"https:\/\/www.lirapopular.cl\/lirapopularxix\/2021\/03\/02\/astronomia-9\/\">Astronom\u00eda<\/a><\/li><li><a href=\"https:\/\/www.lirapopular.cl\/lirapopularxix\/2021\/03\/02\/contra-punto-de-d-jorje-montcon-don-jose-manuel-balmacedaiii\/\">Contra-punto de d. Jorge Montt con don Jos\u00e9 Manuel Balmaceda.<\/a><\/li><\/ul>\n\n\n\n<p>Nota: Este ejemplar tiene escrito a mano con l\u00e1piz grafito \u201c171\/178\u201d.<br>Documento optimizado digitalmente.<\/p>\n","protected":false},"excerpt":{"rendered":"<p>Autor: Adolfo Reyes.Impresor: Imp. y Enc. Ercilla, Bandera 21-KTama\u00f1o: 76,5 x 55 cmClasificaci\u00f3n: 178 T153e Caja N\u00b08 \u00a1Aviso importante! El gran sacrilegio en Curepto Horrible asesinato en Quillota La mujer que guardaba robos en el poliz\u00f3n Historia de una bruja. Continuaci\u00f3n Un matrimonio curioso Verdades eternas A lo divino Verso de amor Astronom\u00eda Contra-punto de [&hellip;]<\/p>\n","protected":false},"author":1,"featured_media":0,"parent":0,"menu_order":0,"comment_status":"closed","ping_status":"closed","template":"","meta":{"footnotes":""},"class_list":["post-16872","page","type-page","status-publish","hentry"],"jetpack_sharing_enabled":true,"_links":{"self":[{"href":"https:\/\/www.lirapopular.cl\/lirapopularxix\/wp-json\/wp\/v2\/pages\/16872","targetHints":{"allow":["GET"]}}],"collection":[{"href":"https:\/\/www.lirapopular.cl\/lirapopularxix\/wp-json\/wp\/v2\/pages"}],"about":[{"href":"https:\/\/www.lirapopular.cl\/lirapopularxix\/wp-json\/wp\/v2\/types\/page"}],"author":[{"embeddable":true,"href":"https:\/\/www.lirapopular.cl\/lirapopularxix\/wp-json\/wp\/v2\/users\/1"}],"replies":[{"embeddable":true,"href":"https:\/\/www.lirapopular.cl\/lirapopularxix\/wp-json\/wp\/v2\/comments?post=16872"}],"version-history":[{"count":0,"href":"https:\/\/www.lirapopular.cl\/lirapopularxix\/wp-json\/wp\/v2\/pages\/16872\/revisions"}],"wp:attachment":[{"href":"https:\/\/www.lirapopular.cl\/lirapopularxix\/wp-json\/wp\/v2\/media?parent=16872"}],"curies":[{"name":"wp","href":"https:\/\/api.w.org\/{rel}","templated":true}]}}