{"id":1685,"date":"2019-07-18T16:09:17","date_gmt":"2019-07-18T20:09:17","guid":{"rendered":"https:\/\/www.lirapopular.cl\/lirapopularxix\/?page_id=1685"},"modified":"2019-07-18T16:09:17","modified_gmt":"2019-07-18T20:09:17","slug":"trajedia-sangrientala-nina-que-mato-al-novio-de-30-punaladas","status":"publish","type":"page","link":"https:\/\/www.lirapopular.cl\/lirapopularxix\/trajedia-sangrientala-nina-que-mato-al-novio-de-30-punaladas\/","title":{"rendered":"TRAJEDIA SANGRIENTA<br>La ni\u00f1a que mat\u00f3 al novio de 30 pu\u00f1aladas"},"content":{"rendered":"\n<div class=\"wp-block-image\"><figure class=\"alignright size-medium\"><a href=\"https:\/\/www.lirapopular.cl\/lirapopularxix\/wp-content\/uploads\/2019\/11\/557.jpg\"><img loading=\"lazy\" decoding=\"async\" width=\"212\" height=\"300\" src=\"https:\/\/www.lirapopular.cl\/lirapopularxix\/wp-content\/uploads\/2019\/11\/557-212x300.jpg\" alt=\"\" class=\"wp-image-4613\" srcset=\"https:\/\/www.lirapopular.cl\/lirapopularxix\/wp-content\/uploads\/2019\/11\/557-212x300.jpg 212w, https:\/\/www.lirapopular.cl\/lirapopularxix\/wp-content\/uploads\/2019\/11\/557.jpg 707w\" sizes=\"auto, (max-width: 212px) 100vw, 212px\" \/><\/a><figcaption>Colecci\u00f3n Lira Popular de la Universidad de Chile<\/figcaption><\/figure><\/div>\n\n\n\n<p>Autor: El Tamayino<br>Impresor: Sin informaci\u00f3n<br>Tama\u00f1o: 53 x 37,2 cm<br>Clasificaci\u00f3n: 557 T153s Caja N\u00b010a, 710 T765 Caja N\u00b012a<\/p>\n\n\n\n<ul class=\"wp-block-list\"><li><a href=\"https:\/\/www.lirapopular.cl\/lirapopularxix\/2019\/07\/18\/la-nina-que-mato-al-novio-de-30-punaladas-por-celos\/\">La ni\u00f1a que mat\u00f3 al novio de 30 pu\u00f1aladas por celos<\/a><\/li><li><a href=\"https:\/\/www.lirapopular.cl\/lirapopularxix\/2019\/07\/18\/drama-horroroso-en-la-calle-de-molina\/\">Drama horroroso en la calle de Molina<\/a><\/li><li><a href=\"https:\/\/www.lirapopular.cl\/lirapopularxix\/2019\/07\/18\/desprecio-por-la-antigua-cuarteta\/\">Desprecio por la antigua cuarteta<\/a><\/li><li><a href=\"https:\/\/www.lirapopular.cl\/lirapopularxix\/2019\/07\/18\/verdades-eternas-2\/\">Verdades eternas<\/a><\/li><li><a href=\"https:\/\/www.lirapopular.cl\/lirapopularxix\/2019\/07\/18\/contrapunto-de-un-chileno-con-un-cuyano\/\">Contra-punto de un chileno con un cuyano<\/a><\/li><\/ul>\n\n\n\n<p>Nota: El 1er ejemplar tiene escrito a mano con l\u00e1piz rojo \u201c557\u201d<br>El 2\u00ba tiene escrito a mano con l\u00e1piz rojo \u201c710\u201d<br>El Archivo Central clasific\u00f3 el documento 557 como de El Tamayino y el 710 como An\u00f3nimo.<\/p>\n\n\n\n<div class=\"wp-block-image\"><figure class=\"alignright size-medium\"><a href=\"https:\/\/www.lirapopular.cl\/lirapopularxix\/wp-content\/uploads\/2019\/07\/710.jpg\"><img loading=\"lazy\" decoding=\"async\" width=\"213\" height=\"300\" src=\"https:\/\/www.lirapopular.cl\/lirapopularxix\/wp-content\/uploads\/2019\/07\/710-213x300.jpg\" alt=\"\" class=\"wp-image-1687\" srcset=\"https:\/\/www.lirapopular.cl\/lirapopularxix\/wp-content\/uploads\/2019\/07\/710-213x300.jpg 213w, https:\/\/www.lirapopular.cl\/lirapopularxix\/wp-content\/uploads\/2019\/07\/710.jpg 710w\" sizes=\"auto, (max-width: 213px) 100vw, 213px\" \/><\/a><figcaption>Colecci\u00f3n Lira Popular de la Universidad de Chile<\/figcaption><\/figure><\/div>\n","protected":false},"excerpt":{"rendered":"<p>Autor: El TamayinoImpresor: Sin informaci\u00f3nTama\u00f1o: 53 x 37,2 cmClasificaci\u00f3n: 557 T153s Caja N\u00b010a, 710 T765 Caja N\u00b012a La ni\u00f1a que mat\u00f3 al novio de 30 pu\u00f1aladas por celos Drama horroroso en la calle de Molina Desprecio por la antigua cuarteta Verdades eternas Contra-punto de un chileno con un cuyano Nota: El 1er ejemplar tiene escrito [&hellip;]<\/p>\n","protected":false},"author":1,"featured_media":0,"parent":0,"menu_order":0,"comment_status":"closed","ping_status":"closed","template":"","meta":{"footnotes":""},"class_list":["post-1685","page","type-page","status-publish","hentry"],"jetpack_sharing_enabled":true,"_links":{"self":[{"href":"https:\/\/www.lirapopular.cl\/lirapopularxix\/wp-json\/wp\/v2\/pages\/1685","targetHints":{"allow":["GET"]}}],"collection":[{"href":"https:\/\/www.lirapopular.cl\/lirapopularxix\/wp-json\/wp\/v2\/pages"}],"about":[{"href":"https:\/\/www.lirapopular.cl\/lirapopularxix\/wp-json\/wp\/v2\/types\/page"}],"author":[{"embeddable":true,"href":"https:\/\/www.lirapopular.cl\/lirapopularxix\/wp-json\/wp\/v2\/users\/1"}],"replies":[{"embeddable":true,"href":"https:\/\/www.lirapopular.cl\/lirapopularxix\/wp-json\/wp\/v2\/comments?post=1685"}],"version-history":[{"count":0,"href":"https:\/\/www.lirapopular.cl\/lirapopularxix\/wp-json\/wp\/v2\/pages\/1685\/revisions"}],"wp:attachment":[{"href":"https:\/\/www.lirapopular.cl\/lirapopularxix\/wp-json\/wp\/v2\/media?parent=1685"}],"curies":[{"name":"wp","href":"https:\/\/api.w.org\/{rel}","templated":true}]}}