{"id":16844,"date":"2021-03-01T09:11:38","date_gmt":"2021-03-01T13:11:38","guid":{"rendered":"https:\/\/www.lirapopular.cl\/lirapopularxix\/?page_id=16844"},"modified":"2021-03-01T09:11:38","modified_gmt":"2021-03-01T13:11:38","slug":"drama-sangriento-2","status":"publish","type":"page","link":"https:\/\/www.lirapopular.cl\/lirapopularxix\/drama-sangriento-2\/","title":{"rendered":"DRAMA SANGRIENTO"},"content":{"rendered":"\n<div class=\"wp-block-image\"><figure class=\"alignright size-medium\"><a href=\"https:\/\/www.lirapopular.cl\/lirapopularxix\/wp-content\/uploads\/2021\/03\/Lira_177M.jpg\"><img loading=\"lazy\" decoding=\"async\" width=\"222\" height=\"300\" src=\"https:\/\/www.lirapopular.cl\/lirapopularxix\/wp-content\/uploads\/2021\/03\/Lira_177M-222x300.jpg\" alt=\"\" class=\"wp-image-16845\" srcset=\"https:\/\/www.lirapopular.cl\/lirapopularxix\/wp-content\/uploads\/2021\/03\/Lira_177M-222x300.jpg 222w, https:\/\/www.lirapopular.cl\/lirapopularxix\/wp-content\/uploads\/2021\/03\/Lira_177M.jpg 739w\" sizes=\"auto, (max-width: 222px) 100vw, 222px\" \/><\/a><figcaption>Colecci\u00f3n Lira Popular de la<br>Universidad de Chile<\/figcaption><\/figure><\/div>\n\n\n\n<p>Autor: Adolfo Reyes.<br>Impresor: Sin informaci\u00f3n<br>Tama\u00f1o: 53 x 37,3 cm<br>Clasificaci\u00f3n: 177 T153d Caja N\u00b08<\/p>\n\n\n\n<ul class=\"wp-block-list\"><li><a href=\"https:\/\/www.lirapopular.cl\/lirapopularxix\/2021\/03\/01\/drama-sangrientolos-tres-grandes-asesinatos-en-elsalteo-de-lumaco\/\">Drama sangriento. Los tres grandes asesinatos en el salteo de Lumaco<\/a><\/li><li><a href=\"https:\/\/www.lirapopular.cl\/lirapopularxix\/2021\/03\/01\/el-lacho-que-matoa-su-querida-porque-la-pillocon-otro\/\">El lacho que mat\u00f3 a su querida porque la pill\u00f3 con otro<\/a><\/li><li><a href=\"https:\/\/www.lirapopular.cl\/lirapopularxix\/2021\/03\/01\/literatura-15\/\">Literatura<\/a><\/li><li><a href=\"https:\/\/www.lirapopular.cl\/lirapopularxix\/2021\/03\/01\/los-brindis-de-uncuadrino-2\/\">Los brindis de un cuadrino<\/a><\/li><li><a href=\"https:\/\/www.lirapopular.cl\/lirapopularxix\/2021\/03\/01\/brindis-de-una-placina-2\/\">Brindis de una placina<\/a><\/li><li><a href=\"https:\/\/www.lirapopular.cl\/lirapopularxix\/2021\/03\/01\/puro-amor-2\/\">Puro amor<\/a><\/li><li><a href=\"https:\/\/www.lirapopular.cl\/lirapopularxix\/2021\/03\/01\/disculpacion-a-mi-colegarolak\/\">Disculpaci\u00f3n a mi colega Rolak<\/a><\/li><li><a href=\"https:\/\/www.lirapopular.cl\/lirapopularxix\/2021\/03\/01\/drama-sangrientoen-la-calle-de-san-ignacio\/\">Drama sangriento en la calle de San Ignacio<\/a><\/li><li><a href=\"https:\/\/www.lirapopular.cl\/lirapopularxix\/2021\/03\/01\/el-que-le-corto-la-orejaa-una-nina\/\">El que le cort\u00f3 la oreja a una ni\u00f1a<\/a><\/li><li><a href=\"https:\/\/www.lirapopular.cl\/lirapopularxix\/2021\/03\/01\/sentimiento-de-amor-3\/\">Sentimiento de amor.<\/a><\/li><\/ul>\n\n\n\n<p>Nota: Este ejemplar tiene escrito a mano con l\u00e1piz grafito \u201c170\/177\u201d.<br>Se trasluce un texto manuscrito en el reverso.<br>Documento optimizado digitalmente.<\/p>\n","protected":false},"excerpt":{"rendered":"<p>Autor: Adolfo Reyes.Impresor: Sin informaci\u00f3nTama\u00f1o: 53 x 37,3 cmClasificaci\u00f3n: 177 T153d Caja N\u00b08 Drama sangriento. Los tres grandes asesinatos en el salteo de Lumaco El lacho que mat\u00f3 a su querida porque la pill\u00f3 con otro Literatura Los brindis de un cuadrino Brindis de una placina Puro amor Disculpaci\u00f3n a mi colega Rolak Drama sangriento [&hellip;]<\/p>\n","protected":false},"author":1,"featured_media":0,"parent":0,"menu_order":0,"comment_status":"closed","ping_status":"closed","template":"","meta":{"footnotes":""},"class_list":["post-16844","page","type-page","status-publish","hentry"],"jetpack_sharing_enabled":true,"_links":{"self":[{"href":"https:\/\/www.lirapopular.cl\/lirapopularxix\/wp-json\/wp\/v2\/pages\/16844","targetHints":{"allow":["GET"]}}],"collection":[{"href":"https:\/\/www.lirapopular.cl\/lirapopularxix\/wp-json\/wp\/v2\/pages"}],"about":[{"href":"https:\/\/www.lirapopular.cl\/lirapopularxix\/wp-json\/wp\/v2\/types\/page"}],"author":[{"embeddable":true,"href":"https:\/\/www.lirapopular.cl\/lirapopularxix\/wp-json\/wp\/v2\/users\/1"}],"replies":[{"embeddable":true,"href":"https:\/\/www.lirapopular.cl\/lirapopularxix\/wp-json\/wp\/v2\/comments?post=16844"}],"version-history":[{"count":0,"href":"https:\/\/www.lirapopular.cl\/lirapopularxix\/wp-json\/wp\/v2\/pages\/16844\/revisions"}],"wp:attachment":[{"href":"https:\/\/www.lirapopular.cl\/lirapopularxix\/wp-json\/wp\/v2\/media?parent=16844"}],"curies":[{"name":"wp","href":"https:\/\/api.w.org\/{rel}","templated":true}]}}