{"id":16756,"date":"2021-02-26T16:46:36","date_gmt":"2021-02-26T20:46:36","guid":{"rendered":"https:\/\/www.lirapopular.cl\/lirapopularxix\/?page_id=16756"},"modified":"2021-02-26T16:46:36","modified_gmt":"2021-02-26T20:46:36","slug":"los-asesinos-del-italiano-freddi","status":"publish","type":"page","link":"https:\/\/www.lirapopular.cl\/lirapopularxix\/los-asesinos-del-italiano-freddi\/","title":{"rendered":"LOS ASESINOS DEL ITALIANO FREDDI <br>Gran suceso en Valparaiso: el hombre que se trag\u00f3 <br>un culebron"},"content":{"rendered":"\n<div class=\"wp-block-image\"><figure class=\"alignright size-medium\"><a href=\"https:\/\/www.lirapopular.cl\/lirapopularxix\/wp-content\/uploads\/2021\/02\/Lira_173M.jpg\"><img loading=\"lazy\" decoding=\"async\" width=\"221\" height=\"300\" src=\"https:\/\/www.lirapopular.cl\/lirapopularxix\/wp-content\/uploads\/2021\/02\/Lira_173M-221x300.jpg\" alt=\"\" class=\"wp-image-16759\" srcset=\"https:\/\/www.lirapopular.cl\/lirapopularxix\/wp-content\/uploads\/2021\/02\/Lira_173M-221x300.jpg 221w, https:\/\/www.lirapopular.cl\/lirapopularxix\/wp-content\/uploads\/2021\/02\/Lira_173M.jpg 735w\" sizes=\"auto, (max-width: 221px) 100vw, 221px\" \/><\/a><figcaption>Colecci\u00f3n Lira Popular de la<br>Universidad de Chile<\/figcaption><\/figure><\/div>\n\n\n\n<p>Autores: Adolfo Reyes y El Tamayino<br>Impresor: Sin informaci\u00f3n<br>Tama\u00f1o: 52,9 x 37,3 cm<br>Clasificaci\u00f3n: 173 T153a Caja N\u00b08, BN C\u00f3digo:&nbsp;LO0012201, BN C\u00f3digo:&nbsp;LO0012558<\/p>\n\n\n\n<ul class=\"wp-block-list\"><li><a href=\"https:\/\/www.lirapopular.cl\/lirapopularxix\/2021\/02\/26\/los-asesinos-del-ltaliano-freddi\/\">Los asesinos del italiano Freddi<\/a><\/li><li><a href=\"https:\/\/www.lirapopular.cl\/lirapopularxix\/2021\/02\/26\/carta-de-los-reos-pidiendo-el-indultoa-s-e-don-jorje-montt\/\">Carta de los reos pidiendo el indulto a S. E. don Jorge Montt<\/a><\/li><li><a href=\"https:\/\/www.lirapopular.cl\/lirapopularxix\/2021\/02\/26\/el-hombre-que-se-trago-una-culebraen-valparaiso\/\">El hombre que se trag\u00f3 un culebr\u00f3n en Valpara\u00edso<\/a><\/li><li><a href=\"https:\/\/www.lirapopular.cl\/lirapopularxix\/2021\/02\/26\/remedio-eficazpara-castigar-a-la-mujer-celosa-2\/\">Remedio eficaz para castigar a la mujer celosa<\/a><\/li><li><a href=\"https:\/\/www.lirapopular.cl\/lirapopularxix\/2021\/02\/26\/la-mujer-cuentista-3\/\">La mujer cuentista.<\/a><\/li><\/ul>\n\n\n\n<p><span class=\"has-inline-color has-white-color\">.<\/span><\/p>\n\n\n\n<p><span class=\"has-inline-color has-white-color\">.<\/span><\/p>\n\n\n\n<div class=\"wp-block-image\"><figure class=\"alignright size-medium\"><a href=\"https:\/\/www.lirapopular.cl\/lirapopularxix\/wp-content\/uploads\/2021\/03\/LO0012201.jpg\"><img loading=\"lazy\" decoding=\"async\" width=\"208\" height=\"300\" src=\"https:\/\/www.lirapopular.cl\/lirapopularxix\/wp-content\/uploads\/2021\/03\/LO0012201-208x300.jpg\" alt=\"\" class=\"wp-image-17703\" srcset=\"https:\/\/www.lirapopular.cl\/lirapopularxix\/wp-content\/uploads\/2021\/03\/LO0012201-208x300.jpg 208w, https:\/\/www.lirapopular.cl\/lirapopularxix\/wp-content\/uploads\/2021\/03\/LO0012201.jpg 694w\" sizes=\"auto, (max-width: 208px) 100vw, 208px\" \/><\/a><figcaption>Archivo de Literatura Oral<br>Fondo Rodolfo Lenz<\/figcaption><\/figure><\/div>\n\n\n\n<p>Nota: El 1er ejemplar tiene escrito a mano con l\u00e1piz grafito \u201c166\/173\u201d.<br>El 2\u00ba ejemplar tiene escrito a mano con l\u00e1piz azul \u201c-33-\u201d y con un timbre &#8220;0402&#8221;.<br>El 3er ejemplar tiene escrito a mano con l\u00e1piz azul \u201c18&#8243; y con plum\u00f3n &#8220;232&#8221;<br>Documentos optimizados digitalmente.<\/p>\n\n\n\n<p><span class=\"has-inline-color has-white-color\">.<\/span><\/p>\n\n\n\n<p><span class=\"has-inline-color has-white-color\">.<\/span><\/p>\n\n\n\n<p><span class=\"has-inline-color has-white-color\">.<\/span><\/p>\n\n\n\n<p><span class=\"has-inline-color has-white-color\">.<\/span><\/p>\n\n\n\n<p><span class=\"has-inline-color has-white-color\">.<\/span><\/p>\n\n\n\n<p><span class=\"has-inline-color has-white-color\">.<\/span><\/p>\n\n\n\n<div class=\"wp-block-image\"><figure class=\"alignright size-medium\"><a href=\"https:\/\/www.lirapopular.cl\/lirapopularxix\/wp-content\/uploads\/2021\/03\/LO0012558.jpg\"><img decoding=\"async\" src=\"https:\/\/www.lirapopular.cl\/lirapopularxix\/wp-content\/uploads\/2021\/03\/LO0012558-213x300.jpg\" alt=\"\" class=\"wp-image-17706\"\/><\/a><figcaption>Archivo de Literatura Oral<br>Colecci\u00f3n Alamiro de \u00c1vila<\/figcaption><\/figure><\/div>\n","protected":false},"excerpt":{"rendered":"<p>Autores: Adolfo Reyes y El TamayinoImpresor: Sin informaci\u00f3nTama\u00f1o: 52,9 x 37,3 cmClasificaci\u00f3n: 173 T153a Caja N\u00b08, BN C\u00f3digo:&nbsp;LO0012201, BN C\u00f3digo:&nbsp;LO0012558 Los asesinos del italiano Freddi Carta de los reos pidiendo el indulto a S. E. don Jorge Montt El hombre que se trag\u00f3 un culebr\u00f3n en Valpara\u00edso Remedio eficaz para castigar a la mujer celosa [&hellip;]<\/p>\n","protected":false},"author":1,"featured_media":0,"parent":0,"menu_order":0,"comment_status":"closed","ping_status":"closed","template":"","meta":{"footnotes":""},"class_list":["post-16756","page","type-page","status-publish","hentry"],"jetpack_sharing_enabled":true,"_links":{"self":[{"href":"https:\/\/www.lirapopular.cl\/lirapopularxix\/wp-json\/wp\/v2\/pages\/16756","targetHints":{"allow":["GET"]}}],"collection":[{"href":"https:\/\/www.lirapopular.cl\/lirapopularxix\/wp-json\/wp\/v2\/pages"}],"about":[{"href":"https:\/\/www.lirapopular.cl\/lirapopularxix\/wp-json\/wp\/v2\/types\/page"}],"author":[{"embeddable":true,"href":"https:\/\/www.lirapopular.cl\/lirapopularxix\/wp-json\/wp\/v2\/users\/1"}],"replies":[{"embeddable":true,"href":"https:\/\/www.lirapopular.cl\/lirapopularxix\/wp-json\/wp\/v2\/comments?post=16756"}],"version-history":[{"count":0,"href":"https:\/\/www.lirapopular.cl\/lirapopularxix\/wp-json\/wp\/v2\/pages\/16756\/revisions"}],"wp:attachment":[{"href":"https:\/\/www.lirapopular.cl\/lirapopularxix\/wp-json\/wp\/v2\/media?parent=16756"}],"curies":[{"name":"wp","href":"https:\/\/api.w.org\/{rel}","templated":true}]}}