{"id":1675,"date":"2019-07-17T22:02:36","date_gmt":"2019-07-18T02:02:36","guid":{"rendered":"https:\/\/www.lirapopular.cl\/lirapopularxix\/?page_id=1675"},"modified":"2019-07-17T22:02:36","modified_gmt":"2019-07-18T02:02:36","slug":"viva-chile","status":"publish","type":"page","link":"https:\/\/www.lirapopular.cl\/lirapopularxix\/viva-chile\/","title":{"rendered":"\u00a1Viva Chile!"},"content":{"rendered":"\n<div class=\"wp-block-image\"><figure class=\"alignright\"><a href=\"https:\/\/www.lirapopular.cl\/lirapopularxix\/wp-content\/uploads\/2019\/07\/668.jpg\"><img loading=\"lazy\" decoding=\"async\" width=\"161\" height=\"300\" src=\"https:\/\/www.lirapopular.cl\/lirapopularxix\/wp-content\/uploads\/2019\/07\/668-161x300.jpg\" alt=\"\" class=\"wp-image-1676\" srcset=\"https:\/\/www.lirapopular.cl\/lirapopularxix\/wp-content\/uploads\/2019\/07\/668-161x300.jpg 161w, https:\/\/www.lirapopular.cl\/lirapopularxix\/wp-content\/uploads\/2019\/07\/668.jpg 538w\" sizes=\"auto, (max-width: 161px) 100vw, 161px\" \/><\/a><figcaption>Colecci\u00f3n Lira Popular de la Universidad de Chile<\/figcaption><\/figure><\/div>\n\n\n\n<p>Autor: J. E. Soto<br>Impresor: Sin informaci\u00f3n<br>Tama\u00f1o: 28,7 x 15 cm<br>Clasificaci\u00f3n: 668 S718 Caja N\u00b03a<\/p>\n\n\n\n<ul class=\"wp-block-list\"><li><a href=\"https:\/\/www.lirapopular.cl\/lirapopularxix\/2019\/07\/17\/gran-combate-en-agua-santa-por-6000-chilenos-contra-11000-enemigos\/\">Gran combate en Agua Santa<\/a><\/li><li><a href=\"https:\/\/www.lirapopular.cl\/lirapopularxix\/2019\/07\/17\/captura-de-la-pilcomayo-por-el-blanco-encalada\/\">Captura de la Pilcomayo<\/a><\/li><\/ul>\n\n\n\n<p>Nota: Este ejemplar tiene escrito a mano con l\u00e1piz rojo \u201c668\u201d<\/p>\n\n\n\n<p>Firmado como J. E. Soto, suponemos que es Jos\u00e9 Epitacio Soto, que adem\u00e1s tiene la misma tem\u00e1tica.<\/p>\n","protected":false},"excerpt":{"rendered":"<p>Autor: J. E. SotoImpresor: Sin informaci\u00f3nTama\u00f1o: 28,7 x 15 cmClasificaci\u00f3n: 668 S718 Caja N\u00b03a Gran combate en Agua Santa Captura de la Pilcomayo Nota: Este ejemplar tiene escrito a mano con l\u00e1piz rojo \u201c668\u201d Firmado como J. E. Soto, suponemos que es Jos\u00e9 Epitacio Soto, que adem\u00e1s tiene la misma tem\u00e1tica.<\/p>\n","protected":false},"author":1,"featured_media":0,"parent":0,"menu_order":0,"comment_status":"closed","ping_status":"closed","template":"","meta":{"footnotes":""},"class_list":["post-1675","page","type-page","status-publish","hentry"],"jetpack_sharing_enabled":true,"_links":{"self":[{"href":"https:\/\/www.lirapopular.cl\/lirapopularxix\/wp-json\/wp\/v2\/pages\/1675","targetHints":{"allow":["GET"]}}],"collection":[{"href":"https:\/\/www.lirapopular.cl\/lirapopularxix\/wp-json\/wp\/v2\/pages"}],"about":[{"href":"https:\/\/www.lirapopular.cl\/lirapopularxix\/wp-json\/wp\/v2\/types\/page"}],"author":[{"embeddable":true,"href":"https:\/\/www.lirapopular.cl\/lirapopularxix\/wp-json\/wp\/v2\/users\/1"}],"replies":[{"embeddable":true,"href":"https:\/\/www.lirapopular.cl\/lirapopularxix\/wp-json\/wp\/v2\/comments?post=1675"}],"version-history":[{"count":0,"href":"https:\/\/www.lirapopular.cl\/lirapopularxix\/wp-json\/wp\/v2\/pages\/1675\/revisions"}],"wp:attachment":[{"href":"https:\/\/www.lirapopular.cl\/lirapopularxix\/wp-json\/wp\/v2\/media?parent=1675"}],"curies":[{"name":"wp","href":"https:\/\/api.w.org\/{rel}","templated":true}]}}