{"id":16734,"date":"2021-02-26T11:00:08","date_gmt":"2021-02-26T15:00:08","guid":{"rendered":"https:\/\/www.lirapopular.cl\/lirapopularxix\/?page_id=16734"},"modified":"2021-02-26T11:00:08","modified_gmt":"2021-02-26T15:00:08","slug":"ultimos-momentos-del-reo-ismael-vergara","status":"publish","type":"page","link":"https:\/\/www.lirapopular.cl\/lirapopularxix\/ultimos-momentos-del-reo-ismael-vergara\/","title":{"rendered":"\u00daltimos momentos del reo ISMAEL VERGARA <br>Puesto en capilla"},"content":{"rendered":"\n<div class=\"wp-block-image\"><figure class=\"alignright size-medium\"><a href=\"https:\/\/www.lirapopular.cl\/lirapopularxix\/wp-content\/uploads\/2021\/02\/Lira_172M.jpg\"><img loading=\"lazy\" decoding=\"async\" width=\"218\" height=\"300\" src=\"https:\/\/www.lirapopular.cl\/lirapopularxix\/wp-content\/uploads\/2021\/02\/Lira_172M-218x300.jpg\" alt=\"\" class=\"wp-image-16731\" srcset=\"https:\/\/www.lirapopular.cl\/lirapopularxix\/wp-content\/uploads\/2021\/02\/Lira_172M-218x300.jpg 218w, https:\/\/www.lirapopular.cl\/lirapopularxix\/wp-content\/uploads\/2021\/02\/Lira_172M.jpg 726w\" sizes=\"auto, (max-width: 218px) 100vw, 218px\" \/><\/a><figcaption>Colecci\u00f3n Lira Popular de la<br>Universidad de Chile<\/figcaption><\/figure><\/div>\n\n\n\n<p>Autores: Adolfo Reyes y El Tamayino<br>Impresor: Sin informaci\u00f3n<br>Tama\u00f1o: 53,2 x 37,2 cm<br>Clasificaci\u00f3n: 172 T153u Caja N\u00b08, BN C\u00f3digo:\u00a0LO0012198<\/p>\n\n\n\n<ul class=\"wp-block-list\" id=\"block-05f9ec42-ecc1-42e0-a6e2-561be85ba1f4\"><li><a href=\"https:\/\/www.lirapopular.cl\/lirapopularxix\/2021\/02\/26\/el-reo-ismael-vergarase-le-niega-el-indulto-por-el-consejode-estado\/\">El reo Ismael Vergara. Se le niega el indulto por el Consejo de Estado<\/a><\/li><li><a href=\"https:\/\/www.lirapopular.cl\/lirapopularxix\/2021\/02\/26\/el-reo-vergarapuesto-en-capilla\/\">El reo Vergara puesto en capilla<\/a><\/li><li><a href=\"https:\/\/www.lirapopular.cl\/lirapopularxix\/2021\/02\/26\/versos-de-amor-19\/\">Versos de amor<\/a><\/li><li><a href=\"https:\/\/www.lirapopular.cl\/lirapopularxix\/2021\/02\/26\/las-muchachas-alegantes\/\">Las muchachas elegantes<\/a><\/li><li><a href=\"https:\/\/www.lirapopular.cl\/lirapopularxix\/2021\/02\/26\/el-envenenamientode-la-calle-de-san-alfonso\/\">El envenenamiento de la calle San Alfonso.<\/a><\/li><\/ul>\n\n\n\n<p>Nota: El 1er ejemplar tiene escrito a mano con l\u00e1piz grafito \u201c165\/172\u201d.<br>El 2\u00ba ejemplar tiene escrito a mano con l\u00e1piz azul \u201c-30-\u201d, con l\u00e1piz grafito &#8220;37&#8221; y con un timbre &#8220;-303&#8221;.<br>Por la informaci\u00f3n sobre Ismael Vergara, esta lira ser\u00eda de 1893.<br>Documentos optimizados digitalmente.<\/p>\n\n\n\n<div class=\"wp-block-image\"><figure class=\"alignright size-medium\"><a href=\"https:\/\/www.lirapopular.cl\/lirapopularxix\/wp-content\/uploads\/2021\/03\/LO0012198.jpg\"><img decoding=\"async\" src=\"https:\/\/www.lirapopular.cl\/lirapopularxix\/wp-content\/uploads\/2021\/03\/LO0012198-207x300.jpg\" alt=\"\" class=\"wp-image-17766\"\/><\/a><figcaption>Archivo de Literatura Oral<br>Fondo Rodolfo Lenz<\/figcaption><\/figure><\/div>\n","protected":false},"excerpt":{"rendered":"<p>Autores: Adolfo Reyes y El TamayinoImpresor: Sin informaci\u00f3nTama\u00f1o: 53,2 x 37,2 cmClasificaci\u00f3n: 172 T153u Caja N\u00b08, BN C\u00f3digo:\u00a0LO0012198 El reo Ismael Vergara. Se le niega el indulto por el Consejo de Estado El reo Vergara puesto en capilla Versos de amor Las muchachas elegantes El envenenamiento de la calle San Alfonso. Nota: El 1er ejemplar [&hellip;]<\/p>\n","protected":false},"author":1,"featured_media":0,"parent":0,"menu_order":0,"comment_status":"closed","ping_status":"closed","template":"","meta":{"footnotes":""},"class_list":["post-16734","page","type-page","status-publish","hentry"],"jetpack_sharing_enabled":true,"_links":{"self":[{"href":"https:\/\/www.lirapopular.cl\/lirapopularxix\/wp-json\/wp\/v2\/pages\/16734","targetHints":{"allow":["GET"]}}],"collection":[{"href":"https:\/\/www.lirapopular.cl\/lirapopularxix\/wp-json\/wp\/v2\/pages"}],"about":[{"href":"https:\/\/www.lirapopular.cl\/lirapopularxix\/wp-json\/wp\/v2\/types\/page"}],"author":[{"embeddable":true,"href":"https:\/\/www.lirapopular.cl\/lirapopularxix\/wp-json\/wp\/v2\/users\/1"}],"replies":[{"embeddable":true,"href":"https:\/\/www.lirapopular.cl\/lirapopularxix\/wp-json\/wp\/v2\/comments?post=16734"}],"version-history":[{"count":0,"href":"https:\/\/www.lirapopular.cl\/lirapopularxix\/wp-json\/wp\/v2\/pages\/16734\/revisions"}],"wp:attachment":[{"href":"https:\/\/www.lirapopular.cl\/lirapopularxix\/wp-json\/wp\/v2\/media?parent=16734"}],"curies":[{"name":"wp","href":"https:\/\/api.w.org\/{rel}","templated":true}]}}